{"id":3577,"date":"2022-10-21T00:58:43","date_gmt":"2022-10-21T08:58:43","guid":{"rendered":"https:\/\/hpott.com\/?post_type=product&#038;p=3577"},"modified":"2023-06-15T02:03:31","modified_gmt":"2023-06-15T10:03:31","slug":"1700-w-elektrischer-koreanischer-bbq-grill-fur-den-innenbereich","status":"publish","type":"product","link":"https:\/\/hpott.com\/de\/produkt\/1700-w-elektrischer-koreanischer-bbq-grill-fur-den-innenbereich\/","title":{"rendered":"1700 W elektrischer koreanischer BBQ-Grill f\u00fcr den Innenbereich"},"content":{"rendered":"<p><strong>Produktgr\u00f6\u00dfe: <\/strong>345 x 290 x 300 mm<br \/>\n<strong>Grillmaschenweite: <\/strong>250 x 160 mm<br \/>\n<strong>Leistung: <\/strong>1700 W<br \/>\n<strong>Lochgr\u00f6\u00dfe: <\/strong>320 x 265 mm<\/p>\n<p><strong>Material: <\/strong>Edelstahl<\/p>","protected":false},"excerpt":{"rendered":"<p><strong>Produkt ID<\/strong>: HP-E345<\/p>\n<p>Dieses Modell ist f\u00fcr eine Person und kann als Rauchabzugssystem verwendet werden<\/p>","protected":false},"featured_media":5138,"template":"","meta":{"_acf_changed":false,"_seopress_robots_primary_cat":"none","_seopress_titles_title":"","_seopress_titles_desc":"","_seopress_robots_index":""},"product_brand":[],"product_cat":[37,36],"product_tag":[],"class_list":{"0":"post-3577","1":"product","2":"type-product","3":"status-publish","4":"has-post-thumbnail","6":"product_cat-bbq-grill","7":"product_cat-electric-bbq-grill","9":"first","10":"instock","11":"shipping-taxable","12":"product-type-simple"},"acf":[],"_links":{"self":[{"href":"https:\/\/hpott.com\/de\/wp-json\/wp\/v2\/product\/3577","targetHints":{"allow":["GET"]}}],"collection":[{"href":"https:\/\/hpott.com\/de\/wp-json\/wp\/v2\/product"}],"about":[{"href":"https:\/\/hpott.com\/de\/wp-json\/wp\/v2\/types\/product"}],"wp:featuredmedia":[{"embeddable":true,"href":"https:\/\/hpott.com\/de\/wp-json\/wp\/v2\/media\/5138"}],"wp:attachment":[{"href":"https:\/\/hpott.com\/de\/wp-json\/wp\/v2\/media?parent=3577"}],"wp:term":[{"taxonomy":"product_brand","embeddable":true,"href":"https:\/\/hpott.com\/de\/wp-json\/wp\/v2\/product_brand?post=3577"},{"taxonomy":"product_cat","embeddable":true,"href":"https:\/\/hpott.com\/de\/wp-json\/wp\/v2\/product_cat?post=3577"},{"taxonomy":"product_tag","embeddable":true,"href":"https:\/\/hpott.com\/de\/wp-json\/wp\/v2\/product_tag?post=3577"}],"curies":[{"name":"wp","href":"https:\/\/api.w.org\/{rel}","templated":true}]}}