{"id":3596,"date":"2022-10-21T01:40:13","date_gmt":"2022-10-21T09:40:13","guid":{"rendered":"https:\/\/hpott.com\/?post_type=product&#038;p=3596"},"modified":"2023-07-08T01:10:39","modified_gmt":"2023-07-08T09:10:39","slug":"2200w-round-black-crystal-tube-korean-bbq-grill","status":"publish","type":"product","link":"https:\/\/hpott.com\/de\/produkt\/2200w-round-black-crystal-tube-korean-bbq-grill\/","title":{"rendered":"Koreanischer BBQ-Yakiniku-Grill, rund, 2200 W, schwarze Kristallr\u00f6hre"},"content":{"rendered":"<p><strong>Produktgr\u00f6\u00dfe: <\/strong>Diameter 420X380mm<br \/>\n<strong>Grillmaschenweite: <\/strong>Diameter 290mm<br \/>\n<strong>Leistung: <\/strong>2200w<br \/>\n<strong>Lochgr\u00f6\u00dfe: <\/strong>Diameter 380mm<\/p>\n<p><strong>Material: <\/strong>Edelstahl<\/p>","protected":false},"excerpt":{"rendered":"<p><strong>Produkt-ID:<\/strong>\u00a0HP-ER420<\/p>\n<p><strong>Farbe: <\/strong>Ros\u00e9gold<\/p>\n<p>This style is one of the more popular on the market and optional grill pan.<\/p>","protected":false},"featured_media":5135,"template":"","meta":{"_acf_changed":false,"_seopress_robots_primary_cat":"none","_seopress_titles_title":"","_seopress_titles_desc":"","_seopress_robots_index":""},"product_brand":[],"product_cat":[37,36],"product_tag":[],"class_list":{"0":"post-3596","1":"product","2":"type-product","3":"status-publish","4":"has-post-thumbnail","6":"product_cat-bbq-grill","7":"product_cat-electric-bbq-grill","9":"first","10":"instock","11":"shipping-taxable","12":"product-type-simple"},"acf":[],"_links":{"self":[{"href":"https:\/\/hpott.com\/de\/wp-json\/wp\/v2\/product\/3596","targetHints":{"allow":["GET"]}}],"collection":[{"href":"https:\/\/hpott.com\/de\/wp-json\/wp\/v2\/product"}],"about":[{"href":"https:\/\/hpott.com\/de\/wp-json\/wp\/v2\/types\/product"}],"wp:featuredmedia":[{"embeddable":true,"href":"https:\/\/hpott.com\/de\/wp-json\/wp\/v2\/media\/5135"}],"wp:attachment":[{"href":"https:\/\/hpott.com\/de\/wp-json\/wp\/v2\/media?parent=3596"}],"wp:term":[{"taxonomy":"product_brand","embeddable":true,"href":"https:\/\/hpott.com\/de\/wp-json\/wp\/v2\/product_brand?post=3596"},{"taxonomy":"product_cat","embeddable":true,"href":"https:\/\/hpott.com\/de\/wp-json\/wp\/v2\/product_cat?post=3596"},{"taxonomy":"product_tag","embeddable":true,"href":"https:\/\/hpott.com\/de\/wp-json\/wp\/v2\/product_tag?post=3596"}],"curies":[{"name":"wp","href":"https:\/\/api.w.org\/{rel}","templated":true}]}}