{"id":3625,"date":"2022-10-21T02:50:22","date_gmt":"2022-10-21T10:50:22","guid":{"rendered":"https:\/\/hpott.com\/?post_type=product&#038;p=3625"},"modified":"2023-06-15T01:25:56","modified_gmt":"2023-06-15T09:25:56","slug":"entwerfen-sie-einen-rauchfreien-koreanischen-grill-und-hot-pot-tisch-fur-den-gewerblichen-gebrauch","status":"publish","type":"product","link":"https:\/\/hpott.com\/de\/produkt\/entwerfen-sie-einen-rauchfreien-koreanischen-grill-und-hot-pot-tisch-fur-den-gewerblichen-gebrauch\/","title":{"rendered":"Entwerfen Sie einen rauchfreien koreanischen Grill- und Hot-Pot-Tisch f\u00fcr den gewerblichen Gebrauch"},"content":{"rendered":"<p>Produktgr\u00f6\u00dfe<strong>: <\/strong>1300 x 900 x 750 (Gr\u00f6\u00dfen k\u00f6nnen angepasst werden)<br \/>\nLeistung<strong>: <\/strong>Induktionsherd 2000 W + Grill 2400 W<br \/>\nLochgr\u00f6\u00dfe<strong>: <\/strong>705 x 335 mm<\/p>\n<p>Notiz<strong>: <\/strong>Das Tischmaterial, die Tischgr\u00f6\u00dfe und die Tischfarbe sowie die Hot Pot-Ausstattung entsprechen Ihren Anforderungen<\/p>\n<p><img loading=\"lazy\" decoding=\"async\" class=\"size-full wp-image-5696\" src=\"http:\/\/hpott.com\/wp-content\/uploads\/2022\/10\/hotpot-grill-table.webp\" alt=\"Entwerfen Sie einen rauchfreien koreanischen Grill- und Hot-Pot-Tisch f\u00fcr den gewerblichen Gebrauch\" width=\"750\" height=\"2393\" srcset=\"https:\/\/hpott.com\/wp-content\/uploads\/2022\/10\/hotpot-grill-table.webp 750w, https:\/\/hpott.com\/wp-content\/uploads\/2022\/10\/hotpot-grill-table-94x300.webp 94w, https:\/\/hpott.com\/wp-content\/uploads\/2022\/10\/hotpot-grill-table-321x1024.webp 321w, https:\/\/hpott.com\/wp-content\/uploads\/2022\/10\/hotpot-grill-table-481x1536.webp 481w, https:\/\/hpott.com\/wp-content\/uploads\/2022\/10\/hotpot-grill-table-642x2048.webp 642w, https:\/\/hpott.com\/wp-content\/uploads\/2022\/10\/hotpot-grill-table-600x1914.webp 600w, https:\/\/hpott.com\/wp-content\/uploads\/2022\/10\/hotpot-grill-table-64x204.webp 64w\" sizes=\"auto, (max-width: 750px) 100vw, 750px\" \/><\/p>\n<p><img loading=\"lazy\" decoding=\"async\" class=\"size-full wp-image-5697\" src=\"http:\/\/hpott.com\/wp-content\/uploads\/2022\/10\/hotpot-grill-table-1.webp\" alt=\"Entwerfen Sie einen rauchfreien koreanischen Grill- und Hot-Pot-Tisch f\u00fcr den gewerblichen Gebrauch\" width=\"750\" height=\"2227\" srcset=\"https:\/\/hpott.com\/wp-content\/uploads\/2022\/10\/hotpot-grill-table-1.webp 750w, https:\/\/hpott.com\/wp-content\/uploads\/2022\/10\/hotpot-grill-table-1-101x300.webp 101w, https:\/\/hpott.com\/wp-content\/uploads\/2022\/10\/hotpot-grill-table-1-345x1024.webp 345w, https:\/\/hpott.com\/wp-content\/uploads\/2022\/10\/hotpot-grill-table-1-517x1536.webp 517w, https:\/\/hpott.com\/wp-content\/uploads\/2022\/10\/hotpot-grill-table-1-690x2048.webp 690w, https:\/\/hpott.com\/wp-content\/uploads\/2022\/10\/hotpot-grill-table-1-600x1782.webp 600w, https:\/\/hpott.com\/wp-content\/uploads\/2022\/10\/hotpot-grill-table-1-64x190.webp 64w\" sizes=\"auto, (max-width: 750px) 100vw, 750px\" \/><\/p>","protected":false},"excerpt":{"rendered":"<p><strong>Produkt ID<\/strong>: HP-C02<\/p>\n<p><strong>\u3010Material\u3011<\/strong>: Marmor mit Edelstahlummantelung + gebrannter Edelstahlboden<\/p>\n<p><strong>\u3010Besonderheit\u3011<\/strong>\uff1a rauchfrei, hohe Leistung, optionales USB-Ladeger\u00e4t, eingebauter Schalter, 2-in-1-Design<\/p>","protected":false},"featured_media":5095,"template":"","meta":{"_acf_changed":false,"_seopress_robots_primary_cat":"none","_seopress_titles_title":"","_seopress_titles_desc":"","_seopress_robots_index":""},"product_brand":[],"product_cat":[40,30,33],"product_tag":[],"class_list":{"0":"post-3625","1":"product","2":"type-product","3":"status-publish","4":"has-post-thumbnail","6":"product_cat-korean-bbq-grill-table","7":"product_cat-hot-pot-table","8":"product_cat-hot-pot-and-bbq-table","10":"first","11":"instock","12":"shipping-taxable","13":"product-type-simple"},"acf":[],"_links":{"self":[{"href":"https:\/\/hpott.com\/de\/wp-json\/wp\/v2\/product\/3625","targetHints":{"allow":["GET"]}}],"collection":[{"href":"https:\/\/hpott.com\/de\/wp-json\/wp\/v2\/product"}],"about":[{"href":"https:\/\/hpott.com\/de\/wp-json\/wp\/v2\/types\/product"}],"wp:featuredmedia":[{"embeddable":true,"href":"https:\/\/hpott.com\/de\/wp-json\/wp\/v2\/media\/5095"}],"wp:attachment":[{"href":"https:\/\/hpott.com\/de\/wp-json\/wp\/v2\/media?parent=3625"}],"wp:term":[{"taxonomy":"product_brand","embeddable":true,"href":"https:\/\/hpott.com\/de\/wp-json\/wp\/v2\/product_brand?post=3625"},{"taxonomy":"product_cat","embeddable":true,"href":"https:\/\/hpott.com\/de\/wp-json\/wp\/v2\/product_cat?post=3625"},{"taxonomy":"product_tag","embeddable":true,"href":"https:\/\/hpott.com\/de\/wp-json\/wp\/v2\/product_tag?post=3625"}],"curies":[{"name":"wp","href":"https:\/\/api.w.org\/{rel}","templated":true}]}}