{"id":3636,"date":"2022-10-21T18:10:36","date_gmt":"2022-10-22T02:10:36","guid":{"rendered":"https:\/\/hpott.com\/?post_type=product&#038;p=3636"},"modified":"2023-12-04T23:09:00","modified_gmt":"2023-12-05T07:09:00","slug":"3000-w-runder-samgyupsal-grill-fur-den-tisch","status":"publish","type":"product","link":"https:\/\/hpott.com\/de\/produkt\/3000-w-runder-samgyupsal-grill-fur-den-tisch\/","title":{"rendered":"3000W runder Samgyupsal-Grill f\u00fcr den Tisch"},"content":{"rendered":"<p><strong>Produktgr\u00f6\u00dfe:\u00a0 <\/strong>Durchmesser 410 x 260 mm<br \/>\n<strong>Leistung: <\/strong>3000 W<br \/>\n<strong>Lochgr\u00f6\u00dfe: <\/strong>Durchmesser 375 mm<\/p>\n<p><strong>Material: <\/strong>Edelstahl<\/p>","protected":false},"excerpt":{"rendered":"<p><strong>Produkt-ID:<\/strong> HP-ER410<\/p>\n<p><strong>Farbe:\u00a0<\/strong>Ros\u00e9gold<\/p>\n<p>Empfohlene Verwendung von oberen und unteren Rauchabzugskan\u00e4len und einer optionalen Grillpfanne.<\/p>","protected":false},"featured_media":5130,"template":"","meta":{"_acf_changed":false,"_seopress_robots_primary_cat":"none","_seopress_titles_title":"","_seopress_titles_desc":"","_seopress_robots_index":""},"product_brand":[],"product_cat":[37,36],"product_tag":[],"class_list":{"0":"post-3636","1":"product","2":"type-product","3":"status-publish","4":"has-post-thumbnail","6":"product_cat-bbq-grill","7":"product_cat-electric-bbq-grill","9":"first","10":"instock","11":"shipping-taxable","12":"product-type-simple"},"acf":[],"_links":{"self":[{"href":"https:\/\/hpott.com\/de\/wp-json\/wp\/v2\/product\/3636","targetHints":{"allow":["GET"]}}],"collection":[{"href":"https:\/\/hpott.com\/de\/wp-json\/wp\/v2\/product"}],"about":[{"href":"https:\/\/hpott.com\/de\/wp-json\/wp\/v2\/types\/product"}],"wp:featuredmedia":[{"embeddable":true,"href":"https:\/\/hpott.com\/de\/wp-json\/wp\/v2\/media\/5130"}],"wp:attachment":[{"href":"https:\/\/hpott.com\/de\/wp-json\/wp\/v2\/media?parent=3636"}],"wp:term":[{"taxonomy":"product_brand","embeddable":true,"href":"https:\/\/hpott.com\/de\/wp-json\/wp\/v2\/product_brand?post=3636"},{"taxonomy":"product_cat","embeddable":true,"href":"https:\/\/hpott.com\/de\/wp-json\/wp\/v2\/product_cat?post=3636"},{"taxonomy":"product_tag","embeddable":true,"href":"https:\/\/hpott.com\/de\/wp-json\/wp\/v2\/product_tag?post=3636"}],"curies":[{"name":"wp","href":"https:\/\/api.w.org\/{rel}","templated":true}]}}