{"id":3894,"date":"2022-10-25T01:25:44","date_gmt":"2022-10-25T09:25:44","guid":{"rendered":"https:\/\/hpott.com\/?post_type=product&#038;p=3894"},"modified":"2023-12-04T22:58:00","modified_gmt":"2023-12-05T06:58:00","slug":"koreanischer-bbq-grilltisch-zu-verkaufen-koreanischer-bbq-grilltisch-fur-den-innenbereich","status":"publish","type":"product","link":"https:\/\/hpott.com\/de\/produkt\/koreanischer-bbq-grilltisch-zu-verkaufen-koreanischer-bbq-grilltisch-fur-den-innenbereich\/","title":{"rendered":"Restaurant Optional Holzkohle Gas Elektro Rund Yakiniku BBQ Grilltisch zum Verkauf"},"content":{"rendered":"<p><strong>Produktgr\u00f6\u00dfe: <\/strong>1300 x 900 x 750 mm (Gr\u00f6\u00dfen k\u00f6nnen angepasst werden)<\/p>\n<p><strong>Produkttyp:\u00a0<\/strong>Elektro oder Holzkohle, Gas<\/p>\n<p><img loading=\"lazy\" decoding=\"async\" class=\"size-full wp-image-5709\" src=\"http:\/\/hpott.com\/wp-content\/uploads\/2022\/10\/yakiniku-samgyupsal-table-2.webp\" alt=\"koreanischer BBQ-Grilltisch zu verkaufen koreanischer BBQ-Grilltisch f\u00fcr den Innenbereich\" width=\"750\" height=\"425\" srcset=\"https:\/\/hpott.com\/wp-content\/uploads\/2022\/10\/yakiniku-samgyupsal-table-2.webp 750w, https:\/\/hpott.com\/wp-content\/uploads\/2022\/10\/yakiniku-samgyupsal-table-2-300x170.webp 300w, https:\/\/hpott.com\/wp-content\/uploads\/2022\/10\/yakiniku-samgyupsal-table-2-600x340.webp 600w, https:\/\/hpott.com\/wp-content\/uploads\/2022\/10\/yakiniku-samgyupsal-table-2-64x36.webp 64w\" sizes=\"auto, (max-width: 750px) 100vw, 750px\" \/><\/p>\n<p><img loading=\"lazy\" decoding=\"async\" class=\"size-full wp-image-5710\" src=\"http:\/\/hpott.com\/wp-content\/uploads\/2022\/10\/yakiniku-samgyupsal-table.webp\" alt=\"koreanischer BBQ-Grilltisch zu verkaufen koreanischer BBQ-Grilltisch f\u00fcr den Innenbereich\" width=\"750\" height=\"1252\" srcset=\"https:\/\/hpott.com\/wp-content\/uploads\/2022\/10\/yakiniku-samgyupsal-table.webp 750w, https:\/\/hpott.com\/wp-content\/uploads\/2022\/10\/yakiniku-samgyupsal-table-180x300.webp 180w, https:\/\/hpott.com\/wp-content\/uploads\/2022\/10\/yakiniku-samgyupsal-table-613x1024.webp 613w, https:\/\/hpott.com\/wp-content\/uploads\/2022\/10\/yakiniku-samgyupsal-table-600x1002.webp 600w, https:\/\/hpott.com\/wp-content\/uploads\/2022\/10\/yakiniku-samgyupsal-table-64x107.webp 64w\" sizes=\"auto, (max-width: 750px) 100vw, 750px\" \/><\/p>\n<p><img loading=\"lazy\" decoding=\"async\" class=\"size-full wp-image-5711\" src=\"http:\/\/hpott.com\/wp-content\/uploads\/2022\/10\/yakiniku-samgyupsal-table-1.webp\" alt=\"koreanischer BBQ-Grilltisch zu verkaufen koreanischer BBQ-Grilltisch f\u00fcr den Innenbereich\" width=\"750\" height=\"666\" srcset=\"https:\/\/hpott.com\/wp-content\/uploads\/2022\/10\/yakiniku-samgyupsal-table-1.webp 750w, https:\/\/hpott.com\/wp-content\/uploads\/2022\/10\/yakiniku-samgyupsal-table-1-300x266.webp 300w, https:\/\/hpott.com\/wp-content\/uploads\/2022\/10\/yakiniku-samgyupsal-table-1-600x533.webp 600w, https:\/\/hpott.com\/wp-content\/uploads\/2022\/10\/yakiniku-samgyupsal-table-1-64x57.webp 64w\" sizes=\"auto, (max-width: 750px) 100vw, 750px\" \/><\/p>\n<p>&nbsp;<\/p>\n<p>&nbsp;<\/p>","protected":false},"excerpt":{"rendered":"<p><strong>Produkt ID<\/strong>: HP-SG06<\/p>\n<p>HPOTT kann den Grilltisch und die Ausr\u00fcstung Ihren Anforderungen entsprechend personalisieren, sodass sie perfekt zum Einrichtungsstil des Restaurants passen.<\/p>\n<p>Wir haben drei Grills: Gas, Holzkohle und Elektro.<\/p>","protected":false},"featured_media":5502,"template":"","meta":{"_acf_changed":false,"_seopress_robots_primary_cat":"none","_seopress_titles_title":"","_seopress_titles_desc":"","_seopress_robots_index":""},"product_brand":[],"product_cat":[40],"product_tag":[],"class_list":{"0":"post-3894","1":"product","2":"type-product","3":"status-publish","4":"has-post-thumbnail","6":"product_cat-korean-bbq-grill-table","8":"first","9":"instock","10":"shipping-taxable","11":"product-type-simple"},"acf":[],"_links":{"self":[{"href":"https:\/\/hpott.com\/de\/wp-json\/wp\/v2\/product\/3894","targetHints":{"allow":["GET"]}}],"collection":[{"href":"https:\/\/hpott.com\/de\/wp-json\/wp\/v2\/product"}],"about":[{"href":"https:\/\/hpott.com\/de\/wp-json\/wp\/v2\/types\/product"}],"wp:featuredmedia":[{"embeddable":true,"href":"https:\/\/hpott.com\/de\/wp-json\/wp\/v2\/media\/5502"}],"wp:attachment":[{"href":"https:\/\/hpott.com\/de\/wp-json\/wp\/v2\/media?parent=3894"}],"wp:term":[{"taxonomy":"product_brand","embeddable":true,"href":"https:\/\/hpott.com\/de\/wp-json\/wp\/v2\/product_brand?post=3894"},{"taxonomy":"product_cat","embeddable":true,"href":"https:\/\/hpott.com\/de\/wp-json\/wp\/v2\/product_cat?post=3894"},{"taxonomy":"product_tag","embeddable":true,"href":"https:\/\/hpott.com\/de\/wp-json\/wp\/v2\/product_tag?post=3894"}],"curies":[{"name":"wp","href":"https:\/\/api.w.org\/{rel}","templated":true}]}}