{"id":3898,"date":"2022-10-25T01:41:06","date_gmt":"2022-10-25T09:41:06","guid":{"rendered":"https:\/\/hpott.com\/?post_type=product&#038;p=3898"},"modified":"2023-06-26T02:09:47","modified_gmt":"2023-06-26T10:09:47","slug":"benutzerdefinierter-koreanischer-grilltisch-koreanisches-grilltischrestaurant","status":"publish","type":"product","link":"https:\/\/hpott.com\/de\/produkt\/benutzerdefinierter-koreanischer-grilltisch-koreanisches-grilltischrestaurant\/","title":{"rendered":"Benutzerdefiniertes koreanisches BBQ-Grilltisch-Restaurant"},"content":{"rendered":"<p><img loading=\"lazy\" decoding=\"async\" class=\"size-full wp-image-5712\" src=\"http:\/\/hpott.com\/wp-content\/uploads\/2022\/10\/yakiniku-grill-table-3.webp\" alt=\"benutzerdefinierte koreanische BBQ-Grilltisch-Restaurant\" width=\"750\" height=\"1543\" srcset=\"https:\/\/hpott.com\/wp-content\/uploads\/2022\/10\/yakiniku-grill-table-3.webp 750w, https:\/\/hpott.com\/wp-content\/uploads\/2022\/10\/yakiniku-grill-table-3-146x300.webp 146w, https:\/\/hpott.com\/wp-content\/uploads\/2022\/10\/yakiniku-grill-table-3-498x1024.webp 498w, https:\/\/hpott.com\/wp-content\/uploads\/2022\/10\/yakiniku-grill-table-3-747x1536.webp 747w, https:\/\/hpott.com\/wp-content\/uploads\/2022\/10\/yakiniku-grill-table-3-600x1234.webp 600w, https:\/\/hpott.com\/wp-content\/uploads\/2022\/10\/yakiniku-grill-table-3-64x132.webp 64w\" sizes=\"auto, (max-width: 750px) 100vw, 750px\" \/><\/p>\n<p><img loading=\"lazy\" decoding=\"async\" class=\"size-full wp-image-5713\" src=\"http:\/\/hpott.com\/wp-content\/uploads\/2022\/10\/yakiniku-grill-table-4.webp\" alt=\"benutzerdefinierte koreanische BBQ-Grilltisch-Restaurant\" width=\"750\" height=\"1542\" srcset=\"https:\/\/hpott.com\/wp-content\/uploads\/2022\/10\/yakiniku-grill-table-4.webp 750w, https:\/\/hpott.com\/wp-content\/uploads\/2022\/10\/yakiniku-grill-table-4-146x300.webp 146w, https:\/\/hpott.com\/wp-content\/uploads\/2022\/10\/yakiniku-grill-table-4-498x1024.webp 498w, https:\/\/hpott.com\/wp-content\/uploads\/2022\/10\/yakiniku-grill-table-4-747x1536.webp 747w, https:\/\/hpott.com\/wp-content\/uploads\/2022\/10\/yakiniku-grill-table-4-600x1234.webp 600w, https:\/\/hpott.com\/wp-content\/uploads\/2022\/10\/yakiniku-grill-table-4-64x132.webp 64w\" sizes=\"auto, (max-width: 750px) 100vw, 750px\" \/><\/p>\n<p>&nbsp;<\/p>\n<p>&nbsp;<\/p>\n<p>&nbsp;<\/p>","protected":false},"excerpt":{"rendered":"<p><strong>Produkt-ID:<\/strong> HP-SG03<\/p>\n<p><strong>\u3010Material\u3011:<\/strong>Steinplatten + Holzmaserung Edelstahlsockel<\/p>\n<p><strong>\u3010Besonderheit\u3011:<\/strong> rauchfrei, hohe Leistung, \u00c4sthetik, Grillgitter oder Grillpfanne<\/p>\n<p><strong>Notiz:<\/strong> Das Tischmaterial, die Tischgr\u00f6\u00dfe, die Tischfarbe und die Grillausr\u00fcstung entsprechend Ihren Anforderungen<\/p>","protected":false},"featured_media":5116,"template":"","meta":{"_acf_changed":false,"_seopress_robots_primary_cat":"none","_seopress_titles_title":"","_seopress_titles_desc":"","_seopress_robots_index":""},"product_brand":[],"product_cat":[40],"product_tag":[],"class_list":{"0":"post-3898","1":"product","2":"type-product","3":"status-publish","4":"has-post-thumbnail","6":"product_cat-korean-bbq-grill-table","8":"first","9":"instock","10":"shipping-taxable","11":"product-type-simple"},"acf":[],"_links":{"self":[{"href":"https:\/\/hpott.com\/de\/wp-json\/wp\/v2\/product\/3898","targetHints":{"allow":["GET"]}}],"collection":[{"href":"https:\/\/hpott.com\/de\/wp-json\/wp\/v2\/product"}],"about":[{"href":"https:\/\/hpott.com\/de\/wp-json\/wp\/v2\/types\/product"}],"wp:featuredmedia":[{"embeddable":true,"href":"https:\/\/hpott.com\/de\/wp-json\/wp\/v2\/media\/5116"}],"wp:attachment":[{"href":"https:\/\/hpott.com\/de\/wp-json\/wp\/v2\/media?parent=3898"}],"wp:term":[{"taxonomy":"product_brand","embeddable":true,"href":"https:\/\/hpott.com\/de\/wp-json\/wp\/v2\/product_brand?post=3898"},{"taxonomy":"product_cat","embeddable":true,"href":"https:\/\/hpott.com\/de\/wp-json\/wp\/v2\/product_cat?post=3898"},{"taxonomy":"product_tag","embeddable":true,"href":"https:\/\/hpott.com\/de\/wp-json\/wp\/v2\/product_tag?post=3898"}],"curies":[{"name":"wp","href":"https:\/\/api.w.org\/{rel}","templated":true}]}}