{"id":3902,"date":"2022-10-25T02:15:07","date_gmt":"2022-10-25T10:15:07","guid":{"rendered":"https:\/\/hpott.com\/?post_type=product&#038;p=3902"},"modified":"2023-06-15T01:21:32","modified_gmt":"2023-06-15T09:21:32","slug":"rauchfreier-koreanischer-barbecue-grill-hot-pot-tisch","status":"publish","type":"product","link":"https:\/\/hpott.com\/de\/produkt\/rauchfreier-koreanischer-barbecue-grill-hot-pot-tisch\/","title":{"rendered":"Rauchfreier koreanischer Barbecue-Grill-Hot-Pot-Tisch"},"content":{"rendered":"<p>Produktgr\u00f6\u00dfe: 1300 x 900 x 750 mm (Gr\u00f6\u00dfen k\u00f6nnen angepasst werden)<br \/>\nLeistung: Induktionsherd 2000 W + Grill 2400 W<br \/>\nLochgr\u00f6\u00dfe: 705 x 335 mm<\/p>\n<p>Hinweis: Das Tischmaterial, die Tischgr\u00f6\u00dfe und die Tischfarbe sowie die Hot Pot-Ausstattung richten sich nach Ihren Anforderungen<\/p>\n<p><img loading=\"lazy\" decoding=\"async\" class=\"wp-image-5688 size-full\" src=\"http:\/\/hpott.com\/wp-content\/uploads\/2022\/10\/hot-pot-bbq-table-scaled.webp\" alt=\"rauchfreier koreanischer Barbecue-Grill-Hot-Pot-Tisch\" width=\"630\" height=\"2560\" srcset=\"https:\/\/hpott.com\/wp-content\/uploads\/2022\/10\/hot-pot-bbq-table-scaled.webp 630w, https:\/\/hpott.com\/wp-content\/uploads\/2022\/10\/hot-pot-bbq-table-74x300.webp 74w, https:\/\/hpott.com\/wp-content\/uploads\/2022\/10\/hot-pot-bbq-table-252x1024.webp 252w, https:\/\/hpott.com\/wp-content\/uploads\/2022\/10\/hot-pot-bbq-table-378x1536.webp 378w, https:\/\/hpott.com\/wp-content\/uploads\/2022\/10\/hot-pot-bbq-table-504x2048.webp 504w, https:\/\/hpott.com\/wp-content\/uploads\/2022\/10\/hot-pot-bbq-table-64x260.webp 64w\" sizes=\"auto, (max-width: 630px) 100vw, 630px\" \/><\/p>\n<p>&nbsp;<\/p>","protected":false},"excerpt":{"rendered":"<p><strong>Produkt-ID:<\/strong> HP-C03<\/p>\n<p><strong>\u3010Material\u3011:<\/strong>Marmor mit Edelstahlummantelung + gebrannter Edelstahlboden<\/p>\n<p>Ein gut gestalteter koreanischer Grill- und Hot Pot-Tisch sollte ein hervorragendes Aussehen und eine hervorragende Funktionalit\u00e4t aufweisen<\/p>","protected":false},"featured_media":5093,"template":"","meta":{"_acf_changed":false,"_seopress_robots_primary_cat":"none","_seopress_titles_title":"","_seopress_titles_desc":"","_seopress_robots_index":""},"product_brand":[],"product_cat":[40,30,33],"product_tag":[],"class_list":{"0":"post-3902","1":"product","2":"type-product","3":"status-publish","4":"has-post-thumbnail","6":"product_cat-korean-bbq-grill-table","7":"product_cat-hot-pot-table","8":"product_cat-hot-pot-and-bbq-table","10":"first","11":"instock","12":"shipping-taxable","13":"product-type-simple"},"acf":[],"_links":{"self":[{"href":"https:\/\/hpott.com\/de\/wp-json\/wp\/v2\/product\/3902","targetHints":{"allow":["GET"]}}],"collection":[{"href":"https:\/\/hpott.com\/de\/wp-json\/wp\/v2\/product"}],"about":[{"href":"https:\/\/hpott.com\/de\/wp-json\/wp\/v2\/types\/product"}],"wp:featuredmedia":[{"embeddable":true,"href":"https:\/\/hpott.com\/de\/wp-json\/wp\/v2\/media\/5093"}],"wp:attachment":[{"href":"https:\/\/hpott.com\/de\/wp-json\/wp\/v2\/media?parent=3902"}],"wp:term":[{"taxonomy":"product_brand","embeddable":true,"href":"https:\/\/hpott.com\/de\/wp-json\/wp\/v2\/product_brand?post=3902"},{"taxonomy":"product_cat","embeddable":true,"href":"https:\/\/hpott.com\/de\/wp-json\/wp\/v2\/product_cat?post=3902"},{"taxonomy":"product_tag","embeddable":true,"href":"https:\/\/hpott.com\/de\/wp-json\/wp\/v2\/product_tag?post=3902"}],"curies":[{"name":"wp","href":"https:\/\/api.w.org\/{rel}","templated":true}]}}