{"id":3922,"date":"2022-10-25T19:51:49","date_gmt":"2022-10-26T03:51:49","guid":{"rendered":"https:\/\/hpott.com\/?post_type=product&#038;p=3922"},"modified":"2023-06-15T01:59:39","modified_gmt":"2023-06-15T09:59:39","slug":"eingebauter-koreanischer-gas-tischgrill-fur-den-gewerblichen-gebrauch","status":"publish","type":"product","link":"https:\/\/hpott.com\/de\/produkt\/eingebauter-koreanischer-gas-tischgrill-fur-den-gewerblichen-gebrauch\/","title":{"rendered":"Eingebauter Tischgas 3 in 1 koreanischer Grill f\u00fcr kommerzielle"},"content":{"rendered":"<p><strong>Produktgr\u00f6\u00dfe:\u00a0<\/strong> 720 x 375 x 280 mm<br \/>\n<strong>Grillpfannengr\u00f6\u00dfe:<\/strong> 280 x 280 mm<\/p>\n<p><strong>Fl\u00fcssigerdgas (LNG): <\/strong>2800 Pa<\/p>\n<p><strong>Erdgas: <\/strong>2000 Pa<\/p>\n<p><strong>Notiz: <\/strong>Achten Sie bei der Verwendung von Gasbrennstoff auf Bel\u00fcftung, um eine Kohlenmonoxidvergiftung zu vermeiden<\/p>","protected":false},"excerpt":{"rendered":"<p><strong>Produkt-ID:<\/strong> HP-G01<\/p>\n<p>Wir haben mehrere Modelle von Gasgrill-Hot-Pot-Ger\u00e4ten. F\u00fcr weitere Informationen k\u00f6nnen Sie uns gerne direkt kontaktieren.<\/p>","protected":false},"featured_media":5150,"template":"","meta":{"_acf_changed":false,"_seopress_robots_primary_cat":"none","_seopress_titles_title":"","_seopress_titles_desc":"","_seopress_robots_index":""},"product_brand":[],"product_cat":[37,34],"product_tag":[],"class_list":{"0":"post-3922","1":"product","2":"type-product","3":"status-publish","4":"has-post-thumbnail","6":"product_cat-bbq-grill","7":"product_cat-gas-bbq-grill","9":"first","10":"instock","11":"shipping-taxable","12":"product-type-simple"},"acf":[],"_links":{"self":[{"href":"https:\/\/hpott.com\/de\/wp-json\/wp\/v2\/product\/3922","targetHints":{"allow":["GET"]}}],"collection":[{"href":"https:\/\/hpott.com\/de\/wp-json\/wp\/v2\/product"}],"about":[{"href":"https:\/\/hpott.com\/de\/wp-json\/wp\/v2\/types\/product"}],"wp:featuredmedia":[{"embeddable":true,"href":"https:\/\/hpott.com\/de\/wp-json\/wp\/v2\/media\/5150"}],"wp:attachment":[{"href":"https:\/\/hpott.com\/de\/wp-json\/wp\/v2\/media?parent=3922"}],"wp:term":[{"taxonomy":"product_brand","embeddable":true,"href":"https:\/\/hpott.com\/de\/wp-json\/wp\/v2\/product_brand?post=3922"},{"taxonomy":"product_cat","embeddable":true,"href":"https:\/\/hpott.com\/de\/wp-json\/wp\/v2\/product_cat?post=3922"},{"taxonomy":"product_tag","embeddable":true,"href":"https:\/\/hpott.com\/de\/wp-json\/wp\/v2\/product_tag?post=3922"}],"curies":[{"name":"wp","href":"https:\/\/api.w.org\/{rel}","templated":true}]}}