{"id":4085,"date":"2022-11-04T01:57:01","date_gmt":"2022-11-04T09:57:01","guid":{"rendered":"https:\/\/hpott.com\/?post_type=product&#038;p=4085"},"modified":"2022-11-15T01:31:42","modified_gmt":"2022-11-15T09:31:42","slug":"gewerblicher-induktions-wokherd-induktions-wokbrenner","status":"publish","type":"product","link":"https:\/\/hpott.com\/de\/produkt\/gewerblicher-induktions-wokherd-induktions-wokbrenner\/","title":{"rendered":"Kommerzieller Induktions-Wok-Herd Induktions-Wok-Brenner"},"content":{"rendered":"<p>\u3010<strong>Name<\/strong>\u3011: Induktions-Wok-Herd<br \/>\n\u3010<strong>Herkunft<\/strong>\u3011: Guangdong, China<br \/>\n\u3010<strong>Stromspannung<\/strong>\u3011: 380 V ~ 50\/60 Hz<\/p>\n<h3><em><strong>Besonderheit<\/strong><\/em><\/h3>\n<ul>\n<li><em>Verdickte Edelstahlplatten aus einem St\u00fcck, leicht zu reinigen, Design und Strukturmerkmale erf\u00fcllen Hygienestandards<\/em><\/li>\n<li><em>Automatische Topferkennungsfunktion, sicher und energiesparend<\/em><\/li>\n<li><em>3D-dreidimensionales Anti-Strahlungsabschirmungsdesign, st\u00e4rkerer Schutz vor elektromagnetischen St\u00f6rungen<\/em><\/li>\n<li><em>Durch die Verwendung des original aus Deutschland importierten Siemens \u201eInfineon\u201c IGBT-Heizmoduls mit l\u00e4ngerer Lebensdauer<\/em><\/li>\n<li><em>Das Uhrwerk ist modular aufgebaut und somit wartungsfreundlich<\/em><\/li>\n<li><em>Isolierte Induktionserw\u00e4rmung, ist sicher und zuverl\u00e4ssig und spart mehr als 60% als Brenngas<\/em><\/li>\n<li><em>Wasserdichter, um 360\u00b0 drehbarer 8-Positionen-Magnetschalter, der feine Snacks bei niedriger Leistung oder schnelles Kochen bei hoher Leistung zubereiten kann<\/em><\/li>\n<\/ul>\n<table style=\"border-collapse: collapse; width: 980px; height: 152px;\" border=\"0\" width=\"1097\" cellspacing=\"0\" cellpadding=\"0\">\n<tbody>\n<tr style=\"height: 36.00pt;\">\n<td class=\"et2\" style=\"height: 36pt; width: 75.75pt; text-align: center;\" width=\"101\" height=\"48\"><strong>Modell<\/strong><\/td>\n<td class=\"et2\" style=\"width: 210.75pt; text-align: center;\" width=\"281\"><strong>Abmessungen (L\u00e4nge*Breite*H\u00f6he) (mm)<\/strong><\/td>\n<td class=\"et4\" style=\"width: 156pt; text-align: center;\" width=\"208\"><strong>Mikrokristallplatte (mm)<\/strong><\/td>\n<td class=\"et4\" style=\"width: 131.25pt; text-align: center;\" width=\"175\"><strong>Topfdurchmesser (mm)<\/strong><\/td>\n<td class=\"et4\" style=\"width: 81pt; text-align: center;\" width=\"108\"><strong>Leistung (KW)<\/strong><\/td>\n<td class=\"et2\" style=\"width: 73.5pt; text-align: center;\" width=\"98\"><strong>Spannung (v)<\/strong><\/td>\n<td class=\"et2\" style=\"width: 94.5pt; text-align: center;\" width=\"126\"><strong>Frequenz (Hz)<\/strong><\/td>\n<\/tr>\n<tr style=\"height: 27.00pt;\">\n<td class=\"et3\" style=\"height: 27pt; text-align: center;\" height=\"36\">CI03-300<\/td>\n<td class=\"et5\" style=\"text-align: center;\">1900 x 1000 x 1200<\/td>\n<td class=\"et6\" style=\"text-align: center;\">Durchmesser 300<\/td>\n<td class=\"et7\" style=\"text-align: center;\">Durchmesser 400<\/td>\n<td class=\"et8\" style=\"text-align: center;\">2x(8-12)<\/td>\n<td class=\"et9\" style=\"text-align: center;\" rowspan=\"3\">380<\/td>\n<td class=\"et3\" style=\"text-align: center;\" rowspan=\"3\">50<\/td>\n<\/tr>\n<tr style=\"height: 27.00pt;\">\n<td class=\"et3\" style=\"height: 27pt; text-align: center;\" height=\"36\">CI03-400<\/td>\n<td class=\"et5\" style=\"text-align: center;\">2100 x 1100 x 1200<\/td>\n<td class=\"et6\" style=\"text-align: center;\">Durchmesser 400<\/td>\n<td class=\"et7\" style=\"text-align: center;\">Durchmesser 500<\/td>\n<td class=\"et8\" style=\"text-align: center;\">2x(8-18)<\/td>\n<\/tr>\n<tr style=\"height: 27.00pt;\">\n<td class=\"et3\" style=\"height: 27pt; text-align: center;\" height=\"36\">CI03-500<\/td>\n<td class=\"et5\" style=\"text-align: center;\">2200 x 1100 x 1200<\/td>\n<td class=\"et5\" style=\"text-align: center;\">Durchmesser 500<\/td>\n<td class=\"et10\" style=\"text-align: center;\">Durchmesser 600<\/td>\n<td class=\"et9\" style=\"text-align: center;\">2x(8-18)<\/td>\n<\/tr>\n<\/tbody>\n<\/table>","protected":false},"excerpt":{"rendered":"<p><strong>Produkt-ID:\u00a0<\/strong>HP-CI03<\/p>\n<p>Induktions-Pfannenherd mit zwei K\u00f6pfen und zwei Schw\u00e4nzen, geeignet f\u00fcr gro\u00dfe Hotels und Gastronomieketten, Schulen, Kantinen von Einrichtungen usw.<\/p>","protected":false},"featured_media":4087,"template":"","meta":{"_acf_changed":false,"_seopress_robots_primary_cat":"none","_seopress_titles_title":"","_seopress_titles_desc":"","_seopress_robots_index":""},"product_brand":[],"product_cat":[35,43],"product_tag":[],"class_list":{"0":"post-4085","1":"product","2":"type-product","3":"status-publish","4":"has-post-thumbnail","6":"product_cat-induction-cooker","7":"product_cat-commercial-induction-cooker","9":"first","10":"instock","11":"shipping-taxable","12":"product-type-simple"},"acf":[],"_links":{"self":[{"href":"https:\/\/hpott.com\/de\/wp-json\/wp\/v2\/product\/4085","targetHints":{"allow":["GET"]}}],"collection":[{"href":"https:\/\/hpott.com\/de\/wp-json\/wp\/v2\/product"}],"about":[{"href":"https:\/\/hpott.com\/de\/wp-json\/wp\/v2\/types\/product"}],"wp:featuredmedia":[{"embeddable":true,"href":"https:\/\/hpott.com\/de\/wp-json\/wp\/v2\/media\/4087"}],"wp:attachment":[{"href":"https:\/\/hpott.com\/de\/wp-json\/wp\/v2\/media?parent=4085"}],"wp:term":[{"taxonomy":"product_brand","embeddable":true,"href":"https:\/\/hpott.com\/de\/wp-json\/wp\/v2\/product_brand?post=4085"},{"taxonomy":"product_cat","embeddable":true,"href":"https:\/\/hpott.com\/de\/wp-json\/wp\/v2\/product_cat?post=4085"},{"taxonomy":"product_tag","embeddable":true,"href":"https:\/\/hpott.com\/de\/wp-json\/wp\/v2\/product_tag?post=4085"}],"curies":[{"name":"wp","href":"https:\/\/api.w.org\/{rel}","templated":true}]}}