{"id":4127,"date":"2022-11-07T19:57:50","date_gmt":"2022-11-08T03:57:50","guid":{"rendered":"https:\/\/hpott.com\/?post_type=product&#038;p=4127"},"modified":"2023-06-30T22:36:53","modified_gmt":"2023-07-01T06:36:53","slug":"2500-w-hot-pot-induktionsbrenner","status":"publish","type":"product","link":"https:\/\/hpott.com\/de\/produkt\/2500-w-hot-pot-induktionsbrenner\/","title":{"rendered":"2500W Induktionsherd Hot Pot Induktionsbrenner f\u00fcr Restaurant"},"content":{"rendered":"<p>\u3010<strong>Name<\/strong>\u3011:\u00a0<strong>Hot Pot Induktionsherd<\/strong><\/p>\n<p><strong>\u3010Herkunft\u3011: Guangdong, China<\/strong><\/p>\n<p><strong>\u3010Spannung\u3011: 220-240 V ~ 50\/60 Hz<\/strong><\/p>\n<p><strong>\u3010Leistung\u3011:<\/strong> 25<strong>00w<\/strong><\/p>\n<p><strong>\u3010Plattengr\u00f6\u00dfe\u3011: Durchmesser <em>288 mm<\/em><\/strong><\/p>\n<h2><em><strong>Besonderheit<\/strong><\/em><\/h2>\n<ul>\n<li>\n<h4><strong><b>Importiertes Schwarz<\/b><\/strong><strong><b>\u00a0Kristall\u00a0<\/b><\/strong><strong><b>Platte, keine Verf\u00e4rbung, hohe Temperaturbest\u00e4ndigkeit, leicht zu reinigen<\/b><\/strong><\/h4>\n<\/li>\n<li>\n<h4><strong><b>Hochwertige Standardkonfiguration, CPU-Chip mit gro\u00dfem Speicher, neuer Leistungsgleichrichterbr\u00fcckenstapel, hochspannungsfester IGBT (Leistungsr\u00f6hre)<\/b><\/strong><\/h4>\n<\/li>\n<li>\n<h4><strong><b>Speziell f\u00fcr Hot Pot Restaurants entwickelt, kann es sich an langfristige Nutzungsumgebungen anpassen<\/b><\/strong><\/h4>\n<\/li>\n<li>\n<h4><strong><b>Mit der neuesten integrierten Chiptechnologie ist die Leistung stabiler und zuverl\u00e4ssiger<\/b><\/strong><\/h4>\n<\/li>\n<li>\n<h4><strong><b>Anwendbare T\u00f6pfe: Einzeltopf und Topf mit zwei Aromen unter 320 mm Durchmesser; integrierte Fernbedienung<\/b><\/strong><\/h4>\n<\/li>\n<\/ul>","protected":false},"excerpt":{"rendered":"<p><strong>Produkt-ID:\u00a0<\/strong>HP-IC2500<\/p>\n<p>Kommerzieller elektrischer Induktionskochfeld-Hotpot-Tisch mit intelligenter Temperaturregelung und Induktionsherd<\/p>","protected":false},"featured_media":5840,"template":"","meta":{"_acf_changed":false,"_seopress_robots_primary_cat":"none","_seopress_titles_title":"","_seopress_titles_desc":"","_seopress_robots_index":""},"product_brand":[],"product_cat":[35,42],"product_tag":[50],"class_list":{"0":"post-4127","1":"product","2":"type-product","3":"status-publish","4":"has-post-thumbnail","6":"product_cat-induction-cooker","7":"product_cat-hot-pot-induction-cooker","8":"product_tag-a1","10":"first","11":"instock","12":"shipping-taxable","13":"product-type-simple"},"acf":[],"_links":{"self":[{"href":"https:\/\/hpott.com\/de\/wp-json\/wp\/v2\/product\/4127","targetHints":{"allow":["GET"]}}],"collection":[{"href":"https:\/\/hpott.com\/de\/wp-json\/wp\/v2\/product"}],"about":[{"href":"https:\/\/hpott.com\/de\/wp-json\/wp\/v2\/types\/product"}],"wp:featuredmedia":[{"embeddable":true,"href":"https:\/\/hpott.com\/de\/wp-json\/wp\/v2\/media\/5840"}],"wp:attachment":[{"href":"https:\/\/hpott.com\/de\/wp-json\/wp\/v2\/media?parent=4127"}],"wp:term":[{"taxonomy":"product_brand","embeddable":true,"href":"https:\/\/hpott.com\/de\/wp-json\/wp\/v2\/product_brand?post=4127"},{"taxonomy":"product_cat","embeddable":true,"href":"https:\/\/hpott.com\/de\/wp-json\/wp\/v2\/product_cat?post=4127"},{"taxonomy":"product_tag","embeddable":true,"href":"https:\/\/hpott.com\/de\/wp-json\/wp\/v2\/product_tag?post=4127"}],"curies":[{"name":"wp","href":"https:\/\/api.w.org\/{rel}","templated":true}]}}