{"id":4217,"date":"2022-11-19T01:43:46","date_gmt":"2022-11-19T09:43:46","guid":{"rendered":"https:\/\/hpott.com\/?post_type=product&#038;p=4217"},"modified":"2023-07-01T01:10:59","modified_gmt":"2023-07-01T09:10:59","slug":"kommerzielles-induktionskochfeld-auf-der-arbeitsplatte-elektrischer-hot-pot-herd","status":"publish","type":"product","link":"https:\/\/hpott.com\/de\/produkt\/kommerzielles-induktionskochfeld-auf-der-arbeitsplatte-elektrischer-hot-pot-herd\/","title":{"rendered":"2500W elektrische Arbeitsplatte Induktionskochfeld kommerziellen Hot Pot Herd"},"content":{"rendered":"<h3><em><strong>Besonderheit<\/strong><\/em><\/h3>\n<ul>\n<li><strong><b>Importiertes Schwarz<\/b><\/strong><strong><b>\u00a0Kristall <\/b><\/strong><strong><b>Platte, keine Verf\u00e4rbung, keine Vergilbung, hohe Temperaturbest\u00e4ndigkeit, leicht zu reinigen<\/b><\/strong><\/li>\n<li><strong><b>Hochwertige Standardkonfiguration, CPU-Chip mit gro\u00dfem Speicher, neuer Leistungsgleichrichterbr\u00fcckenstapel, hochspannungsfester IGBT (Leistungsr\u00f6hre)<\/b><\/strong><\/li>\n<li><strong><b>Anwendbare T\u00f6pfe: Einzeltopf und Topf mit zwei Aromen unter 300 mm Durchmesser; integrierte Fernbedienung<\/b><\/strong><\/li>\n<li><strong><b>Mit der neuesten integrierten Chiptechnologie ist die Leistung stabiler und zuverl\u00e4ssiger<\/b><\/strong><\/li>\n<li><strong><b>Speziell f\u00fcr Hot Pot-Restaurants und f\u00fcr den Langzeitgebrauch geeignet<\/b><\/strong><\/li>\n<\/ul>\n<p><img loading=\"lazy\" decoding=\"async\" class=\"alignnone wp-image-5570 size-full\" src=\"http:\/\/hpott.com\/wp-content\/uploads\/2022\/11\/induction-cooker-series.webp\" alt=\"kommerzielles Induktionskochfeld auf der Arbeitsplatte, elektrischer Hot Pot-Herd\" width=\"750\" height=\"900\" srcset=\"https:\/\/hpott.com\/wp-content\/uploads\/2022\/11\/induction-cooker-series.webp 750w, https:\/\/hpott.com\/wp-content\/uploads\/2022\/11\/induction-cooker-series-250x300.webp 250w, https:\/\/hpott.com\/wp-content\/uploads\/2022\/11\/induction-cooker-series-600x720.webp 600w, https:\/\/hpott.com\/wp-content\/uploads\/2022\/11\/induction-cooker-series-64x77.webp 64w\" sizes=\"auto, (max-width: 750px) 100vw, 750px\" \/><\/p>","protected":false},"excerpt":{"rendered":"<p><strong>Produkt-ID:\u00a0<\/strong>HP-ITS2500<\/p>\n<p>Bester Verkauf kommerzieller Hot Pot Induktionsbrenner Hot Pot Tisch mit Hot Pot Induktionsherden<\/p>","protected":false},"featured_media":5858,"template":"","meta":{"_acf_changed":false,"_seopress_robots_primary_cat":"none","_seopress_titles_title":"","_seopress_titles_desc":"","_seopress_robots_index":""},"product_brand":[],"product_cat":[35,42],"product_tag":[],"class_list":{"0":"post-4217","1":"product","2":"type-product","3":"status-publish","4":"has-post-thumbnail","6":"product_cat-induction-cooker","7":"product_cat-hot-pot-induction-cooker","9":"first","10":"instock","11":"shipping-taxable","12":"product-type-simple"},"acf":[],"_links":{"self":[{"href":"https:\/\/hpott.com\/de\/wp-json\/wp\/v2\/product\/4217","targetHints":{"allow":["GET"]}}],"collection":[{"href":"https:\/\/hpott.com\/de\/wp-json\/wp\/v2\/product"}],"about":[{"href":"https:\/\/hpott.com\/de\/wp-json\/wp\/v2\/types\/product"}],"wp:featuredmedia":[{"embeddable":true,"href":"https:\/\/hpott.com\/de\/wp-json\/wp\/v2\/media\/5858"}],"wp:attachment":[{"href":"https:\/\/hpott.com\/de\/wp-json\/wp\/v2\/media?parent=4217"}],"wp:term":[{"taxonomy":"product_brand","embeddable":true,"href":"https:\/\/hpott.com\/de\/wp-json\/wp\/v2\/product_brand?post=4217"},{"taxonomy":"product_cat","embeddable":true,"href":"https:\/\/hpott.com\/de\/wp-json\/wp\/v2\/product_cat?post=4217"},{"taxonomy":"product_tag","embeddable":true,"href":"https:\/\/hpott.com\/de\/wp-json\/wp\/v2\/product_tag?post=4217"}],"curies":[{"name":"wp","href":"https:\/\/api.w.org\/{rel}","templated":true}]}}