{"id":4501,"date":"2022-12-19T00:33:05","date_gmt":"2022-12-19T08:33:05","guid":{"rendered":"https:\/\/hpott.com\/?post_type=product&#038;p=4501"},"modified":"2023-12-04T22:40:06","modified_gmt":"2023-12-05T06:40:06","slug":"kleiner-koreanischer-erdgas-propan-grill-fur-restaurants","status":"publish","type":"product","link":"https:\/\/hpott.com\/de\/produkt\/kleiner-koreanischer-erdgas-propan-grill-fur-restaurants\/","title":{"rendered":"Kleiner koreanischer BBQ-Grill mit Erdgas und Propan f\u00fcr Restaurants"},"content":{"rendered":"<p><strong>Produktgr\u00f6\u00dfe:<\/strong> B460 x T360 x H130 mm<\/p>\n<p><strong>Gr\u00f6\u00dfe der Grillpfanne:<\/strong> B368 x T268 mm<\/p>\n<p>Hinweis: Achten Sie bei der Verwendung von Gasbrennstoff auf Bel\u00fcftung, um eine Kohlenmonoxidvergiftung zu vermeiden<\/p>\n<p>&nbsp;<\/p>\n<p><img loading=\"lazy\" decoding=\"async\" class=\"wp-image-5615 size-full\" src=\"http:\/\/hpott.com\/wp-content\/uploads\/2022\/12\/gas-bbq-grill-details1.webp\" alt=\"kleiner koreanischer Erdgas-Propan-Grill f\u00fcr Restaurants\" width=\"750\" height=\"2049\" srcset=\"https:\/\/hpott.com\/wp-content\/uploads\/2022\/12\/gas-bbq-grill-details1.webp 750w, https:\/\/hpott.com\/wp-content\/uploads\/2022\/12\/gas-bbq-grill-details1-110x300.webp 110w, https:\/\/hpott.com\/wp-content\/uploads\/2022\/12\/gas-bbq-grill-details1-375x1024.webp 375w, https:\/\/hpott.com\/wp-content\/uploads\/2022\/12\/gas-bbq-grill-details1-562x1536.webp 562w, https:\/\/hpott.com\/wp-content\/uploads\/2022\/12\/gas-bbq-grill-details1-600x1639.webp 600w, https:\/\/hpott.com\/wp-content\/uploads\/2022\/12\/gas-bbq-grill-details1-64x175.webp 64w\" sizes=\"auto, (max-width: 750px) 100vw, 750px\" \/><\/p>\n<p><img loading=\"lazy\" decoding=\"async\" class=\"alignnone wp-image-5616 size-full\" src=\"http:\/\/hpott.com\/wp-content\/uploads\/2022\/12\/gas-bbq-grill-details2.webp\" alt=\"kleiner koreanischer Erdgas-Propan-Grill f\u00fcr Restaurants\" width=\"750\" height=\"2344\" srcset=\"https:\/\/hpott.com\/wp-content\/uploads\/2022\/12\/gas-bbq-grill-details2.webp 750w, https:\/\/hpott.com\/wp-content\/uploads\/2022\/12\/gas-bbq-grill-details2-96x300.webp 96w, https:\/\/hpott.com\/wp-content\/uploads\/2022\/12\/gas-bbq-grill-details2-328x1024.webp 328w, https:\/\/hpott.com\/wp-content\/uploads\/2022\/12\/gas-bbq-grill-details2-491x1536.webp 491w, https:\/\/hpott.com\/wp-content\/uploads\/2022\/12\/gas-bbq-grill-details2-655x2048.webp 655w, https:\/\/hpott.com\/wp-content\/uploads\/2022\/12\/gas-bbq-grill-details2-600x1875.webp 600w, https:\/\/hpott.com\/wp-content\/uploads\/2022\/12\/gas-bbq-grill-details2-64x200.webp 64w\" sizes=\"auto, (max-width: 750px) 100vw, 750px\" \/><\/p>","protected":false},"excerpt":{"rendered":"<p><strong>Produkt-ID: HP-G03<\/strong><\/p>\n<p><strong>Produktionsname: Koreanischer Gasgrill<\/strong><\/p>\n<p>Kontaktieren Sie uns f\u00fcr weitere Informationen<\/p>","protected":false},"featured_media":5144,"template":"","meta":{"_acf_changed":false,"_seopress_robots_primary_cat":"none","_seopress_titles_title":"Small Natural Gas Propane Korean BBQ Grill For Restaurant","_seopress_titles_desc":"Professional natural gas propane Korean bbq grills, Korean restaurant equipment professional manufacturer, customization support.\r\n","_seopress_robots_index":""},"product_brand":[],"product_cat":[37,34],"product_tag":[],"class_list":{"0":"post-4501","1":"product","2":"type-product","3":"status-publish","4":"has-post-thumbnail","6":"product_cat-bbq-grill","7":"product_cat-gas-bbq-grill","9":"first","10":"instock","11":"shipping-taxable","12":"product-type-simple"},"acf":[],"_links":{"self":[{"href":"https:\/\/hpott.com\/de\/wp-json\/wp\/v2\/product\/4501","targetHints":{"allow":["GET"]}}],"collection":[{"href":"https:\/\/hpott.com\/de\/wp-json\/wp\/v2\/product"}],"about":[{"href":"https:\/\/hpott.com\/de\/wp-json\/wp\/v2\/types\/product"}],"wp:featuredmedia":[{"embeddable":true,"href":"https:\/\/hpott.com\/de\/wp-json\/wp\/v2\/media\/5144"}],"wp:attachment":[{"href":"https:\/\/hpott.com\/de\/wp-json\/wp\/v2\/media?parent=4501"}],"wp:term":[{"taxonomy":"product_brand","embeddable":true,"href":"https:\/\/hpott.com\/de\/wp-json\/wp\/v2\/product_brand?post=4501"},{"taxonomy":"product_cat","embeddable":true,"href":"https:\/\/hpott.com\/de\/wp-json\/wp\/v2\/product_cat?post=4501"},{"taxonomy":"product_tag","embeddable":true,"href":"https:\/\/hpott.com\/de\/wp-json\/wp\/v2\/product_tag?post=4501"}],"curies":[{"name":"wp","href":"https:\/\/api.w.org\/{rel}","templated":true}]}}