{"id":5166,"date":"2023-02-08T19:23:34","date_gmt":"2023-02-09T03:23:34","guid":{"rendered":"https:\/\/hpott.com\/?post_type=product&#038;p=5166"},"modified":"2023-06-15T01:57:02","modified_gmt":"2023-06-15T09:57:02","slug":"rauchfreie-koreanische-hot-pot-grillausrustung","status":"publish","type":"product","link":"https:\/\/hpott.com\/de\/produkt\/rauchfreie-koreanische-hot-pot-grillausrustung\/","title":{"rendered":"Rauchfreie koreanische Hot Pot Grillausr\u00fcstung"},"content":{"rendered":"<p><strong>Produktgr\u00f6\u00dfe: <\/strong>610*X360X270mm<br \/>\n<strong>Grillmaschenweite: <\/strong>370 x 285 mm<br \/>\n<strong>Leistung: <\/strong>Induktionsherd 1300 W + Grill 2400 W<br \/>\n<strong>Lochgr\u00f6\u00dfe: <\/strong>585 x 335 mm<\/p>\n<p><strong>Material:\u00a0<\/strong>Edelstahl<\/p>","protected":false},"excerpt":{"rendered":"<p><strong>Produkt ID<\/strong>: HP-610<\/p>\n<p><strong>Besonderheit<\/strong>: Kein zus\u00e4tzliches Abluftrohr erforderlich, wird mit Reinigungsausr\u00fcstung geliefert; rauchfreier Hot Pot und BBQ-Grill;<\/p>","protected":false},"featured_media":5170,"template":"","meta":{"_acf_changed":false,"_seopress_robots_primary_cat":"none","_seopress_titles_title":"","_seopress_titles_desc":"","_seopress_robots_index":""},"product_brand":[],"product_cat":[37,36],"product_tag":[],"class_list":{"0":"post-5166","1":"product","2":"type-product","3":"status-publish","4":"has-post-thumbnail","6":"product_cat-bbq-grill","7":"product_cat-electric-bbq-grill","9":"first","10":"instock","11":"shipping-taxable","12":"product-type-simple"},"acf":[],"_links":{"self":[{"href":"https:\/\/hpott.com\/de\/wp-json\/wp\/v2\/product\/5166","targetHints":{"allow":["GET"]}}],"collection":[{"href":"https:\/\/hpott.com\/de\/wp-json\/wp\/v2\/product"}],"about":[{"href":"https:\/\/hpott.com\/de\/wp-json\/wp\/v2\/types\/product"}],"wp:featuredmedia":[{"embeddable":true,"href":"https:\/\/hpott.com\/de\/wp-json\/wp\/v2\/media\/5170"}],"wp:attachment":[{"href":"https:\/\/hpott.com\/de\/wp-json\/wp\/v2\/media?parent=5166"}],"wp:term":[{"taxonomy":"product_brand","embeddable":true,"href":"https:\/\/hpott.com\/de\/wp-json\/wp\/v2\/product_brand?post=5166"},{"taxonomy":"product_cat","embeddable":true,"href":"https:\/\/hpott.com\/de\/wp-json\/wp\/v2\/product_cat?post=5166"},{"taxonomy":"product_tag","embeddable":true,"href":"https:\/\/hpott.com\/de\/wp-json\/wp\/v2\/product_tag?post=5166"}],"curies":[{"name":"wp","href":"https:\/\/api.w.org\/{rel}","templated":true}]}}