{"id":5285,"date":"2023-02-21T19:28:51","date_gmt":"2023-02-22T03:28:51","guid":{"rendered":"https:\/\/hpott.com\/?post_type=product&#038;p=5285"},"modified":"2023-12-04T22:29:48","modified_gmt":"2023-12-05T06:29:48","slug":"beliebter-eingebauter-induktionsherd-kleiner-hot-pot-tisch-mit-grill","status":"publish","type":"product","link":"https:\/\/hpott.com\/de\/produkt\/beliebter-eingebauter-induktionsherd-kleiner-hot-pot-tisch-mit-grill\/","title":{"rendered":"Beliebter elektrischer eingebauter Induktionsherd, kleiner Hot Pot-Tisch mit Grill"},"content":{"rendered":"<p><img loading=\"lazy\" decoding=\"async\" class=\"size-full wp-image-5521 aligncenter\" src=\"http:\/\/hpott.com\/wp-content\/uploads\/2022\/10\/shabu-shabu-table-4.webp\" alt=\"Shabu-Shabu-Tisch zu verkaufen Mini-Hot-Pot-Tisch\" width=\"750\" height=\"800\" srcset=\"https:\/\/hpott.com\/wp-content\/uploads\/2022\/10\/shabu-shabu-table-4.webp 750w, https:\/\/hpott.com\/wp-content\/uploads\/2022\/10\/shabu-shabu-table-4-281x300.webp 281w, https:\/\/hpott.com\/wp-content\/uploads\/2022\/10\/shabu-shabu-table-4-600x640.webp 600w, https:\/\/hpott.com\/wp-content\/uploads\/2022\/10\/shabu-shabu-table-4-64x68.webp 64w\" sizes=\"auto, (max-width: 750px) 100vw, 750px\" \/><\/p>\n<p><img loading=\"lazy\" decoding=\"async\" class=\"size-full wp-image-5520 aligncenter\" src=\"http:\/\/hpott.com\/wp-content\/uploads\/2022\/10\/shabu-shabu-table-1.webp\" alt=\"Shabu-Shabu-Tisch zu verkaufen Mini-Hot-Pot-Tisch\" width=\"750\" height=\"1397\" srcset=\"https:\/\/hpott.com\/wp-content\/uploads\/2022\/10\/shabu-shabu-table-1.webp 750w, https:\/\/hpott.com\/wp-content\/uploads\/2022\/10\/shabu-shabu-table-1-161x300.webp 161w, https:\/\/hpott.com\/wp-content\/uploads\/2022\/10\/shabu-shabu-table-1-550x1024.webp 550w, https:\/\/hpott.com\/wp-content\/uploads\/2022\/10\/shabu-shabu-table-1-600x1118.webp 600w, https:\/\/hpott.com\/wp-content\/uploads\/2022\/10\/shabu-shabu-table-1-64x119.webp 64w\" sizes=\"auto, (max-width: 750px) 100vw, 750px\" \/><\/p>\n<p style=\"text-align: center;\"><span style=\"color: #ff0000;\"><strong>Individuelle Anpassung f\u00fcr Sie<\/strong><\/span><\/p>\n<p style=\"text-align: center;\">Nr. 1 Wir haben mindestens 500 Farben zur Auswahl<\/p>\n<p><img loading=\"lazy\" decoding=\"async\" class=\"aligncenter wp-image-5318 size-full\" src=\"http:\/\/hpott.com\/wp-content\/uploads\/2023\/02\/Tabletop-color.webp\" alt=\"beliebter eingebauter Induktionsherd kleiner Hot Pot Tisch mit Grill\" width=\"750\" height=\"457\" srcset=\"https:\/\/hpott.com\/wp-content\/uploads\/2023\/02\/Tabletop-color.webp 750w, https:\/\/hpott.com\/wp-content\/uploads\/2023\/02\/Tabletop-color-300x183.webp 300w, https:\/\/hpott.com\/wp-content\/uploads\/2023\/02\/Tabletop-color-600x366.webp 600w, https:\/\/hpott.com\/wp-content\/uploads\/2023\/02\/Tabletop-color-64x39.webp 64w\" sizes=\"auto, (max-width: 750px) 100vw, 750px\" \/><\/p>\n<p style=\"text-align: center;\">Nr. 2 Wir bieten Ihnen eine gro\u00dfe Auswahl an Desktop-Materialien. Kontaktieren Sie uns, um mehr zu erfahren<\/p>\n<p><img loading=\"lazy\" decoding=\"async\" class=\"aligncenter wp-image-5319 size-full\" src=\"http:\/\/hpott.com\/wp-content\/uploads\/2023\/02\/tabletop-material.webp\" alt=\"beliebter eingebauter Induktionsherd kleiner Hot Pot Tisch mit Grill\" width=\"750\" height=\"239\" srcset=\"https:\/\/hpott.com\/wp-content\/uploads\/2023\/02\/tabletop-material.webp 750w, https:\/\/hpott.com\/wp-content\/uploads\/2023\/02\/tabletop-material-300x96.webp 300w, https:\/\/hpott.com\/wp-content\/uploads\/2023\/02\/tabletop-material-600x191.webp 600w, https:\/\/hpott.com\/wp-content\/uploads\/2023\/02\/tabletop-material-64x20.webp 64w\" sizes=\"auto, (max-width: 750px) 100vw, 750px\" \/><\/p>\n<p style=\"text-align: center;\">Nr. 3: Wir k\u00f6nnen Ihnen beim Entwurf verschiedener Gr\u00f6\u00dfen helfen, darunter rund, quadratisch, 4 Sitze, 6 Sitze usw.<\/p>\n<p style=\"text-align: center;\"><img loading=\"lazy\" decoding=\"async\" class=\"aligncenter wp-image-4327 size-full\" src=\"http:\/\/hpott.com\/wp-content\/uploads\/2022\/10\/Korean-Size.webp\" alt=\"\" width=\"800\" height=\"550\" srcset=\"https:\/\/hpott.com\/wp-content\/uploads\/2022\/10\/Korean-Size.webp 800w, https:\/\/hpott.com\/wp-content\/uploads\/2022\/10\/Korean-Size-300x206.webp 300w, https:\/\/hpott.com\/wp-content\/uploads\/2022\/10\/Korean-Size-768x528.webp 768w, https:\/\/hpott.com\/wp-content\/uploads\/2022\/10\/Korean-Size-600x413.webp 600w\" sizes=\"auto, (max-width: 800px) 100vw, 800px\" \/><span style=\"color: #ff0000;\"><strong>Verpackung\u00a0<\/strong><\/span><\/p>\n<p style=\"text-align: center;\">Verpackungsdetails: Verpackung mit Holzregalen<\/p>\n<p style=\"text-align: center;\">Hafen: Foshan, Zhongshan, Shenzhen<\/p>\n<p style=\"text-align: center;\">Lieferzeit: ca. 25 Tage<\/p>\n<p>&nbsp;<\/p>\n<p><img loading=\"lazy\" decoding=\"async\" class=\"aligncenter wp-image-5320 size-full\" src=\"http:\/\/hpott.com\/wp-content\/uploads\/2023\/02\/Packaging-delivery.webp\" alt=\"beliebter eingebauter Induktionsherd kleiner Hot Pot Tisch mit Grill\" width=\"750\" height=\"400\" srcset=\"https:\/\/hpott.com\/wp-content\/uploads\/2023\/02\/Packaging-delivery.webp 750w, https:\/\/hpott.com\/wp-content\/uploads\/2023\/02\/Packaging-delivery-300x160.webp 300w, https:\/\/hpott.com\/wp-content\/uploads\/2023\/02\/Packaging-delivery-600x320.webp 600w, https:\/\/hpott.com\/wp-content\/uploads\/2023\/02\/Packaging-delivery-64x34.webp 64w\" sizes=\"auto, (max-width: 750px) 100vw, 750px\" \/><\/p>\n<p style=\"text-align: center;\"><span style=\"color: #ff0000;\"><strong>Kundenbeispiele<\/strong><\/span><\/p>\n<p style=\"text-align: center;\">Wir arbeiten derzeit mit \u00fcber 500 Restaurants zusammen<\/p>\n<p><img loading=\"lazy\" decoding=\"async\" class=\"aligncenter wp-image-5321 size-full\" src=\"http:\/\/hpott.com\/wp-content\/uploads\/2023\/02\/Case-Collaboration-.webp\" alt=\"beliebter eingebauter Induktionsherd kleiner Hot Pot Tisch mit Grill\" width=\"750\" height=\"750\" srcset=\"https:\/\/hpott.com\/wp-content\/uploads\/2023\/02\/Case-Collaboration-.webp 750w, https:\/\/hpott.com\/wp-content\/uploads\/2023\/02\/Case-Collaboration--300x300.webp 300w, https:\/\/hpott.com\/wp-content\/uploads\/2023\/02\/Case-Collaboration--150x150.webp 150w, https:\/\/hpott.com\/wp-content\/uploads\/2023\/02\/Case-Collaboration--600x600.webp 600w, https:\/\/hpott.com\/wp-content\/uploads\/2023\/02\/Case-Collaboration--100x100.webp 100w, https:\/\/hpott.com\/wp-content\/uploads\/2023\/02\/Case-Collaboration--64x64.webp 64w\" sizes=\"auto, (max-width: 750px) 100vw, 750px\" \/><\/p>","protected":false},"excerpt":{"rendered":"<p><strong>Produkt-ID:\u00a0<\/strong>HP-C16<\/p>\n<p><strong>Produktgr\u00f6\u00dfe: <\/strong>L1300XB900XH760mm oder Anpassung<\/p>\n<p><strong>Tischplattenmaterial: <\/strong>Kunstmarmor oder Individualisierung<\/p>\n<p>HPOTT kann es entsprechend Ihren Anforderungen anpassen<\/p>","protected":false},"featured_media":5288,"template":"","meta":{"_acf_changed":false,"_seopress_robots_primary_cat":"none","_seopress_titles_title":"","_seopress_titles_desc":"","_seopress_robots_index":""},"product_brand":[],"product_cat":[40,30,31,33],"product_tag":[],"class_list":{"0":"post-5285","1":"product","2":"type-product","3":"status-publish","4":"has-post-thumbnail","6":"product_cat-korean-bbq-grill-table","7":"product_cat-hot-pot-table","8":"product_cat-square-hot-pot-tables","9":"product_cat-hot-pot-and-bbq-table","11":"first","12":"instock","13":"shipping-taxable","14":"product-type-simple"},"acf":[],"_links":{"self":[{"href":"https:\/\/hpott.com\/de\/wp-json\/wp\/v2\/product\/5285","targetHints":{"allow":["GET"]}}],"collection":[{"href":"https:\/\/hpott.com\/de\/wp-json\/wp\/v2\/product"}],"about":[{"href":"https:\/\/hpott.com\/de\/wp-json\/wp\/v2\/types\/product"}],"wp:featuredmedia":[{"embeddable":true,"href":"https:\/\/hpott.com\/de\/wp-json\/wp\/v2\/media\/5288"}],"wp:attachment":[{"href":"https:\/\/hpott.com\/de\/wp-json\/wp\/v2\/media?parent=5285"}],"wp:term":[{"taxonomy":"product_brand","embeddable":true,"href":"https:\/\/hpott.com\/de\/wp-json\/wp\/v2\/product_brand?post=5285"},{"taxonomy":"product_cat","embeddable":true,"href":"https:\/\/hpott.com\/de\/wp-json\/wp\/v2\/product_cat?post=5285"},{"taxonomy":"product_tag","embeddable":true,"href":"https:\/\/hpott.com\/de\/wp-json\/wp\/v2\/product_tag?post=5285"}],"curies":[{"name":"wp","href":"https:\/\/api.w.org\/{rel}","templated":true}]}}