{"id":5340,"date":"2023-02-24T01:17:44","date_gmt":"2023-02-24T09:17:44","guid":{"rendered":"https:\/\/hpott.com\/?post_type=product&#038;p=5340"},"modified":"2023-06-22T23:09:29","modified_gmt":"2023-06-23T07:09:29","slug":"hot-pot-table-with-induction-cooker-electric-commercial-round-hot-pot-table","status":"publish","type":"product","link":"https:\/\/hpott.com\/de\/produkt\/hot-pot-table-with-induction-cooker-electric-commercial-round-hot-pot-table\/","title":{"rendered":"Hot Pot Tisch mit Induktionsherd Elektrischer kommerzieller runder Hot Pot Tisch"},"content":{"rendered":"<p>\u3010Name\u3011: Marmor-Hot-Pot-Tisch<br \/>\n\u3010Herkunft\u3011: Guangdong, China<br \/>\n\u3010Tischplattengr\u00f6\u00dfe\u3011: Durchmesser 1300 mm, 1400 mm, 1500 mm, 1600 mm, 1700 mm, 1800 mm (Gr\u00f6\u00dfe kann angepasst werden)<br \/>\n\u3010Material\u3011: Marmortischplatte + lackierte Stahlplattenbasis<br \/>\n\u3010Farbe\u3011: Auf Anfrage erh\u00e4ltlich<br \/>\n\u3010Anwendung\u3011: Hot Pot Restaurant, Hotel, andere Restaurants<br \/>\n\u3010Besonderheit\u3011<br \/>\n<strong>01<\/strong><br \/>\n<strong>Integrierter Dekorring<\/strong><br \/>\nDie integrierte Formhaube besteht aus verdicktem Edelstahl, einer nahtlos integrierten Formstruktur und einer engen Klemmposition.<br \/>\n<strong>02<\/strong><br \/>\n<strong>Rauchfreie Reinigung<\/strong><br \/>\nKeine Notwendigkeit, Rauchabzugsrohr zu installieren, direkte Verwendung von rauchfreien Reinigern, Energieeinsparung und Umweltschutz, neuartige Mode<br \/>\n<strong>03<\/strong><br \/>\n<strong>Ma\u00dfgeschneiderter rauchfreier Hot Pot-Tisch<\/strong><br \/>\nW\u00e4hlen Sie hochwertiges Material, kreieren Sie einen modernen, schlichten chinesischen Stil, warm, praktisch, schlicht und gro\u00dfz\u00fcgig<br \/>\n<strong>04<\/strong><br \/>\n<strong>Fu\u00dfst\u00fctze aus Edelstahl<\/strong><br \/>\nDer Hot Pot-Tisch steht stabil und stabil, wackelt nicht und Sie k\u00f6nnen Ihre Mahlzeit leichter genie\u00dfen.<\/p>\n<p style=\"text-align: center;\"><span style=\"color: #ff0000;\"><strong>Individuelle Anpassung f\u00fcr Sie<\/strong><\/span><\/p>\n<p style=\"text-align: center;\">Nr. 1 Wir haben mindestens 500 Farben zur Auswahl<\/p>\n<p><img loading=\"lazy\" decoding=\"async\" class=\"aligncenter wp-image-5318 size-full\" src=\"http:\/\/hpott.com\/wp-content\/uploads\/2023\/02\/Tabletop-color.webp\" alt=\"beliebter eingebauter Induktionsherd kleiner Hot Pot Tisch mit Grill\" width=\"750\" height=\"457\" srcset=\"https:\/\/hpott.com\/wp-content\/uploads\/2023\/02\/Tabletop-color.webp 750w, https:\/\/hpott.com\/wp-content\/uploads\/2023\/02\/Tabletop-color-300x183.webp 300w, https:\/\/hpott.com\/wp-content\/uploads\/2023\/02\/Tabletop-color-600x366.webp 600w, https:\/\/hpott.com\/wp-content\/uploads\/2023\/02\/Tabletop-color-64x39.webp 64w\" sizes=\"auto, (max-width: 750px) 100vw, 750px\" \/><\/p>\n<p style=\"text-align: center;\">Nr. 2 Wir bieten Ihnen eine gro\u00dfe Auswahl an Desktop-Materialien. Kontaktieren Sie uns, um mehr zu erfahren<\/p>\n<p><img loading=\"lazy\" decoding=\"async\" class=\"aligncenter wp-image-5319 size-full\" src=\"http:\/\/hpott.com\/wp-content\/uploads\/2023\/02\/tabletop-material.webp\" alt=\"beliebter eingebauter Induktionsherd kleiner Hot Pot Tisch mit Grill\" width=\"750\" height=\"239\" srcset=\"https:\/\/hpott.com\/wp-content\/uploads\/2023\/02\/tabletop-material.webp 750w, https:\/\/hpott.com\/wp-content\/uploads\/2023\/02\/tabletop-material-300x96.webp 300w, https:\/\/hpott.com\/wp-content\/uploads\/2023\/02\/tabletop-material-600x191.webp 600w, https:\/\/hpott.com\/wp-content\/uploads\/2023\/02\/tabletop-material-64x20.webp 64w\" sizes=\"auto, (max-width: 750px) 100vw, 750px\" \/><\/p>\n<p style=\"text-align: center;\">Nr. 3: Wir k\u00f6nnen Ihnen beim Entwurf verschiedener Gr\u00f6\u00dfen helfen, darunter rund, quadratisch, 4 Sitze, 6 Sitze usw.<\/p>\n<p style=\"text-align: center;\"><img loading=\"lazy\" decoding=\"async\" class=\"aligncenter wp-image-4327 size-full\" src=\"http:\/\/hpott.com\/wp-content\/uploads\/2022\/10\/Korean-Size.webp\" alt=\"\" width=\"800\" height=\"550\" srcset=\"https:\/\/hpott.com\/wp-content\/uploads\/2022\/10\/Korean-Size.webp 800w, https:\/\/hpott.com\/wp-content\/uploads\/2022\/10\/Korean-Size-300x206.webp 300w, https:\/\/hpott.com\/wp-content\/uploads\/2022\/10\/Korean-Size-768x528.webp 768w, https:\/\/hpott.com\/wp-content\/uploads\/2022\/10\/Korean-Size-600x413.webp 600w\" sizes=\"auto, (max-width: 800px) 100vw, 800px\" \/><span style=\"color: #ff0000;\"><strong>Verpackung\u00a0<\/strong><\/span><\/p>\n<p style=\"text-align: center;\">Verpackungsdetails: Verpackung mit Holzregalen<\/p>\n<p style=\"text-align: center;\">Hafen: Foshan, Zhongshan, Shenzhen<\/p>\n<p style=\"text-align: center;\">Lieferzeit: ca. 25 Tage<\/p>\n<p>&nbsp;<\/p>\n<p><img loading=\"lazy\" decoding=\"async\" class=\"aligncenter wp-image-5320 size-full\" src=\"http:\/\/hpott.com\/wp-content\/uploads\/2023\/02\/Packaging-delivery.webp\" alt=\"beliebter eingebauter Induktionsherd kleiner Hot Pot Tisch mit Grill\" width=\"750\" height=\"400\" srcset=\"https:\/\/hpott.com\/wp-content\/uploads\/2023\/02\/Packaging-delivery.webp 750w, https:\/\/hpott.com\/wp-content\/uploads\/2023\/02\/Packaging-delivery-300x160.webp 300w, https:\/\/hpott.com\/wp-content\/uploads\/2023\/02\/Packaging-delivery-600x320.webp 600w, https:\/\/hpott.com\/wp-content\/uploads\/2023\/02\/Packaging-delivery-64x34.webp 64w\" sizes=\"auto, (max-width: 750px) 100vw, 750px\" \/><\/p>\n<p style=\"text-align: center;\"><span style=\"color: #ff0000;\"><strong>Kundenbeispiele<\/strong><\/span><\/p>\n<p style=\"text-align: center;\">Wir arbeiten derzeit mit \u00fcber 500 Restaurants zusammen<\/p>\n<p><img loading=\"lazy\" decoding=\"async\" class=\"aligncenter wp-image-5321 size-full\" src=\"http:\/\/hpott.com\/wp-content\/uploads\/2023\/02\/Case-Collaboration-.webp\" alt=\"beliebter eingebauter Induktionsherd kleiner Hot Pot Tisch mit Grill\" width=\"750\" height=\"750\" srcset=\"https:\/\/hpott.com\/wp-content\/uploads\/2023\/02\/Case-Collaboration-.webp 750w, https:\/\/hpott.com\/wp-content\/uploads\/2023\/02\/Case-Collaboration--300x300.webp 300w, https:\/\/hpott.com\/wp-content\/uploads\/2023\/02\/Case-Collaboration--150x150.webp 150w, https:\/\/hpott.com\/wp-content\/uploads\/2023\/02\/Case-Collaboration--600x600.webp 600w, https:\/\/hpott.com\/wp-content\/uploads\/2023\/02\/Case-Collaboration--100x100.webp 100w, https:\/\/hpott.com\/wp-content\/uploads\/2023\/02\/Case-Collaboration--64x64.webp 64w\" sizes=\"auto, (max-width: 750px) 100vw, 750px\" \/><\/p>","protected":false},"excerpt":{"rendered":"<p><strong>Produkt-ID:\u00a0<\/strong>HP-R05<\/p>\n<p><strong>Produktgr\u00f6\u00dfe: <\/strong>Anpassung<\/p>\n<p><strong>Tischplattenmaterial: <\/strong>Kunstmarmor oder Individualisierung<\/p>\n<p>HPOTT kann es entsprechend Ihren Anforderungen anpassen<\/p>","protected":false},"featured_media":5344,"template":"","meta":{"_acf_changed":false,"_seopress_robots_primary_cat":"none","_seopress_titles_title":"","_seopress_titles_desc":"","_seopress_robots_index":""},"product_brand":[],"product_cat":[30,32],"product_tag":[],"class_list":{"0":"post-5340","1":"product","2":"type-product","3":"status-publish","4":"has-post-thumbnail","6":"product_cat-hot-pot-table","7":"product_cat-round-hot-pot-tables","9":"first","10":"instock","11":"shipping-taxable","12":"product-type-simple"},"acf":[],"_links":{"self":[{"href":"https:\/\/hpott.com\/de\/wp-json\/wp\/v2\/product\/5340","targetHints":{"allow":["GET"]}}],"collection":[{"href":"https:\/\/hpott.com\/de\/wp-json\/wp\/v2\/product"}],"about":[{"href":"https:\/\/hpott.com\/de\/wp-json\/wp\/v2\/types\/product"}],"wp:featuredmedia":[{"embeddable":true,"href":"https:\/\/hpott.com\/de\/wp-json\/wp\/v2\/media\/5344"}],"wp:attachment":[{"href":"https:\/\/hpott.com\/de\/wp-json\/wp\/v2\/media?parent=5340"}],"wp:term":[{"taxonomy":"product_brand","embeddable":true,"href":"https:\/\/hpott.com\/de\/wp-json\/wp\/v2\/product_brand?post=5340"},{"taxonomy":"product_cat","embeddable":true,"href":"https:\/\/hpott.com\/de\/wp-json\/wp\/v2\/product_cat?post=5340"},{"taxonomy":"product_tag","embeddable":true,"href":"https:\/\/hpott.com\/de\/wp-json\/wp\/v2\/product_tag?post=5340"}],"curies":[{"name":"wp","href":"https:\/\/api.w.org\/{rel}","templated":true}]}}