{"id":5464,"date":"2023-03-03T18:59:34","date_gmt":"2023-03-04T02:59:34","guid":{"rendered":"https:\/\/hpott.com\/?post_type=product&#038;p=5464"},"modified":"2023-06-26T02:02:15","modified_gmt":"2023-06-26T10:02:15","slug":"gas-hot-pot-herd-koreanischer-grill-rauchfreier-hot-pot-tisch-fur-restaurants-zu-verkaufen","status":"publish","type":"product","link":"https:\/\/hpott.com\/de\/produkt\/gas-hot-pot-herd-koreanischer-grill-rauchfreier-hot-pot-tisch-fur-restaurants-zu-verkaufen\/","title":{"rendered":"Gas-Hot-Pot-Herd Koreanischer BBQ-Grill Rauchfreier Restaurant-Hot-Pot-Tisch zum Verkauf"},"content":{"rendered":"<p>\u3010Name\u3011: Gas-Hot Pot und BBQ-Grilltisch<br \/>\n\u3010Herkunft\u3011: Guangdong, China<br \/>\n\u3010Gr\u00f6\u00dfe\u3011: 1300 x 900 x 760 mm (Gr\u00f6\u00dfe kann angepasst werden)<br \/>\n\u3010Material\u3011: Marmortischplatte + Edelstahlbasis<br \/>\n\u3010Farbe\u3011: Auf Anfrage erh\u00e4ltlich<br \/>\n\u3010Anwendung\u3011: Hot Pot Restaurant, Hotel, andere Restaurants<br \/>\n\u3010Besonderheit\u3011<br \/>\n01<br \/>\nIntegrierter Dekorring<br \/>\nDie integrierte Formhaube besteht aus verdicktem Edelstahl, einer nahtlos integrierten Formstruktur und einer engen Klemmposition.<br \/>\n02<br \/>\nRauchfreie Reinigung<br \/>\nKeine Notwendigkeit, Rauchabzugsrohr zu installieren, direkte Verwendung von rauchfreien Reinigern, Energieeinsparung und Umweltschutz, neuartige Mode<br \/>\n03<br \/>\nMa\u00dfgeschneiderter rauchfreier Hot Pot-Tisch<br \/>\nW\u00e4hlen Sie hochwertiges Material, kreieren Sie einen modernen, schlichten chinesischen Stil, warm, praktisch, schlicht und gro\u00dfz\u00fcgig<br \/>\n04<br \/>\nFu\u00dfst\u00fctze aus Edelstahl<br \/>\nDer Hot Pot-Tisch steht stabil und stabil, wackelt nicht und Sie k\u00f6nnen Ihre Mahlzeit entspannter genie\u00dfen.<\/p>\n<p style=\"text-align: center;\"><strong>Rauchfreies Reinigungssystem<\/strong><\/p>\n<p><img loading=\"lazy\" decoding=\"async\" class=\"size-full wp-image-5648 aligncenter\" src=\"http:\/\/hpott.com\/wp-content\/uploads\/2023\/03\/\u51c0\u5316\u5668\u8be6\u60c5.webp\" alt=\"Rauchfreier koreanischer Barbecue-Grilltisch f\u00fcr den Innenbereich eines kommerziellen Restaurants zu verkaufen\" width=\"750\" height=\"1300\" srcset=\"https:\/\/hpott.com\/wp-content\/uploads\/2023\/03\/\u51c0\u5316\u5668\u8be6\u60c5.webp 750w, https:\/\/hpott.com\/wp-content\/uploads\/2023\/03\/\u51c0\u5316\u5668\u8be6\u60c5-173x300.webp 173w, https:\/\/hpott.com\/wp-content\/uploads\/2023\/03\/\u51c0\u5316\u5668\u8be6\u60c5-591x1024.webp 591w, https:\/\/hpott.com\/wp-content\/uploads\/2023\/03\/\u51c0\u5316\u5668\u8be6\u60c5-600x1040.webp 600w, https:\/\/hpott.com\/wp-content\/uploads\/2023\/03\/\u51c0\u5316\u5668\u8be6\u60c5-64x111.webp 64w\" sizes=\"auto, (max-width: 750px) 100vw, 750px\" \/><\/p>\n<p style=\"text-align: center;\"><strong>Individuelle Anpassung f\u00fcr Sie<\/strong><\/p>\n<p style=\"text-align: center;\">Nr. 1 Wir haben mindestens 500 Farben zur Auswahl<\/p>\n<p style=\"text-align: center;\"><img loading=\"lazy\" decoding=\"async\" class=\"aligncenter wp-image-5318 size-full entered lazyloaded\" src=\"http:\/\/hpott.com\/wp-content\/uploads\/2023\/02\/Tabletop-color.webp\" sizes=\"auto, (max-width: 750px) 100vw, 750px\" srcset=\"https:\/\/hpott.com\/wp-content\/uploads\/2023\/02\/Tabletop-color.webp 750w, https:\/\/hpott.com\/wp-content\/uploads\/2023\/02\/Tabletop-color-300x183.webp 300w, https:\/\/hpott.com\/wp-content\/uploads\/2023\/02\/Tabletop-color-600x366.webp 600w, https:\/\/hpott.com\/wp-content\/uploads\/2023\/02\/Tabletop-color-64x39.webp 64w\" alt=\"beliebter eingebauter Induktionsherd kleiner Hot Pot Tisch mit Grill\" width=\"750\" height=\"457\" data-lazy-srcset=\"https:\/\/hpott.com\/wp-content\/uploads\/2023\/02\/Tabletop-color.webp 750w, https:\/\/hpott.com\/wp-content\/uploads\/2023\/02\/Tabletop-color-300x183.webp 300w, https:\/\/hpott.com\/wp-content\/uploads\/2023\/02\/Tabletop-color-600x366.webp 600w, https:\/\/hpott.com\/wp-content\/uploads\/2023\/02\/Tabletop-color-64x39.webp 64w\" data-lazy-sizes=\"(max-width: 750px) 100vw, 750px\" data-lazy-src=\"http:\/\/hpott.com\/wp-content\/uploads\/2023\/02\/Tabletop-color.webp\" data-ll-status=\"loaded\" \/><\/p>\n<p style=\"text-align: center;\">Nr. 2 Wir bieten Ihnen eine gro\u00dfe Auswahl an Desktop-Materialien. Kontaktieren Sie uns, um mehr zu erfahren<\/p>\n<p style=\"text-align: center;\"><img loading=\"lazy\" decoding=\"async\" class=\"aligncenter wp-image-5319 size-full entered lazyloaded\" src=\"http:\/\/hpott.com\/wp-content\/uploads\/2023\/02\/tabletop-material.webp\" sizes=\"auto, (max-width: 750px) 100vw, 750px\" srcset=\"https:\/\/hpott.com\/wp-content\/uploads\/2023\/02\/tabletop-material.webp 750w, https:\/\/hpott.com\/wp-content\/uploads\/2023\/02\/tabletop-material-300x96.webp 300w, https:\/\/hpott.com\/wp-content\/uploads\/2023\/02\/tabletop-material-600x191.webp 600w, https:\/\/hpott.com\/wp-content\/uploads\/2023\/02\/tabletop-material-64x20.webp 64w\" alt=\"beliebter eingebauter Induktionsherd kleiner Hot Pot Tisch mit Grill\" width=\"750\" height=\"239\" data-lazy-srcset=\"https:\/\/hpott.com\/wp-content\/uploads\/2023\/02\/tabletop-material.webp 750w, https:\/\/hpott.com\/wp-content\/uploads\/2023\/02\/tabletop-material-300x96.webp 300w, https:\/\/hpott.com\/wp-content\/uploads\/2023\/02\/tabletop-material-600x191.webp 600w, https:\/\/hpott.com\/wp-content\/uploads\/2023\/02\/tabletop-material-64x20.webp 64w\" data-lazy-sizes=\"(max-width: 750px) 100vw, 750px\" data-lazy-src=\"http:\/\/hpott.com\/wp-content\/uploads\/2023\/02\/tabletop-material.webp\" data-ll-status=\"loaded\" \/><\/p>\n<p style=\"text-align: center;\">Nr. 3: Wir k\u00f6nnen Ihnen beim Entwurf verschiedener Gr\u00f6\u00dfen helfen, darunter rund, quadratisch, 4 Sitze, 6 Sitze usw.<\/p>\n<p style=\"text-align: center;\"><img loading=\"lazy\" decoding=\"async\" class=\"aligncenter wp-image-4327 size-full entered lazyloaded\" src=\"http:\/\/hpott.com\/wp-content\/uploads\/2022\/10\/Korean-Size.webp\" sizes=\"auto, (max-width: 800px) 100vw, 800px\" srcset=\"https:\/\/hpott.com\/wp-content\/uploads\/2022\/10\/Korean-Size.webp 800w, https:\/\/hpott.com\/wp-content\/uploads\/2022\/10\/Korean-Size-300x206.webp 300w, https:\/\/hpott.com\/wp-content\/uploads\/2022\/10\/Korean-Size-768x528.webp 768w, https:\/\/hpott.com\/wp-content\/uploads\/2022\/10\/Korean-Size-600x413.webp 600w\" alt=\"\" width=\"800\" height=\"550\" data-lazy-srcset=\"https:\/\/hpott.com\/wp-content\/uploads\/2022\/10\/Korean-Size.webp 800w, https:\/\/hpott.com\/wp-content\/uploads\/2022\/10\/Korean-Size-300x206.webp 300w, https:\/\/hpott.com\/wp-content\/uploads\/2022\/10\/Korean-Size-768x528.webp 768w, https:\/\/hpott.com\/wp-content\/uploads\/2022\/10\/Korean-Size-600x413.webp 600w\" data-lazy-sizes=\"(max-width: 800px) 100vw, 800px\" data-lazy-src=\"http:\/\/hpott.com\/wp-content\/uploads\/2022\/10\/Korean-Size.webp\" data-ll-status=\"loaded\" \/><strong>Verpackung\u00a0<\/strong><\/p>\n<p style=\"text-align: center;\">Verpackungsdetails: Verpackung mit Holzregalen<\/p>\n<p style=\"text-align: center;\">Hafen: Foshan, Zhongshan, Shenzhen<\/p>\n<p style=\"text-align: center;\">Lieferzeit: ca. 25 Tage<\/p>\n<p style=\"text-align: center;\"><img loading=\"lazy\" decoding=\"async\" class=\"aligncenter wp-image-5320 size-full entered lazyloaded\" src=\"http:\/\/hpott.com\/wp-content\/uploads\/2023\/02\/Packaging-delivery.webp\" sizes=\"auto, (max-width: 750px) 100vw, 750px\" srcset=\"https:\/\/hpott.com\/wp-content\/uploads\/2023\/02\/Packaging-delivery.webp 750w, https:\/\/hpott.com\/wp-content\/uploads\/2023\/02\/Packaging-delivery-300x160.webp 300w, https:\/\/hpott.com\/wp-content\/uploads\/2023\/02\/Packaging-delivery-600x320.webp 600w, https:\/\/hpott.com\/wp-content\/uploads\/2023\/02\/Packaging-delivery-64x34.webp 64w\" alt=\"beliebter eingebauter Induktionsherd kleiner Hot Pot Tisch mit Grill\" width=\"750\" height=\"400\" data-lazy-srcset=\"https:\/\/hpott.com\/wp-content\/uploads\/2023\/02\/Packaging-delivery.webp 750w, https:\/\/hpott.com\/wp-content\/uploads\/2023\/02\/Packaging-delivery-300x160.webp 300w, https:\/\/hpott.com\/wp-content\/uploads\/2023\/02\/Packaging-delivery-600x320.webp 600w, https:\/\/hpott.com\/wp-content\/uploads\/2023\/02\/Packaging-delivery-64x34.webp 64w\" data-lazy-sizes=\"(max-width: 750px) 100vw, 750px\" data-lazy-src=\"http:\/\/hpott.com\/wp-content\/uploads\/2023\/02\/Packaging-delivery.webp\" data-ll-status=\"loaded\" \/><\/p>\n<p style=\"text-align: center;\"><strong>Kundenbeispiele<\/strong><\/p>\n<p style=\"text-align: center;\">Wir arbeiten derzeit mit \u00fcber 500 Restaurants zusammen<\/p>\n<p><img loading=\"lazy\" decoding=\"async\" class=\"aligncenter wp-image-5321 size-full entered lazyloaded\" src=\"http:\/\/hpott.com\/wp-content\/uploads\/2023\/02\/Case-Collaboration-.webp\" sizes=\"auto, (max-width: 750px) 100vw, 750px\" srcset=\"https:\/\/hpott.com\/wp-content\/uploads\/2023\/02\/Case-Collaboration-.webp 750w, https:\/\/hpott.com\/wp-content\/uploads\/2023\/02\/Case-Collaboration--300x300.webp 300w, https:\/\/hpott.com\/wp-content\/uploads\/2023\/02\/Case-Collaboration--150x150.webp 150w, https:\/\/hpott.com\/wp-content\/uploads\/2023\/02\/Case-Collaboration--600x600.webp 600w, https:\/\/hpott.com\/wp-content\/uploads\/2023\/02\/Case-Collaboration--100x100.webp 100w, https:\/\/hpott.com\/wp-content\/uploads\/2023\/02\/Case-Collaboration--64x64.webp 64w\" alt=\"beliebter eingebauter Induktionsherd kleiner Hot Pot Tisch mit Grill\" width=\"750\" height=\"750\" data-lazy-srcset=\"https:\/\/hpott.com\/wp-content\/uploads\/2023\/02\/Case-Collaboration-.webp 750w, https:\/\/hpott.com\/wp-content\/uploads\/2023\/02\/Case-Collaboration--300x300.webp 300w, https:\/\/hpott.com\/wp-content\/uploads\/2023\/02\/Case-Collaboration--150x150.webp 150w, https:\/\/hpott.com\/wp-content\/uploads\/2023\/02\/Case-Collaboration--600x600.webp 600w, https:\/\/hpott.com\/wp-content\/uploads\/2023\/02\/Case-Collaboration--100x100.webp 100w, https:\/\/hpott.com\/wp-content\/uploads\/2023\/02\/Case-Collaboration--64x64.webp 64w\" data-lazy-sizes=\"(max-width: 750px) 100vw, 750px\" data-lazy-src=\"http:\/\/hpott.com\/wp-content\/uploads\/2023\/02\/Case-Collaboration-.webp\" data-ll-status=\"loaded\" \/><\/p>","protected":false},"excerpt":{"rendered":"<p><strong>Produkt-ID:\u00a0<\/strong>HP-C11<\/p>\n<p>Gas-Hotpot und BBQ-Grill. Der Fabrikdirektverkauf koreanischer rauchfreier BBQ-Grills und Hotpot-Tische kann \u00fcber eine individuelle USB-Schnittstelle verf\u00fcgen, das Aufladen von Mobiltelefonen unterst\u00fctzen und benutzerfreundlich sein.<\/p>","protected":false},"featured_media":5467,"template":"","meta":{"_acf_changed":false,"_seopress_robots_primary_cat":"none","_seopress_titles_title":"","_seopress_titles_desc":"","_seopress_robots_index":""},"product_brand":[],"product_cat":[30,31,33],"product_tag":[],"class_list":{"0":"post-5464","1":"product","2":"type-product","3":"status-publish","4":"has-post-thumbnail","6":"product_cat-hot-pot-table","7":"product_cat-square-hot-pot-tables","8":"product_cat-hot-pot-and-bbq-table","10":"first","11":"instock","12":"shipping-taxable","13":"product-type-simple"},"acf":[],"_links":{"self":[{"href":"https:\/\/hpott.com\/de\/wp-json\/wp\/v2\/product\/5464","targetHints":{"allow":["GET"]}}],"collection":[{"href":"https:\/\/hpott.com\/de\/wp-json\/wp\/v2\/product"}],"about":[{"href":"https:\/\/hpott.com\/de\/wp-json\/wp\/v2\/types\/product"}],"wp:featuredmedia":[{"embeddable":true,"href":"https:\/\/hpott.com\/de\/wp-json\/wp\/v2\/media\/5467"}],"wp:attachment":[{"href":"https:\/\/hpott.com\/de\/wp-json\/wp\/v2\/media?parent=5464"}],"wp:term":[{"taxonomy":"product_brand","embeddable":true,"href":"https:\/\/hpott.com\/de\/wp-json\/wp\/v2\/product_brand?post=5464"},{"taxonomy":"product_cat","embeddable":true,"href":"https:\/\/hpott.com\/de\/wp-json\/wp\/v2\/product_cat?post=5464"},{"taxonomy":"product_tag","embeddable":true,"href":"https:\/\/hpott.com\/de\/wp-json\/wp\/v2\/product_tag?post=5464"}],"curies":[{"name":"wp","href":"https:\/\/api.w.org\/{rel}","templated":true}]}}