{"id":5468,"date":"2023-03-03T19:20:51","date_gmt":"2023-03-04T03:20:51","guid":{"rendered":"https:\/\/hpott.com\/?post_type=product&#038;p=5468"},"modified":"2023-12-04T22:27:11","modified_gmt":"2023-12-05T06:27:11","slug":"koreanischer-grilltisch-fur-den-innenbereich-kommerzieller-hot-pot-tisch-eingebauter-koreanischer-grilltisch-zum-verkauf","status":"publish","type":"product","link":"https:\/\/hpott.com\/de\/produkt\/koreanischer-grilltisch-fur-den-innenbereich-kommerzieller-hot-pot-tisch-eingebauter-koreanischer-grilltisch-zum-verkauf\/","title":{"rendered":"Rauchfreier koreanischer Barbecue-Grilltisch f\u00fcr gewerbliche Restaurants im Innenbereich zu verkaufen"},"content":{"rendered":"<p>\u3010Name\u3011: Hot Pot und BBQ-Grilltisch<br \/>\n\u3010Herkunft\u3011: Guangdong, China<br \/>\n\u3010Gr\u00f6\u00dfe\u3011: 1300 x 900 x 760 mm (Gr\u00f6\u00dfe kann angepasst werden)<br \/>\n\u3010Material\u3011: Marmortischplatte + Edelstahlbasis<br \/>\n\u3010Farbe\u3011: Auf Anfrage erh\u00e4ltlich<br \/>\n\u3010Anwendung\u3011: Hot Pot Restaurant, Hotel, andere Restaurants<br \/>\n\u3010Besonderheit\u3011<br \/>\n01<br \/>\nIntegrierter Dekorring<br \/>\nDie integrierte Formhaube besteht aus verdicktem Edelstahl, einer nahtlos integrierten Formstruktur und einer engen Klemmposition.<br \/>\n02<br \/>\nRauchfreie Reinigung<br \/>\nKeine Notwendigkeit, Rauchabzugsrohr zu installieren, direkte Verwendung von rauchfreien Reinigern, Energieeinsparung und Umweltschutz, neuartige Mode<br \/>\n03<br \/>\nMa\u00dfgeschneiderter rauchfreier Hot Pot-Tisch<br \/>\nW\u00e4hlen Sie hochwertiges Material, kreieren Sie einen modernen, schlichten chinesischen Stil, warm, praktisch, schlicht und gro\u00dfz\u00fcgig<br \/>\n04<br \/>\nFu\u00dfst\u00fctze aus Edelstahl<br \/>\nDer Hot Pot-Tisch steht stabil und stabil, wackelt nicht und Sie k\u00f6nnen Ihre Mahlzeit entspannter genie\u00dfen.<\/p>\n<p><img loading=\"lazy\" decoding=\"async\" class=\"wp-image-5589 size-full aligncenter\" src=\"http:\/\/hpott.com\/wp-content\/uploads\/2023\/03\/Korean-bbq-grill-table-details.webp\" alt=\"Koreanischer Grilltisch f\u00fcr den Innenbereich, kommerzieller Hot Pot-Tisch, eingebauter koreanischer Grilltisch zum Verkauf\" width=\"750\" height=\"2316\" srcset=\"https:\/\/hpott.com\/wp-content\/uploads\/2023\/03\/Korean-bbq-grill-table-details.webp 750w, https:\/\/hpott.com\/wp-content\/uploads\/2023\/03\/Korean-bbq-grill-table-details-97x300.webp 97w, https:\/\/hpott.com\/wp-content\/uploads\/2023\/03\/Korean-bbq-grill-table-details-332x1024.webp 332w, https:\/\/hpott.com\/wp-content\/uploads\/2023\/03\/Korean-bbq-grill-table-details-497x1536.webp 497w, https:\/\/hpott.com\/wp-content\/uploads\/2023\/03\/Korean-bbq-grill-table-details-663x2048.webp 663w, https:\/\/hpott.com\/wp-content\/uploads\/2023\/03\/Korean-bbq-grill-table-details-600x1853.webp 600w, https:\/\/hpott.com\/wp-content\/uploads\/2023\/03\/Korean-bbq-grill-table-details-64x198.webp 64w\" sizes=\"auto, (max-width: 750px) 100vw, 750px\" \/> <img loading=\"lazy\" decoding=\"async\" class=\"wp-image-5588 size-full aligncenter\" src=\"http:\/\/hpott.com\/wp-content\/uploads\/2023\/03\/Korean-bbq-grill-table-details\uff081\uff09.webp\" alt=\"Koreanischer Grilltisch f\u00fcr den Innenbereich, kommerzieller Hot Pot-Tisch, eingebauter koreanischer Grilltisch zum Verkauf\" width=\"750\" height=\"2176\" srcset=\"https:\/\/hpott.com\/wp-content\/uploads\/2023\/03\/Korean-bbq-grill-table-details\uff081\uff09.webp 750w, https:\/\/hpott.com\/wp-content\/uploads\/2023\/03\/Korean-bbq-grill-table-details\uff081\uff09-103x300.webp 103w, https:\/\/hpott.com\/wp-content\/uploads\/2023\/03\/Korean-bbq-grill-table-details\uff081\uff09-353x1024.webp 353w, https:\/\/hpott.com\/wp-content\/uploads\/2023\/03\/Korean-bbq-grill-table-details\uff081\uff09-529x1536.webp 529w, https:\/\/hpott.com\/wp-content\/uploads\/2023\/03\/Korean-bbq-grill-table-details\uff081\uff09-706x2048.webp 706w, https:\/\/hpott.com\/wp-content\/uploads\/2023\/03\/Korean-bbq-grill-table-details\uff081\uff09-600x1741.webp 600w, https:\/\/hpott.com\/wp-content\/uploads\/2023\/03\/Korean-bbq-grill-table-details\uff081\uff09-64x186.webp 64w\" sizes=\"auto, (max-width: 750px) 100vw, 750px\" \/><\/p>\n<p style=\"text-align: center;\"><strong>Verpackung\u00a0<\/strong><\/p>\n<p style=\"text-align: center;\">Verpackungsdetails: Verpackung mit Holzregalen<\/p>\n<p style=\"text-align: center;\">Hafen: Foshan, Zhongshan, Shenzhen<\/p>\n<p style=\"text-align: center;\">Lieferzeit: ca. 25 Tage<\/p>\n<p style=\"text-align: center;\"><img loading=\"lazy\" decoding=\"async\" class=\"aligncenter wp-image-5320 size-full entered lazyloaded\" src=\"http:\/\/hpott.com\/wp-content\/uploads\/2023\/02\/Packaging-delivery.webp\" sizes=\"auto, (max-width: 750px) 100vw, 750px\" srcset=\"https:\/\/hpott.com\/wp-content\/uploads\/2023\/02\/Packaging-delivery.webp 750w, https:\/\/hpott.com\/wp-content\/uploads\/2023\/02\/Packaging-delivery-300x160.webp 300w, https:\/\/hpott.com\/wp-content\/uploads\/2023\/02\/Packaging-delivery-600x320.webp 600w, https:\/\/hpott.com\/wp-content\/uploads\/2023\/02\/Packaging-delivery-64x34.webp 64w\" alt=\"beliebter eingebauter Induktionsherd kleiner Hot Pot Tisch mit Grill\" width=\"750\" height=\"400\" data-lazy-srcset=\"https:\/\/hpott.com\/wp-content\/uploads\/2023\/02\/Packaging-delivery.webp 750w, https:\/\/hpott.com\/wp-content\/uploads\/2023\/02\/Packaging-delivery-300x160.webp 300w, https:\/\/hpott.com\/wp-content\/uploads\/2023\/02\/Packaging-delivery-600x320.webp 600w, https:\/\/hpott.com\/wp-content\/uploads\/2023\/02\/Packaging-delivery-64x34.webp 64w\" data-lazy-sizes=\"(max-width: 750px) 100vw, 750px\" data-lazy-src=\"http:\/\/hpott.com\/wp-content\/uploads\/2023\/02\/Packaging-delivery.webp\" data-ll-status=\"loaded\" \/><\/p>\n<p style=\"text-align: center;\"><strong>Kundenbeispiele<\/strong><\/p>\n<p style=\"text-align: center;\">Wir arbeiten derzeit mit \u00fcber 500 Restaurants zusammen<\/p>\n<p><img loading=\"lazy\" decoding=\"async\" class=\"aligncenter wp-image-5321 size-full entered lazyloaded\" src=\"http:\/\/hpott.com\/wp-content\/uploads\/2023\/02\/Case-Collaboration-.webp\" sizes=\"auto, (max-width: 750px) 100vw, 750px\" srcset=\"https:\/\/hpott.com\/wp-content\/uploads\/2023\/02\/Case-Collaboration-.webp 750w, https:\/\/hpott.com\/wp-content\/uploads\/2023\/02\/Case-Collaboration--300x300.webp 300w, https:\/\/hpott.com\/wp-content\/uploads\/2023\/02\/Case-Collaboration--150x150.webp 150w, https:\/\/hpott.com\/wp-content\/uploads\/2023\/02\/Case-Collaboration--600x600.webp 600w, https:\/\/hpott.com\/wp-content\/uploads\/2023\/02\/Case-Collaboration--100x100.webp 100w, https:\/\/hpott.com\/wp-content\/uploads\/2023\/02\/Case-Collaboration--64x64.webp 64w\" alt=\"beliebter eingebauter Induktionsherd kleiner Hot Pot Tisch mit Grill\" width=\"750\" height=\"750\" data-lazy-srcset=\"https:\/\/hpott.com\/wp-content\/uploads\/2023\/02\/Case-Collaboration-.webp 750w, https:\/\/hpott.com\/wp-content\/uploads\/2023\/02\/Case-Collaboration--300x300.webp 300w, https:\/\/hpott.com\/wp-content\/uploads\/2023\/02\/Case-Collaboration--150x150.webp 150w, https:\/\/hpott.com\/wp-content\/uploads\/2023\/02\/Case-Collaboration--600x600.webp 600w, https:\/\/hpott.com\/wp-content\/uploads\/2023\/02\/Case-Collaboration--100x100.webp 100w, https:\/\/hpott.com\/wp-content\/uploads\/2023\/02\/Case-Collaboration--64x64.webp 64w\" data-lazy-sizes=\"(max-width: 750px) 100vw, 750px\" data-lazy-src=\"http:\/\/hpott.com\/wp-content\/uploads\/2023\/02\/Case-Collaboration-.webp\" data-ll-status=\"loaded\" \/><\/p>","protected":false},"excerpt":{"rendered":"<p><strong>Produkt-ID:\u00a0<\/strong>HP-C12<\/p>\n<p>Hot Pot und BBQ-Grill. Der Direktverkauf koreanischer rauchfreier BBQ-Grills und Hot Pot-Tische ab Werk kann \u00fcber eine individuell anpassbare USB-Schnittstelle verf\u00fcgen, das Aufladen von Mobiltelefonen unterst\u00fctzen und benutzerfreundlich sein.<\/p>","protected":false},"featured_media":5593,"template":"","meta":{"_acf_changed":false,"_seopress_robots_primary_cat":"none","_seopress_titles_title":"Commercial Restaurant Smokeless Korean Barbecue Grill Table For Sale","_seopress_titles_desc":"There are various Korean barbecue grill tables, commercial smokeless grills, and electric, gas, and charcoal types. 1000+ restaurants joined us.","_seopress_robots_index":""},"product_brand":[],"product_cat":[40,30,31,33],"product_tag":[],"class_list":{"0":"post-5468","1":"product","2":"type-product","3":"status-publish","4":"has-post-thumbnail","6":"product_cat-korean-bbq-grill-table","7":"product_cat-hot-pot-table","8":"product_cat-square-hot-pot-tables","9":"product_cat-hot-pot-and-bbq-table","11":"first","12":"instock","13":"shipping-taxable","14":"product-type-simple"},"acf":[],"_links":{"self":[{"href":"https:\/\/hpott.com\/de\/wp-json\/wp\/v2\/product\/5468","targetHints":{"allow":["GET"]}}],"collection":[{"href":"https:\/\/hpott.com\/de\/wp-json\/wp\/v2\/product"}],"about":[{"href":"https:\/\/hpott.com\/de\/wp-json\/wp\/v2\/types\/product"}],"wp:featuredmedia":[{"embeddable":true,"href":"https:\/\/hpott.com\/de\/wp-json\/wp\/v2\/media\/5593"}],"wp:attachment":[{"href":"https:\/\/hpott.com\/de\/wp-json\/wp\/v2\/media?parent=5468"}],"wp:term":[{"taxonomy":"product_brand","embeddable":true,"href":"https:\/\/hpott.com\/de\/wp-json\/wp\/v2\/product_brand?post=5468"},{"taxonomy":"product_cat","embeddable":true,"href":"https:\/\/hpott.com\/de\/wp-json\/wp\/v2\/product_cat?post=5468"},{"taxonomy":"product_tag","embeddable":true,"href":"https:\/\/hpott.com\/de\/wp-json\/wp\/v2\/product_tag?post=5468"}],"curies":[{"name":"wp","href":"https:\/\/api.w.org\/{rel}","templated":true}]}}