{"id":5564,"date":"2023-03-16T01:32:15","date_gmt":"2023-03-16T09:32:15","guid":{"rendered":"https:\/\/hpott.com\/?post_type=product&#038;p=5564"},"modified":"2023-06-15T01:55:02","modified_gmt":"2023-06-15T09:55:02","slug":"korean-barbeque-grill-electric-bbq-restaurant-equipment","status":"publish","type":"product","link":"https:\/\/hpott.com\/de\/produkt\/korean-barbeque-grill-electric-bbq-restaurant-equipment\/","title":{"rendered":"Koreanischer rauchfreier Grill Elektrischer Grill Restaurantausr\u00fcstung"},"content":{"rendered":"<p><strong>Produktgr\u00f6\u00dfe:<\/strong> 610X385X240mm<br \/>\n<strong>Leistung:<\/strong> 3000 W<br \/>\n<strong>Lochgr\u00f6\u00dfe:<\/strong> 580X330mm<\/p>\n<p><strong>Material:<\/strong> Edelstahl<\/p>\n<p><strong>Versandart:<\/strong> auf dem Seeweg oder nach Bedarf<\/p>\n<p><strong>Lieferzeiten:<\/strong> ca. 25 Tage, oder abh\u00e4ngig von der Anzahl der Produkte<\/p>\n<p><img loading=\"lazy\" decoding=\"async\" class=\"alignnone wp-image-5571 size-full\" src=\"http:\/\/hpott.com\/wp-content\/uploads\/2023\/03\/610-Korean-BBQ-grill-1.webp\" alt=\"koreanischer Barbecue-Grill elektrisch f\u00fcr Restaurants\" width=\"750\" height=\"1034\" srcset=\"https:\/\/hpott.com\/wp-content\/uploads\/2023\/03\/610-Korean-BBQ-grill-1.webp 750w, https:\/\/hpott.com\/wp-content\/uploads\/2023\/03\/610-Korean-BBQ-grill-1-218x300.webp 218w, https:\/\/hpott.com\/wp-content\/uploads\/2023\/03\/610-Korean-BBQ-grill-1-743x1024.webp 743w, https:\/\/hpott.com\/wp-content\/uploads\/2023\/03\/610-Korean-BBQ-grill-1-600x827.webp 600w, https:\/\/hpott.com\/wp-content\/uploads\/2023\/03\/610-Korean-BBQ-grill-1-64x88.webp 64w\" sizes=\"auto, (max-width: 750px) 100vw, 750px\" \/><\/p>\n<p><img loading=\"lazy\" decoding=\"async\" class=\"alignnone wp-image-5572 size-full\" src=\"http:\/\/hpott.com\/wp-content\/uploads\/2023\/03\/610-Korean-BBQ-grill-2.webp\" alt=\"koreanischer Barbecue-Grill elektrisch f\u00fcr Restaurants\" width=\"750\" height=\"950\" srcset=\"https:\/\/hpott.com\/wp-content\/uploads\/2023\/03\/610-Korean-BBQ-grill-2.webp 750w, https:\/\/hpott.com\/wp-content\/uploads\/2023\/03\/610-Korean-BBQ-grill-2-237x300.webp 237w, https:\/\/hpott.com\/wp-content\/uploads\/2023\/03\/610-Korean-BBQ-grill-2-600x760.webp 600w, https:\/\/hpott.com\/wp-content\/uploads\/2023\/03\/610-Korean-BBQ-grill-2-64x81.webp 64w\" sizes=\"auto, (max-width: 750px) 100vw, 750px\" \/><\/p>","protected":false},"excerpt":{"rendered":"<p><strong>Produkt-ID:<\/strong> HP-E610<\/p>\n<p><strong>Besonderheit:<\/strong> Schnelle Heizgeschwindigkeit, oberer oder unterer Rauchabzug wird empfohlen<\/p>","protected":false},"featured_media":5569,"template":"","meta":{"_acf_changed":false,"_seopress_robots_primary_cat":"none","_seopress_titles_title":"","_seopress_titles_desc":"","_seopress_robots_index":""},"product_brand":[],"product_cat":[37,36],"product_tag":[],"class_list":{"0":"post-5564","1":"product","2":"type-product","3":"status-publish","4":"has-post-thumbnail","6":"product_cat-bbq-grill","7":"product_cat-electric-bbq-grill","9":"first","10":"instock","11":"shipping-taxable","12":"product-type-simple"},"acf":[],"_links":{"self":[{"href":"https:\/\/hpott.com\/de\/wp-json\/wp\/v2\/product\/5564","targetHints":{"allow":["GET"]}}],"collection":[{"href":"https:\/\/hpott.com\/de\/wp-json\/wp\/v2\/product"}],"about":[{"href":"https:\/\/hpott.com\/de\/wp-json\/wp\/v2\/types\/product"}],"wp:featuredmedia":[{"embeddable":true,"href":"https:\/\/hpott.com\/de\/wp-json\/wp\/v2\/media\/5569"}],"wp:attachment":[{"href":"https:\/\/hpott.com\/de\/wp-json\/wp\/v2\/media?parent=5564"}],"wp:term":[{"taxonomy":"product_brand","embeddable":true,"href":"https:\/\/hpott.com\/de\/wp-json\/wp\/v2\/product_brand?post=5564"},{"taxonomy":"product_cat","embeddable":true,"href":"https:\/\/hpott.com\/de\/wp-json\/wp\/v2\/product_cat?post=5564"},{"taxonomy":"product_tag","embeddable":true,"href":"https:\/\/hpott.com\/de\/wp-json\/wp\/v2\/product_tag?post=5564"}],"curies":[{"name":"wp","href":"https:\/\/api.w.org\/{rel}","templated":true}]}}