{"id":2504,"date":"2022-10-06T00:28:53","date_gmt":"2022-10-06T08:28:53","guid":{"rendered":"https:\/\/hpott.com\/?post_type=product&#038;p=2504"},"modified":"2023-12-04T19:43:45","modified_gmt":"2023-12-05T03:43:45","slug":"mesa-de-shabu-shabu-en-venta","status":"publish","type":"product","link":"https:\/\/hpott.com\/es\/producto\/mesa-de-shabu-shabu-en-venta\/","title":{"rendered":"Mesa y sillas para olla caliente Shabu Shabu de dise\u00f1o chino a la venta"},"content":{"rendered":"<p>\u3010Nombre\u3011<strong>: <\/strong>Mesa Shabu Shabu<br \/>\n\u3010Origen\u3011<strong>: <\/strong>Guangdong, China<br \/>\n\u3010Tama\u00f1o de la mesa\u3011<strong>: <\/strong>1000X800mm,1300X900mm,1600X900mm,1800X1000mm (<span style=\"color: #ff0000;\">El tama\u00f1o se puede personalizar<\/span>)<br \/>\n\u3010Material\u3011<strong>: <\/strong>Tablero de acero inoxidable recubierto de vidrio + base de acero inoxidable impresa.<br \/>\n\u3010Color\u3011<strong>: <\/strong>Disponible bajo petici\u00f3n<br \/>\n\u3010Solicitud\u3011<strong>: <\/strong>Restaurante de ollas calientes, hotel, otros restaurantes<br \/>\n\u3010Caracter\u00edstica\u3011<br \/>\n01<br \/>\nAnillo decorativo integrado<br \/>\nLa campana formadora integrada est\u00e1 hecha de acero inoxidable engrosado, una estructura formadora perfectamente integrada y una posici\u00f3n de sujeci\u00f3n \u00edntima.<br \/>\n02<br \/>\nPurificaci\u00f3n sin humo<br \/>\nNo es necesario instalar un tubo de escape de humo, uso directo de purificador sin humo, ahorro de energ\u00eda y protecci\u00f3n del medio ambiente, moda novedosa.<br \/>\n03<br \/>\nMesa de olla caliente sin humo personalizada<br \/>\nSeleccione material de alta calidad, cree un estilo chino moderno y simple, c\u00e1lido, pr\u00e1ctico, simple y generoso.<br \/>\n04<br \/>\nReposapi\u00e9s de acero inoxidable<br \/>\nSoporte fuerte y firme para la mesa de olla caliente, y no se tambalea, para que puedas disfrutar de la comida m\u00e1s f\u00e1cilmente.<\/p>\n<p><img loading=\"lazy\" decoding=\"async\" class=\"wp-image-5520 size-full\" src=\"http:\/\/hpott.com\/wp-content\/uploads\/2022\/10\/shabu-shabu-table-1.webp\" alt=\"Mesa para shabu shabu en venta, mini mesa para olla caliente\" width=\"750\" height=\"1397\" srcset=\"https:\/\/hpott.com\/wp-content\/uploads\/2022\/10\/shabu-shabu-table-1.webp 750w, https:\/\/hpott.com\/wp-content\/uploads\/2022\/10\/shabu-shabu-table-1-161x300.webp 161w, https:\/\/hpott.com\/wp-content\/uploads\/2022\/10\/shabu-shabu-table-1-550x1024.webp 550w, https:\/\/hpott.com\/wp-content\/uploads\/2022\/10\/shabu-shabu-table-1-600x1118.webp 600w, https:\/\/hpott.com\/wp-content\/uploads\/2022\/10\/shabu-shabu-table-1-64x119.webp 64w\" sizes=\"auto, (max-width: 750px) 100vw, 750px\" \/><\/p>\n<p><img loading=\"lazy\" decoding=\"async\" class=\"wp-image-5521 size-full\" src=\"http:\/\/hpott.com\/wp-content\/uploads\/2022\/10\/shabu-shabu-table-4.webp\" alt=\"Mesa para shabu shabu en venta, mini mesa para olla caliente\" width=\"750\" height=\"800\" srcset=\"https:\/\/hpott.com\/wp-content\/uploads\/2022\/10\/shabu-shabu-table-4.webp 750w, https:\/\/hpott.com\/wp-content\/uploads\/2022\/10\/shabu-shabu-table-4-281x300.webp 281w, https:\/\/hpott.com\/wp-content\/uploads\/2022\/10\/shabu-shabu-table-4-600x640.webp 600w, https:\/\/hpott.com\/wp-content\/uploads\/2022\/10\/shabu-shabu-table-4-64x68.webp 64w\" sizes=\"auto, (max-width: 750px) 100vw, 750px\" \/><\/p>\n<p><img loading=\"lazy\" decoding=\"async\" class=\"wp-image-5522 size-full\" src=\"http:\/\/hpott.com\/wp-content\/uploads\/2022\/10\/shabu-shabu-table-5.webp\" alt=\"Mesa de shabu shabu china a la venta, mini mesa de olla caliente\" width=\"750\" height=\"380\" srcset=\"https:\/\/hpott.com\/wp-content\/uploads\/2022\/10\/shabu-shabu-table-5.webp 750w, https:\/\/hpott.com\/wp-content\/uploads\/2022\/10\/shabu-shabu-table-5-300x152.webp 300w, https:\/\/hpott.com\/wp-content\/uploads\/2022\/10\/shabu-shabu-table-5-600x304.webp 600w, https:\/\/hpott.com\/wp-content\/uploads\/2022\/10\/shabu-shabu-table-5-64x32.webp 64w\" sizes=\"auto, (max-width: 750px) 100vw, 750px\" \/><\/p>\n<p><img loading=\"lazy\" decoding=\"async\" class=\"alignnone wp-image-5523 size-full\" src=\"http:\/\/hpott.com\/wp-content\/uploads\/2022\/10\/shabu-shabu-table-6.webp\" alt=\"Mesa de shabu shabu china a la venta, mini mesa de olla caliente\" width=\"750\" height=\"380\" srcset=\"https:\/\/hpott.com\/wp-content\/uploads\/2022\/10\/shabu-shabu-table-6.webp 750w, https:\/\/hpott.com\/wp-content\/uploads\/2022\/10\/shabu-shabu-table-6-300x152.webp 300w, https:\/\/hpott.com\/wp-content\/uploads\/2022\/10\/shabu-shabu-table-6-600x304.webp 600w, https:\/\/hpott.com\/wp-content\/uploads\/2022\/10\/shabu-shabu-table-6-64x32.webp 64w\" sizes=\"auto, (max-width: 750px) 100vw, 750px\" \/><\/p>\n<p>&nbsp;<\/p>\n<p>&nbsp;<\/p>","protected":false},"excerpt":{"rendered":"<p><strong>ID del producto: <\/strong>HP-C16<\/p>\n<p>Cocina de inducci\u00f3n empotrada, peque\u00f1a olla caliente, mesa de restaurante comercial y una parrilla en el medio.<\/p>","protected":false},"featured_media":5517,"template":"","meta":{"_acf_changed":false,"_seopress_robots_primary_cat":"none","_seopress_titles_title":"China Design Shabu Shabu Hot Pot Table For Sale | HPOTT","_seopress_titles_desc":"Shabu shabu table design by HPOTT, serving 1000+ restaurants worldwide. Welcome business inquiries. Support personalization.","_seopress_robots_index":""},"product_brand":[],"product_cat":[30,31],"product_tag":[],"class_list":{"0":"post-2504","1":"product","2":"type-product","3":"status-publish","4":"has-post-thumbnail","6":"product_cat-hot-pot-table","7":"product_cat-square-hot-pot-tables","9":"first","10":"instock","11":"shipping-taxable","12":"product-type-simple"},"acf":[],"_links":{"self":[{"href":"https:\/\/hpott.com\/es\/wp-json\/wp\/v2\/product\/2504","targetHints":{"allow":["GET"]}}],"collection":[{"href":"https:\/\/hpott.com\/es\/wp-json\/wp\/v2\/product"}],"about":[{"href":"https:\/\/hpott.com\/es\/wp-json\/wp\/v2\/types\/product"}],"wp:featuredmedia":[{"embeddable":true,"href":"https:\/\/hpott.com\/es\/wp-json\/wp\/v2\/media\/5517"}],"wp:attachment":[{"href":"https:\/\/hpott.com\/es\/wp-json\/wp\/v2\/media?parent=2504"}],"wp:term":[{"taxonomy":"product_brand","embeddable":true,"href":"https:\/\/hpott.com\/es\/wp-json\/wp\/v2\/product_brand?post=2504"},{"taxonomy":"product_cat","embeddable":true,"href":"https:\/\/hpott.com\/es\/wp-json\/wp\/v2\/product_cat?post=2504"},{"taxonomy":"product_tag","embeddable":true,"href":"https:\/\/hpott.com\/es\/wp-json\/wp\/v2\/product_tag?post=2504"}],"curies":[{"name":"wp","href":"https:\/\/api.w.org\/{rel}","templated":true}]}}