{"id":2509,"date":"2022-10-05T00:31:59","date_gmt":"2022-10-05T08:31:59","guid":{"rendered":"https:\/\/hpott.com\/?post_type=product&#038;p=2509"},"modified":"2023-11-01T01:02:19","modified_gmt":"2023-11-01T09:02:19","slug":"mesa-de-olla-caliente","status":"publish","type":"product","link":"https:\/\/hpott.com\/es\/producto\/mesa-de-olla-caliente\/","title":{"rendered":"Mesa de olla caliente para restaurante, mesa de inducci\u00f3n para olla caliente"},"content":{"rendered":"<p>\u3010Nombre\u3011<strong>: <\/strong>Mesa de olla caliente<br \/>\n\u3010Origen\u3011<strong>: <\/strong>Guangdong, China<br \/>\n\u3010Tama\u00f1o\u3011<strong>: <\/strong>1300X900X760mm <strong>(El tama\u00f1o se puede personalizar)<\/strong><br \/>\n\u3010Material\u3011<strong>: <\/strong>Escritorio de losas de roca + base de hierro pintado<strong>(Los materiales se pueden personalizar)<\/strong><br \/>\n\u3010Color\u3011<strong>: <\/strong>Disponible bajo petici\u00f3n<br \/>\n\u3010Solicitud\u3011<strong>: <\/strong>Restaurantes de ollas calientes, hoteles, otros restaurantes tipo buffet<\/p>\n<p><img loading=\"lazy\" decoding=\"async\" class=\"size-full wp-image-5812\" src=\"http:\/\/hpott.com\/wp-content\/uploads\/2022\/10\/custom-hotpot-table.webp\" alt=\"Mesa de olla caliente para restaurante, mesa de inducci\u00f3n para olla caliente\" width=\"750\" height=\"1348\" srcset=\"https:\/\/hpott.com\/wp-content\/uploads\/2022\/10\/custom-hotpot-table.webp 750w, https:\/\/hpott.com\/wp-content\/uploads\/2022\/10\/custom-hotpot-table-167x300.webp 167w, https:\/\/hpott.com\/wp-content\/uploads\/2022\/10\/custom-hotpot-table-570x1024.webp 570w, https:\/\/hpott.com\/wp-content\/uploads\/2022\/10\/custom-hotpot-table-600x1078.webp 600w, https:\/\/hpott.com\/wp-content\/uploads\/2022\/10\/custom-hotpot-table-64x115.webp 64w\" sizes=\"auto, (max-width: 750px) 100vw, 750px\" \/><\/p>\n<p><img loading=\"lazy\" decoding=\"async\" class=\"size-full wp-image-5813\" src=\"http:\/\/hpott.com\/wp-content\/uploads\/2022\/10\/custom-hotpot-table-1.webp\" alt=\"Mesa de olla caliente para restaurante, mesa de inducci\u00f3n para olla caliente\" width=\"750\" height=\"1726\" srcset=\"https:\/\/hpott.com\/wp-content\/uploads\/2022\/10\/custom-hotpot-table-1.webp 750w, https:\/\/hpott.com\/wp-content\/uploads\/2022\/10\/custom-hotpot-table-1-130x300.webp 130w, https:\/\/hpott.com\/wp-content\/uploads\/2022\/10\/custom-hotpot-table-1-445x1024.webp 445w, https:\/\/hpott.com\/wp-content\/uploads\/2022\/10\/custom-hotpot-table-1-667x1536.webp 667w, https:\/\/hpott.com\/wp-content\/uploads\/2022\/10\/custom-hotpot-table-1-600x1381.webp 600w, https:\/\/hpott.com\/wp-content\/uploads\/2022\/10\/custom-hotpot-table-1-64x147.webp 64w\" sizes=\"auto, (max-width: 750px) 100vw, 750px\" \/><\/p>\n<p>&nbsp;<\/p>","protected":false},"excerpt":{"rendered":"<p><strong>Identificaci\u00f3n del producto<\/strong>:HP-S03<\/p>\n<p>Mesa de olla caliente personalizada seg\u00fan los requisitos del cliente, el color y el tama\u00f1o se pueden personalizar seg\u00fan circunstancias espec\u00edficas.<\/p>","protected":false},"featured_media":5114,"template":"","meta":{"_acf_changed":false,"_seopress_robots_primary_cat":"none","_seopress_titles_title":"","_seopress_titles_desc":"","_seopress_robots_index":""},"product_brand":[],"product_cat":[30,31],"product_tag":[],"class_list":{"0":"post-2509","1":"product","2":"type-product","3":"status-publish","4":"has-post-thumbnail","6":"product_cat-hot-pot-table","7":"product_cat-square-hot-pot-tables","9":"first","10":"instock","11":"shipping-taxable","12":"product-type-simple"},"acf":[],"_links":{"self":[{"href":"https:\/\/hpott.com\/es\/wp-json\/wp\/v2\/product\/2509","targetHints":{"allow":["GET"]}}],"collection":[{"href":"https:\/\/hpott.com\/es\/wp-json\/wp\/v2\/product"}],"about":[{"href":"https:\/\/hpott.com\/es\/wp-json\/wp\/v2\/types\/product"}],"wp:featuredmedia":[{"embeddable":true,"href":"https:\/\/hpott.com\/es\/wp-json\/wp\/v2\/media\/5114"}],"wp:attachment":[{"href":"https:\/\/hpott.com\/es\/wp-json\/wp\/v2\/media?parent=2509"}],"wp:term":[{"taxonomy":"product_brand","embeddable":true,"href":"https:\/\/hpott.com\/es\/wp-json\/wp\/v2\/product_brand?post=2509"},{"taxonomy":"product_cat","embeddable":true,"href":"https:\/\/hpott.com\/es\/wp-json\/wp\/v2\/product_cat?post=2509"},{"taxonomy":"product_tag","embeddable":true,"href":"https:\/\/hpott.com\/es\/wp-json\/wp\/v2\/product_tag?post=2509"}],"curies":[{"name":"wp","href":"https:\/\/api.w.org\/{rel}","templated":true}]}}