{"id":2510,"date":"2022-10-06T00:32:12","date_gmt":"2022-10-06T08:32:12","guid":{"rendered":"https:\/\/hpott.com\/?post_type=product&#038;p=2510"},"modified":"2023-06-15T23:00:28","modified_gmt":"2023-06-16T07:00:28","slug":"mesa-de-olla-caliente-china-mesa-de-comedor-electrica-para-olla-caliente","status":"publish","type":"product","link":"https:\/\/hpott.com\/es\/producto\/mesa-de-olla-caliente-china-mesa-de-comedor-electrica-para-olla-caliente\/","title":{"rendered":"Mesa de olla caliente china Mesa de comedor el\u00e9ctrica para olla caliente"},"content":{"rendered":"<p>\u3010Nombre\u3011<strong>: <\/strong>Mesa de olla caliente<br \/>\n\u3010Origen\u3011<strong>: <\/strong>Guangdong, China<br \/>\n\u3010Tama\u00f1o\u3011<strong>: <\/strong>1300X900X760mm (El tama\u00f1o se puede personalizar)<br \/>\n\u3010Material\u3011<strong>: <\/strong>Tablero de mesa con paneles de roca con incrustaciones de madera maciza + base de acero inoxidable en oro rosa<br \/>\n\u3010Color\u3011<strong>: <\/strong>Disponible bajo petici\u00f3n<br \/>\n\u3010Solicitud\u3011<strong>: <\/strong>Restaurante de ollas calientes, hotel, otros restaurantes<br \/>\n\u3010Caracter\u00edstica\u3011<br \/>\n01<br \/>\nAnillo decorativo integrado<br \/>\nLa campana formadora integrada est\u00e1 hecha de acero inoxidable engrosado, una estructura formadora perfectamente integrada y una posici\u00f3n de sujeci\u00f3n \u00edntima.<br \/>\n02<br \/>\nPurificaci\u00f3n sin humo<br \/>\nNo es necesario instalar un tubo de escape de humo, uso directo de purificador sin humo, ahorro de energ\u00eda y protecci\u00f3n del medio ambiente, moda novedosa.<br \/>\n03<br \/>\nMesa de olla caliente sin humo personalizada<br \/>\nSeleccione piedra de alta calidad, cree un estilo chino moderno y simple, c\u00e1lido, pr\u00e1ctico, simple y generoso.<br \/>\n04<br \/>\nReposapi\u00e9s de acero inoxidable<br \/>\nSoporte fuerte y firme para la mesa de olla caliente, y no se tambalea, para que puedas disfrutar de la comida con mayor tranquilidad.<\/p>","protected":false},"excerpt":{"rendered":"<p><strong>ID del producto: <\/strong>HP-S05<\/p>\n<p>Olla caliente sin humo con dise\u00f1o de bot\u00f3n de control de cable, la mesa es hermosa y duradera, HPOTT proporciona una variedad de estilos con el entorno general del restaurante.<\/p>","protected":false},"featured_media":5101,"template":"","meta":{"_acf_changed":false,"_seopress_robots_primary_cat":"none","_seopress_titles_title":"","_seopress_titles_desc":"","_seopress_robots_index":""},"product_brand":[],"product_cat":[30,31],"product_tag":[],"class_list":{"0":"post-2510","1":"product","2":"type-product","3":"status-publish","4":"has-post-thumbnail","6":"product_cat-hot-pot-table","7":"product_cat-square-hot-pot-tables","9":"first","10":"instock","11":"shipping-taxable","12":"product-type-simple"},"acf":[],"_links":{"self":[{"href":"https:\/\/hpott.com\/es\/wp-json\/wp\/v2\/product\/2510","targetHints":{"allow":["GET"]}}],"collection":[{"href":"https:\/\/hpott.com\/es\/wp-json\/wp\/v2\/product"}],"about":[{"href":"https:\/\/hpott.com\/es\/wp-json\/wp\/v2\/types\/product"}],"wp:featuredmedia":[{"embeddable":true,"href":"https:\/\/hpott.com\/es\/wp-json\/wp\/v2\/media\/5101"}],"wp:attachment":[{"href":"https:\/\/hpott.com\/es\/wp-json\/wp\/v2\/media?parent=2510"}],"wp:term":[{"taxonomy":"product_brand","embeddable":true,"href":"https:\/\/hpott.com\/es\/wp-json\/wp\/v2\/product_brand?post=2510"},{"taxonomy":"product_cat","embeddable":true,"href":"https:\/\/hpott.com\/es\/wp-json\/wp\/v2\/product_cat?post=2510"},{"taxonomy":"product_tag","embeddable":true,"href":"https:\/\/hpott.com\/es\/wp-json\/wp\/v2\/product_tag?post=2510"}],"curies":[{"name":"wp","href":"https:\/\/api.w.org\/{rel}","templated":true}]}}