{"id":3042,"date":"2022-10-12T22:57:08","date_gmt":"2022-10-13T06:57:08","guid":{"rendered":"https:\/\/hpott.com\/?post_type=product&#038;p=3042"},"modified":"2023-06-15T01:46:46","modified_gmt":"2023-06-15T09:46:46","slug":"mesa-de-olla-caliente-sin-humo-para-restaurante-comercial-en-venta","status":"publish","type":"product","link":"https:\/\/hpott.com\/es\/producto\/mesa-de-olla-caliente-sin-humo-para-restaurante-comercial-en-venta\/","title":{"rendered":"Mesa de olla caliente sin humo para restaurante comercial en venta"},"content":{"rendered":"<p>\u3010Nombre\u3011<strong>: <\/strong>Mesa de olla caliente<br \/>\n\u3010Origen\u3011<strong>: <\/strong>Guangdong, China<br \/>\n\u3010Tama\u00f1o\u3011<strong>: <\/strong>1300X900X760mm (El tama\u00f1o se puede personalizar)<br \/>\n\u3010Material\u3011<strong>: <\/strong>Madera maciza con base de acero inoxidable con veta de madera y cuarcita (el material se puede personalizar)<br \/>\n\u3010Color\u3011<strong>: <\/strong>Disponible bajo petici\u00f3n<br \/>\n\u3010Solicitud\u3011<strong>: <\/strong>Restaurante de ollas calientes, hotel, otros restaurantes<br \/>\n\u3010Caracter\u00edstica\u3011<br \/>\n01<br \/>\nAnillo decorativo integrado<br \/>\nLa campana formadora integrada est\u00e1 hecha de acero inoxidable engrosado, una estructura formadora perfectamente integrada y una posici\u00f3n de sujeci\u00f3n \u00edntima.<br \/>\n02<br \/>\nPurificaci\u00f3n sin humo<br \/>\nNo es necesario instalar un tubo de escape de humo, uso directo de purificador sin humo, ahorro de energ\u00eda y protecci\u00f3n del medio ambiente, moda novedosa<br \/>\n03<br \/>\nMesa de olla caliente sin humo personalizada<br \/>\nSeleccione piedra de alta calidad, cree un estilo chino moderno y simple, c\u00e1lido, pr\u00e1ctico, simple y generoso.<br \/>\n04<br \/>\nReposapi\u00e9s de acero inoxidable<br \/>\nSoporte fuerte y firme para la mesa de olla caliente, y no se tambalea, para que puedas disfrutar de la comida con mayor tranquilidad.<\/p>\n<p><img loading=\"lazy\" decoding=\"async\" class=\"size-full wp-image-5683\" src=\"http:\/\/hpott.com\/wp-content\/uploads\/2022\/10\/black-hot-pot-table.webp\" alt=\"Mesa de olla caliente sin humo para uso comercial en restaurantes\" width=\"750\" height=\"2481\" srcset=\"https:\/\/hpott.com\/wp-content\/uploads\/2022\/10\/black-hot-pot-table.webp 750w, https:\/\/hpott.com\/wp-content\/uploads\/2022\/10\/black-hot-pot-table-91x300.webp 91w, https:\/\/hpott.com\/wp-content\/uploads\/2022\/10\/black-hot-pot-table-310x1024.webp 310w, https:\/\/hpott.com\/wp-content\/uploads\/2022\/10\/black-hot-pot-table-464x1536.webp 464w, https:\/\/hpott.com\/wp-content\/uploads\/2022\/10\/black-hot-pot-table-619x2048.webp 619w, https:\/\/hpott.com\/wp-content\/uploads\/2022\/10\/black-hot-pot-table-600x1985.webp 600w, https:\/\/hpott.com\/wp-content\/uploads\/2022\/10\/black-hot-pot-table-64x212.webp 64w\" sizes=\"auto, (max-width: 750px) 100vw, 750px\" \/><\/p>\n<p><img loading=\"lazy\" decoding=\"async\" class=\"size-full wp-image-5687\" src=\"http:\/\/hpott.com\/wp-content\/uploads\/2022\/10\/black-hot-pot-table-1-1.webp\" alt=\"Mesa de olla caliente sin humo para uso comercial en restaurantes\" width=\"750\" height=\"2283\" srcset=\"https:\/\/hpott.com\/wp-content\/uploads\/2022\/10\/black-hot-pot-table-1-1.webp 750w, https:\/\/hpott.com\/wp-content\/uploads\/2022\/10\/black-hot-pot-table-1-1-99x300.webp 99w, https:\/\/hpott.com\/wp-content\/uploads\/2022\/10\/black-hot-pot-table-1-1-336x1024.webp 336w, https:\/\/hpott.com\/wp-content\/uploads\/2022\/10\/black-hot-pot-table-1-1-505x1536.webp 505w, https:\/\/hpott.com\/wp-content\/uploads\/2022\/10\/black-hot-pot-table-1-1-673x2048.webp 673w, https:\/\/hpott.com\/wp-content\/uploads\/2022\/10\/black-hot-pot-table-1-1-600x1826.webp 600w, https:\/\/hpott.com\/wp-content\/uploads\/2022\/10\/black-hot-pot-table-1-1-64x195.webp 64w\" sizes=\"auto, (max-width: 750px) 100vw, 750px\" \/><\/p>","protected":false},"excerpt":{"rendered":"<p><strong>Identificaci\u00f3n del producto<\/strong>:HP-S01<\/p>\n<p><strong>Caracter\u00edstica<\/strong>\uff1a Interruptores empotrados, purificadores integrados, protecci\u00f3n multiseguridad, madera maciza con incrustaciones de m\u00e1rmol y base de acero inoxidable.<\/p>","protected":false},"featured_media":5099,"template":"","meta":{"_acf_changed":false,"_seopress_robots_primary_cat":"none","_seopress_titles_title":"","_seopress_titles_desc":"","_seopress_robots_index":""},"product_brand":[],"product_cat":[30,31],"product_tag":[],"class_list":{"0":"post-3042","1":"product","2":"type-product","3":"status-publish","4":"has-post-thumbnail","6":"product_cat-hot-pot-table","7":"product_cat-square-hot-pot-tables","9":"first","10":"instock","11":"shipping-taxable","12":"product-type-simple"},"acf":[],"_links":{"self":[{"href":"https:\/\/hpott.com\/es\/wp-json\/wp\/v2\/product\/3042","targetHints":{"allow":["GET"]}}],"collection":[{"href":"https:\/\/hpott.com\/es\/wp-json\/wp\/v2\/product"}],"about":[{"href":"https:\/\/hpott.com\/es\/wp-json\/wp\/v2\/types\/product"}],"wp:featuredmedia":[{"embeddable":true,"href":"https:\/\/hpott.com\/es\/wp-json\/wp\/v2\/media\/5099"}],"wp:attachment":[{"href":"https:\/\/hpott.com\/es\/wp-json\/wp\/v2\/media?parent=3042"}],"wp:term":[{"taxonomy":"product_brand","embeddable":true,"href":"https:\/\/hpott.com\/es\/wp-json\/wp\/v2\/product_brand?post=3042"},{"taxonomy":"product_cat","embeddable":true,"href":"https:\/\/hpott.com\/es\/wp-json\/wp\/v2\/product_cat?post=3042"},{"taxonomy":"product_tag","embeddable":true,"href":"https:\/\/hpott.com\/es\/wp-json\/wp\/v2\/product_tag?post=3042"}],"curies":[{"name":"wp","href":"https:\/\/api.w.org\/{rel}","templated":true}]}}