{"id":3911,"date":"2022-10-25T17:36:06","date_gmt":"2022-10-26T01:36:06","guid":{"rendered":"https:\/\/hpott.com\/?post_type=product&#038;p=3911"},"modified":"2023-06-15T01:20:56","modified_gmt":"2023-06-15T09:20:56","slug":"parrilla-de-mesa-para-barbacoa-coreana-proveedor-chino-mesa-para-olla-caliente","status":"publish","type":"product","link":"https:\/\/hpott.com\/es\/producto\/parrilla-de-mesa-para-barbacoa-coreana-proveedor-chino-mesa-para-olla-caliente\/","title":{"rendered":"Parrilla de mesa para barbacoa coreana, proveedor chino, mesa para ollas calientes"},"content":{"rendered":"<p>\u3010Nombre\u3011: Mesa de barbacoa con olla caliente<br \/>\n\u3010Origen\u3011: Guangdong, China<br \/>\n\u3010Tama\u00f1o\u3011: 1300X900X760mm (El tama\u00f1o se puede personalizar)<br \/>\n\u3010Material\u3011: Tablero de m\u00e1rmol + base de hierro fundido (el material se puede personalizar)<br \/>\n\u3010Color\u3011: Disponible a pedido<br \/>\n\u3010Aplicaci\u00f3n\u3011: Parrilla de barbacoa con olla caliente, restaurante, hotel, otros restaurantes<\/p>","protected":false},"excerpt":{"rendered":"<p><strong>ID del producto: <\/strong>HP-C04<\/p>\n<p>Las parrillas para barbacoa sin humo y mesas para ollas calientes coreanas se venden directamente de f\u00e1brica y se pueden personalizar con interfaz USB, admiten la carga de tel\u00e9fonos celulares y son f\u00e1ciles de usar.<\/p>","protected":false},"featured_media":5092,"template":"","meta":{"_acf_changed":false,"_seopress_robots_primary_cat":"none","_seopress_titles_title":"","_seopress_titles_desc":"","_seopress_robots_index":""},"product_brand":[],"product_cat":[40,30,33],"product_tag":[],"class_list":{"0":"post-3911","1":"product","2":"type-product","3":"status-publish","4":"has-post-thumbnail","6":"product_cat-korean-bbq-grill-table","7":"product_cat-hot-pot-table","8":"product_cat-hot-pot-and-bbq-table","10":"first","11":"instock","12":"shipping-taxable","13":"product-type-simple"},"acf":[],"_links":{"self":[{"href":"https:\/\/hpott.com\/es\/wp-json\/wp\/v2\/product\/3911","targetHints":{"allow":["GET"]}}],"collection":[{"href":"https:\/\/hpott.com\/es\/wp-json\/wp\/v2\/product"}],"about":[{"href":"https:\/\/hpott.com\/es\/wp-json\/wp\/v2\/types\/product"}],"wp:featuredmedia":[{"embeddable":true,"href":"https:\/\/hpott.com\/es\/wp-json\/wp\/v2\/media\/5092"}],"wp:attachment":[{"href":"https:\/\/hpott.com\/es\/wp-json\/wp\/v2\/media?parent=3911"}],"wp:term":[{"taxonomy":"product_brand","embeddable":true,"href":"https:\/\/hpott.com\/es\/wp-json\/wp\/v2\/product_brand?post=3911"},{"taxonomy":"product_cat","embeddable":true,"href":"https:\/\/hpott.com\/es\/wp-json\/wp\/v2\/product_cat?post=3911"},{"taxonomy":"product_tag","embeddable":true,"href":"https:\/\/hpott.com\/es\/wp-json\/wp\/v2\/product_tag?post=3911"}],"curies":[{"name":"wp","href":"https:\/\/api.w.org\/{rel}","templated":true}]}}