{"id":3922,"date":"2022-10-25T19:51:49","date_gmt":"2022-10-26T03:51:49","guid":{"rendered":"https:\/\/hpott.com\/?post_type=product&#038;p=3922"},"modified":"2023-06-15T01:59:39","modified_gmt":"2023-06-15T09:59:39","slug":"parrilla-de-barbacoa-coreana-a-gas-empotrada-para-uso-comercial","status":"publish","type":"product","link":"https:\/\/hpott.com\/es\/producto\/parrilla-de-barbacoa-coreana-a-gas-empotrada-para-uso-comercial\/","title":{"rendered":"Parrilla de barbacoa coreana 3 en 1 a gas empotrada para uso comercial"},"content":{"rendered":"<p><strong>Tama\u00f1o del producto:\u00a0<\/strong> 720X375X280mm<br \/>\n<strong>Tama\u00f1o de la sart\u00e9n para parrilla:<\/strong> 280 x 280 mm<\/p>\n<p><strong>GNL: <\/strong>2800 Pa<\/p>\n<p><strong>Gas natural: <\/strong>2000 Pa<\/p>\n<p><strong>Nota: <\/strong>Preste atenci\u00f3n a la ventilaci\u00f3n cuando utilice combustible de gas para evitar la intoxicaci\u00f3n por mon\u00f3xido de carbono.<\/p>","protected":false},"excerpt":{"rendered":"<p><strong>Identificaci\u00f3n del producto:<\/strong> HP-G01<\/p>\n<p>Contamos con varios modelos de equipos para parrilla de barbacoa a gas, bienvenido a consultarnos directamente para obtener m\u00e1s detalles.<\/p>","protected":false},"featured_media":5150,"template":"","meta":{"_acf_changed":false,"_seopress_robots_primary_cat":"none","_seopress_titles_title":"","_seopress_titles_desc":"","_seopress_robots_index":""},"product_brand":[],"product_cat":[37,34],"product_tag":[],"class_list":{"0":"post-3922","1":"product","2":"type-product","3":"status-publish","4":"has-post-thumbnail","6":"product_cat-bbq-grill","7":"product_cat-gas-bbq-grill","9":"first","10":"instock","11":"shipping-taxable","12":"product-type-simple"},"acf":[],"_links":{"self":[{"href":"https:\/\/hpott.com\/es\/wp-json\/wp\/v2\/product\/3922","targetHints":{"allow":["GET"]}}],"collection":[{"href":"https:\/\/hpott.com\/es\/wp-json\/wp\/v2\/product"}],"about":[{"href":"https:\/\/hpott.com\/es\/wp-json\/wp\/v2\/types\/product"}],"wp:featuredmedia":[{"embeddable":true,"href":"https:\/\/hpott.com\/es\/wp-json\/wp\/v2\/media\/5150"}],"wp:attachment":[{"href":"https:\/\/hpott.com\/es\/wp-json\/wp\/v2\/media?parent=3922"}],"wp:term":[{"taxonomy":"product_brand","embeddable":true,"href":"https:\/\/hpott.com\/es\/wp-json\/wp\/v2\/product_brand?post=3922"},{"taxonomy":"product_cat","embeddable":true,"href":"https:\/\/hpott.com\/es\/wp-json\/wp\/v2\/product_cat?post=3922"},{"taxonomy":"product_tag","embeddable":true,"href":"https:\/\/hpott.com\/es\/wp-json\/wp\/v2\/product_tag?post=3922"}],"curies":[{"name":"wp","href":"https:\/\/api.w.org\/{rel}","templated":true}]}}