{"id":3928,"date":"2022-10-25T20:02:05","date_gmt":"2022-10-26T04:02:05","guid":{"rendered":"https:\/\/hpott.com\/?post_type=product&#038;p=3928"},"modified":"2023-06-15T01:59:13","modified_gmt":"2023-06-15T09:59:13","slug":"parrilla-de-barbacoa-coreana-a-gas-equipo-personalizado-al-por-mayor","status":"publish","type":"product","link":"https:\/\/hpott.com\/es\/producto\/parrilla-de-barbacoa-coreana-a-gas-equipo-personalizado-al-por-mayor\/","title":{"rendered":"Parrilla de barbacoa coreana a gas, equipo personalizado al por mayor"},"content":{"rendered":"<p>Tama\u00f1o del producto: 650 x 370 x 170 mm<\/p>\n<p>GNL: 2800 Pa<\/p>\n<p>Gas natural: 2000 Pa<\/p>\n<p>Nota: Preste atenci\u00f3n a la ventilaci\u00f3n cuando utilice combustible de gas para evitar la intoxicaci\u00f3n por mon\u00f3xido de carbono.<\/p>\n<figure id=\"attachment_5644\" aria-describedby=\"caption-attachment-5644\" style=\"width: 750px\" class=\"wp-caption alignnone\"><img loading=\"lazy\" decoding=\"async\" class=\"wp-image-5644 size-full\" src=\"http:\/\/hpott.com\/wp-content\/uploads\/2022\/10\/650.webp\" alt=\"Parrilla de barbacoa coreana a gas, equipo personalizado al por mayor\" width=\"750\" height=\"750\" srcset=\"https:\/\/hpott.com\/wp-content\/uploads\/2022\/10\/650.webp 750w, https:\/\/hpott.com\/wp-content\/uploads\/2022\/10\/650-300x300.webp 300w, https:\/\/hpott.com\/wp-content\/uploads\/2022\/10\/650-150x150.webp 150w, https:\/\/hpott.com\/wp-content\/uploads\/2022\/10\/650-600x600.webp 600w, https:\/\/hpott.com\/wp-content\/uploads\/2022\/10\/650-100x100.webp 100w, https:\/\/hpott.com\/wp-content\/uploads\/2022\/10\/650-64x64.webp 64w\" sizes=\"auto, (max-width: 750px) 100vw, 750px\" \/><figcaption id=\"caption-attachment-5644\" class=\"wp-caption-text\">Parrilla de barbacoa coreana a gas, equipo personalizado al por mayor<\/figcaption><\/figure>\n<p><img loading=\"lazy\" decoding=\"async\" class=\"alignnone wp-image-5629 size-full\" src=\"http:\/\/hpott.com\/wp-content\/uploads\/2022\/10\/\u8be6\u60c51.webp\" alt=\"Parrilla de barbacoa coreana a gas, equipo personalizado al por mayor\" width=\"750\" height=\"950\" srcset=\"https:\/\/hpott.com\/wp-content\/uploads\/2022\/10\/\u8be6\u60c51.webp 750w, https:\/\/hpott.com\/wp-content\/uploads\/2022\/10\/\u8be6\u60c51-237x300.webp 237w, https:\/\/hpott.com\/wp-content\/uploads\/2022\/10\/\u8be6\u60c51-600x760.webp 600w, https:\/\/hpott.com\/wp-content\/uploads\/2022\/10\/\u8be6\u60c51-64x81.webp 64w\" sizes=\"auto, (max-width: 750px) 100vw, 750px\" \/><\/p>\n<p><img loading=\"lazy\" decoding=\"async\" class=\"alignnone wp-image-5630 size-full\" src=\"http:\/\/hpott.com\/wp-content\/uploads\/2022\/10\/\u8be6\u60c52.webp\" alt=\"Parrilla de barbacoa coreana a gas, equipo personalizado al por mayor\" width=\"750\" height=\"1000\" srcset=\"https:\/\/hpott.com\/wp-content\/uploads\/2022\/10\/\u8be6\u60c52.webp 750w, https:\/\/hpott.com\/wp-content\/uploads\/2022\/10\/\u8be6\u60c52-225x300.webp 225w, https:\/\/hpott.com\/wp-content\/uploads\/2022\/10\/\u8be6\u60c52-600x800.webp 600w, https:\/\/hpott.com\/wp-content\/uploads\/2022\/10\/\u8be6\u60c52-64x85.webp 64w\" sizes=\"auto, (max-width: 750px) 100vw, 750px\" \/><\/p>","protected":false},"excerpt":{"rendered":"<p><strong>Identificaci\u00f3n del producto:<\/strong> HP-G02<\/p>\n<p>Este es un dise\u00f1o 2 en 1, tenemos varios modelos de equipos de olla caliente para parrilla de barbacoa a gas, bienvenido a consultarnos directamente para obtener m\u00e1s detalles.<\/p>","protected":false},"featured_media":5145,"template":"","meta":{"_acf_changed":false,"_seopress_robots_primary_cat":"none","_seopress_titles_title":"","_seopress_titles_desc":"","_seopress_robots_index":""},"product_brand":[],"product_cat":[37,34],"product_tag":[],"class_list":{"0":"post-3928","1":"product","2":"type-product","3":"status-publish","4":"has-post-thumbnail","6":"product_cat-bbq-grill","7":"product_cat-gas-bbq-grill","9":"first","10":"instock","11":"shipping-taxable","12":"product-type-simple"},"acf":[],"_links":{"self":[{"href":"https:\/\/hpott.com\/es\/wp-json\/wp\/v2\/product\/3928","targetHints":{"allow":["GET"]}}],"collection":[{"href":"https:\/\/hpott.com\/es\/wp-json\/wp\/v2\/product"}],"about":[{"href":"https:\/\/hpott.com\/es\/wp-json\/wp\/v2\/types\/product"}],"wp:featuredmedia":[{"embeddable":true,"href":"https:\/\/hpott.com\/es\/wp-json\/wp\/v2\/media\/5145"}],"wp:attachment":[{"href":"https:\/\/hpott.com\/es\/wp-json\/wp\/v2\/media?parent=3928"}],"wp:term":[{"taxonomy":"product_brand","embeddable":true,"href":"https:\/\/hpott.com\/es\/wp-json\/wp\/v2\/product_brand?post=3928"},{"taxonomy":"product_cat","embeddable":true,"href":"https:\/\/hpott.com\/es\/wp-json\/wp\/v2\/product_cat?post=3928"},{"taxonomy":"product_tag","embeddable":true,"href":"https:\/\/hpott.com\/es\/wp-json\/wp\/v2\/product_tag?post=3928"}],"curies":[{"name":"wp","href":"https:\/\/api.w.org\/{rel}","templated":true}]}}