{"id":4085,"date":"2022-11-04T01:57:01","date_gmt":"2022-11-04T09:57:01","guid":{"rendered":"https:\/\/hpott.com\/?post_type=product&#038;p=4085"},"modified":"2022-11-15T01:31:42","modified_gmt":"2022-11-15T09:31:42","slug":"cocina-wok-de-induccion-comercial-quemador-wok-de-induccion","status":"publish","type":"product","link":"https:\/\/hpott.com\/es\/producto\/cocina-wok-de-induccion-comercial-quemador-wok-de-induccion\/","title":{"rendered":"Cocina de inducci\u00f3n comercial Wok Quemador de inducci\u00f3n Wok"},"content":{"rendered":"<p>\u3010<strong>Nombre<\/strong>\u3011: Cocina wok de inducci\u00f3n<br \/>\n\u3010<strong>Origen<\/strong>\u3011: Guangdong, China<br \/>\n\u3010<strong>Voltaje<\/strong>\u3011: 380 V~50\/60 Hz<\/p>\n<h3><em><strong>Caracter\u00edstica<\/strong><\/em><\/h3>\n<ul>\n<li><em>Paneles de acero inoxidable engrosados de una sola pieza, f\u00e1ciles de limpiar, dise\u00f1o y caracter\u00edsticas estructurales para cumplir con los est\u00e1ndares de higiene.<\/em><\/li>\n<li><em>Funci\u00f3n de detecci\u00f3n autom\u00e1tica de olla, segura y de ahorro de energ\u00eda.<\/em><\/li>\n<li><em>Dise\u00f1o de blindaje antirradiaci\u00f3n tridimensional 3D, interferencia antielectromagn\u00e9tica m\u00e1s sustancial<\/em><\/li>\n<li><em>Utilizando el m\u00f3dulo de calentamiento IGBT \u201cInfineon\u201d original de Siemens, importado de Alemania, con una vida \u00fatil m\u00e1s larga<\/em><\/li>\n<li><em>El movimiento adopta un dise\u00f1o modular, lo que resulta conveniente para el mantenimiento.<\/em><\/li>\n<li><em>El calentamiento por inducci\u00f3n aislado es seguro y confiable, ahorrando m\u00e1s de 60% que el gas combustible.<\/em><\/li>\n<li><em>Interruptor magn\u00e9tico giratorio de 360\u00b0 con 8 posiciones, resistente al agua, capaz de cocinar bocadillos finos a baja potencia o una cocci\u00f3n r\u00e1pida a alta potencia.<\/em><\/li>\n<\/ul>\n<table style=\"border-collapse: collapse; width: 980px; height: 152px;\" border=\"0\" width=\"1097\" cellspacing=\"0\" cellpadding=\"0\">\n<tbody>\n<tr style=\"height: 36.00pt;\">\n<td class=\"et2\" style=\"height: 36pt; width: 75.75pt; text-align: center;\" width=\"101\" height=\"48\"><strong>Modelo<\/strong><\/td>\n<td class=\"et2\" style=\"width: 210.75pt; text-align: center;\" width=\"281\"><strong>Dimensiones (largo x ancho x alto) (mm)<\/strong><\/td>\n<td class=\"et4\" style=\"width: 156pt; text-align: center;\" width=\"208\"><strong>Placa de microcristal (mm)<\/strong><\/td>\n<td class=\"et4\" style=\"width: 131.25pt; text-align: center;\" width=\"175\"><strong>Di\u00e1metro de la maceta (mm)<\/strong><\/td>\n<td class=\"et4\" style=\"width: 81pt; text-align: center;\" width=\"108\"><strong>Potencia (KW)<\/strong><\/td>\n<td class=\"et2\" style=\"width: 73.5pt; text-align: center;\" width=\"98\"><strong>Voltaje (v)<\/strong><\/td>\n<td class=\"et2\" style=\"width: 94.5pt; text-align: center;\" width=\"126\"><strong>Frecuencia (Hz)<\/strong><\/td>\n<\/tr>\n<tr style=\"height: 27.00pt;\">\n<td class=\"et3\" style=\"height: 27pt; text-align: center;\" height=\"36\">CI03-300<\/td>\n<td class=\"et5\" style=\"text-align: center;\">1900x1000x1200<\/td>\n<td class=\"et6\" style=\"text-align: center;\">Di\u00e1metro 300<\/td>\n<td class=\"et7\" style=\"text-align: center;\">Di\u00e1metro 400<\/td>\n<td class=\"et8\" style=\"text-align: center;\">2x(8-12)<\/td>\n<td class=\"et9\" style=\"text-align: center;\" rowspan=\"3\">380<\/td>\n<td class=\"et3\" style=\"text-align: center;\" rowspan=\"3\">50<\/td>\n<\/tr>\n<tr style=\"height: 27.00pt;\">\n<td class=\"et3\" style=\"height: 27pt; text-align: center;\" height=\"36\">CI03-400<\/td>\n<td class=\"et5\" style=\"text-align: center;\">2100x1100x1200<\/td>\n<td class=\"et6\" style=\"text-align: center;\">Di\u00e1metro 400<\/td>\n<td class=\"et7\" style=\"text-align: center;\">Di\u00e1metro 500<\/td>\n<td class=\"et8\" style=\"text-align: center;\">2x(8-18)<\/td>\n<\/tr>\n<tr style=\"height: 27.00pt;\">\n<td class=\"et3\" style=\"height: 27pt; text-align: center;\" height=\"36\">CI03-500<\/td>\n<td class=\"et5\" style=\"text-align: center;\">2200x1100x1200<\/td>\n<td class=\"et5\" style=\"text-align: center;\">Di\u00e1metro 500<\/td>\n<td class=\"et10\" style=\"text-align: center;\">Di\u00e1metro 600<\/td>\n<td class=\"et9\" style=\"text-align: center;\">2x(8-18)<\/td>\n<\/tr>\n<\/tbody>\n<\/table>","protected":false},"excerpt":{"rendered":"<p><strong>ID del producto:\u00a0<\/strong>HP-CI03<\/p>\n<p>Hornillo de inducci\u00f3n de doble cabezal y doble cola para saltear, adecuado para grandes hoteles y cadenas de restauraci\u00f3n, colegios, comedores de instituciones, etc.<\/p>","protected":false},"featured_media":4087,"template":"","meta":{"_acf_changed":false,"_seopress_robots_primary_cat":"none","_seopress_titles_title":"","_seopress_titles_desc":"","_seopress_robots_index":""},"product_brand":[],"product_cat":[35,43],"product_tag":[],"class_list":{"0":"post-4085","1":"product","2":"type-product","3":"status-publish","4":"has-post-thumbnail","6":"product_cat-induction-cooker","7":"product_cat-commercial-induction-cooker","9":"first","10":"instock","11":"shipping-taxable","12":"product-type-simple"},"acf":[],"_links":{"self":[{"href":"https:\/\/hpott.com\/es\/wp-json\/wp\/v2\/product\/4085","targetHints":{"allow":["GET"]}}],"collection":[{"href":"https:\/\/hpott.com\/es\/wp-json\/wp\/v2\/product"}],"about":[{"href":"https:\/\/hpott.com\/es\/wp-json\/wp\/v2\/types\/product"}],"wp:featuredmedia":[{"embeddable":true,"href":"https:\/\/hpott.com\/es\/wp-json\/wp\/v2\/media\/4087"}],"wp:attachment":[{"href":"https:\/\/hpott.com\/es\/wp-json\/wp\/v2\/media?parent=4085"}],"wp:term":[{"taxonomy":"product_brand","embeddable":true,"href":"https:\/\/hpott.com\/es\/wp-json\/wp\/v2\/product_brand?post=4085"},{"taxonomy":"product_cat","embeddable":true,"href":"https:\/\/hpott.com\/es\/wp-json\/wp\/v2\/product_cat?post=4085"},{"taxonomy":"product_tag","embeddable":true,"href":"https:\/\/hpott.com\/es\/wp-json\/wp\/v2\/product_tag?post=4085"}],"curies":[{"name":"wp","href":"https:\/\/api.w.org\/{rel}","templated":true}]}}