{"id":4120,"date":"2022-11-05T02:13:49","date_gmt":"2022-11-05T10:13:49","guid":{"rendered":"https:\/\/hpott.com\/?post_type=product&#038;p=4120"},"modified":"2023-06-27T02:05:39","modified_gmt":"2023-06-27T10:05:39","slug":"horno-electromagnetico-de-un-solo-cabezal-y-una-sola-cola-para-saltear-cocina-de-induccion-comercial","status":"publish","type":"product","link":"https:\/\/hpott.com\/es\/producto\/horno-electromagnetico-de-un-solo-cabezal-y-una-sola-cola-para-saltear-cocina-de-induccion-comercial\/","title":{"rendered":"Horno electromagn\u00e9tico de un solo cabezal y una sola cola para saltear, cocina de inducci\u00f3n comercial"},"content":{"rendered":"<p>\u3010<strong>Nombre<\/strong>\u3011: Cocina wok de inducci\u00f3n<br \/>\n\u3010<strong>Origen<\/strong>\u3011: Guangdong, China<br \/>\n\u3010<strong>Voltaje<\/strong>\u3011: 380 V~50\/60 Hz<\/p>\n<h3><em><strong>Caracter\u00edstica<\/strong><\/em><\/h3>\n<ul>\n<li><em>Paneles de acero inoxidable engrosados de una sola pieza, f\u00e1ciles de limpiar, dise\u00f1o y caracter\u00edsticas estructurales para cumplir con los est\u00e1ndares de higiene.<\/em><\/li>\n<li><em>Funci\u00f3n de detecci\u00f3n autom\u00e1tica de olla, segura y de ahorro de energ\u00eda.<\/em><\/li>\n<li><em>Dise\u00f1o de blindaje antirradiaci\u00f3n tridimensional 3D, interferencia antielectromagn\u00e9tica m\u00e1s sustancial<\/em><\/li>\n<li><em>Utilizando el m\u00f3dulo de calentamiento IGBT \u201cInfineon\u201d original de Siemens, importado de Alemania, con una vida \u00fatil m\u00e1s larga<\/em><\/li>\n<li><em>El movimiento adopta un dise\u00f1o modular, lo que resulta conveniente para el mantenimiento.<\/em><\/li>\n<li><em>El calentamiento por inducci\u00f3n aislado es seguro y confiable, ahorrando m\u00e1s de 60% que el gas combustible.<\/em><\/li>\n<li><em>Interruptor magn\u00e9tico giratorio de 360\u00b0 con 8 posiciones, resistente al agua, capaz de cocinar bocadillos finos a baja potencia o una cocci\u00f3n r\u00e1pida a alta potencia.<\/em><\/li>\n<\/ul>","protected":false},"excerpt":{"rendered":"<p data-group=\"1-1\"><strong>ID del producto:\u00a0<\/strong>HP-CI07<\/p>\n<p>Cocina de inducci\u00f3n wok gama industrial mejor cocina de inducci\u00f3n<\/p>","protected":false},"featured_media":4122,"template":"","meta":{"_acf_changed":false,"_seopress_robots_primary_cat":"none","_seopress_titles_title":"","_seopress_titles_desc":"","_seopress_robots_index":""},"product_brand":[],"product_cat":[35,43],"product_tag":[],"class_list":{"0":"post-4120","1":"product","2":"type-product","3":"status-publish","4":"has-post-thumbnail","6":"product_cat-induction-cooker","7":"product_cat-commercial-induction-cooker","9":"first","10":"instock","11":"shipping-taxable","12":"product-type-simple"},"acf":[],"_links":{"self":[{"href":"https:\/\/hpott.com\/es\/wp-json\/wp\/v2\/product\/4120","targetHints":{"allow":["GET"]}}],"collection":[{"href":"https:\/\/hpott.com\/es\/wp-json\/wp\/v2\/product"}],"about":[{"href":"https:\/\/hpott.com\/es\/wp-json\/wp\/v2\/types\/product"}],"wp:featuredmedia":[{"embeddable":true,"href":"https:\/\/hpott.com\/es\/wp-json\/wp\/v2\/media\/4122"}],"wp:attachment":[{"href":"https:\/\/hpott.com\/es\/wp-json\/wp\/v2\/media?parent=4120"}],"wp:term":[{"taxonomy":"product_brand","embeddable":true,"href":"https:\/\/hpott.com\/es\/wp-json\/wp\/v2\/product_brand?post=4120"},{"taxonomy":"product_cat","embeddable":true,"href":"https:\/\/hpott.com\/es\/wp-json\/wp\/v2\/product_cat?post=4120"},{"taxonomy":"product_tag","embeddable":true,"href":"https:\/\/hpott.com\/es\/wp-json\/wp\/v2\/product_tag?post=4120"}],"curies":[{"name":"wp","href":"https:\/\/api.w.org\/{rel}","templated":true}]}}