{"id":4217,"date":"2022-11-19T01:43:46","date_gmt":"2022-11-19T09:43:46","guid":{"rendered":"https:\/\/hpott.com\/?post_type=product&#038;p=4217"},"modified":"2023-07-01T01:10:59","modified_gmt":"2023-07-01T09:10:59","slug":"cocina-electrica-de-induccion-de-encimera-comercial","status":"publish","type":"product","link":"https:\/\/hpott.com\/es\/producto\/cocina-electrica-de-induccion-de-encimera-comercial\/","title":{"rendered":"Cocina de inducci\u00f3n el\u00e9ctrica de encimera de 2500 W, cocina comercial de olla caliente"},"content":{"rendered":"<h3><em><strong>Caracter\u00edstica<\/strong><\/em><\/h3>\n<ul>\n<li><strong><b>Negro importado<\/b><\/strong><strong><b>\u00a0cristal <\/b><\/strong><strong><b>Tablero, sin decoloraci\u00f3n, sin amarilleo, resistente a altas temperaturas, f\u00e1cil de limpiar.<\/b><\/strong><\/li>\n<li><strong><b>Configuraci\u00f3n de alto est\u00e1ndar, chip de CPU de gran memoria, nueva pila de puente rectificador de potencia, IGBT (tubo de potencia) resistente a alto voltaje<\/b><\/strong><\/li>\n<li><strong><b>Ollas aplicables: olla individual y olla de dos sabores con un di\u00e1metro inferior a 300 mm; control remoto incorporado<\/b><\/strong><\/li>\n<li><strong><b>Con la \u00faltima tecnolog\u00eda de chip integrado, el rendimiento es m\u00e1s estable y confiable.<\/b><\/strong><\/li>\n<li><strong><b>Especial para restaurantes de ollas calientes y se adapta a entornos de uso a largo plazo.<\/b><\/strong><\/li>\n<\/ul>\n<p><img loading=\"lazy\" decoding=\"async\" class=\"alignnone wp-image-5570 size-full\" src=\"http:\/\/hpott.com\/wp-content\/uploads\/2022\/11\/induction-cooker-series.webp\" alt=\"Cocina el\u00e9ctrica de inducci\u00f3n de encimera comercial\" width=\"750\" height=\"900\" srcset=\"https:\/\/hpott.com\/wp-content\/uploads\/2022\/11\/induction-cooker-series.webp 750w, https:\/\/hpott.com\/wp-content\/uploads\/2022\/11\/induction-cooker-series-250x300.webp 250w, https:\/\/hpott.com\/wp-content\/uploads\/2022\/11\/induction-cooker-series-600x720.webp 600w, https:\/\/hpott.com\/wp-content\/uploads\/2022\/11\/induction-cooker-series-64x77.webp 64w\" sizes=\"auto, (max-width: 750px) 100vw, 750px\" \/><\/p>","protected":false},"excerpt":{"rendered":"<p><strong>ID del producto:\u00a0<\/strong>HP-ITS2500<\/p>\n<p>La mejor oferta de ollas calientes comerciales con quemador de inducci\u00f3n y mesas para ollas calientes con cocinas de inducci\u00f3n.<\/p>","protected":false},"featured_media":5858,"template":"","meta":{"_acf_changed":false,"_seopress_robots_primary_cat":"none","_seopress_titles_title":"","_seopress_titles_desc":"","_seopress_robots_index":""},"product_brand":[],"product_cat":[35,42],"product_tag":[],"class_list":{"0":"post-4217","1":"product","2":"type-product","3":"status-publish","4":"has-post-thumbnail","6":"product_cat-induction-cooker","7":"product_cat-hot-pot-induction-cooker","9":"first","10":"instock","11":"shipping-taxable","12":"product-type-simple"},"acf":[],"_links":{"self":[{"href":"https:\/\/hpott.com\/es\/wp-json\/wp\/v2\/product\/4217","targetHints":{"allow":["GET"]}}],"collection":[{"href":"https:\/\/hpott.com\/es\/wp-json\/wp\/v2\/product"}],"about":[{"href":"https:\/\/hpott.com\/es\/wp-json\/wp\/v2\/types\/product"}],"wp:featuredmedia":[{"embeddable":true,"href":"https:\/\/hpott.com\/es\/wp-json\/wp\/v2\/media\/5858"}],"wp:attachment":[{"href":"https:\/\/hpott.com\/es\/wp-json\/wp\/v2\/media?parent=4217"}],"wp:term":[{"taxonomy":"product_brand","embeddable":true,"href":"https:\/\/hpott.com\/es\/wp-json\/wp\/v2\/product_brand?post=4217"},{"taxonomy":"product_cat","embeddable":true,"href":"https:\/\/hpott.com\/es\/wp-json\/wp\/v2\/product_cat?post=4217"},{"taxonomy":"product_tag","embeddable":true,"href":"https:\/\/hpott.com\/es\/wp-json\/wp\/v2\/product_tag?post=4217"}],"curies":[{"name":"wp","href":"https:\/\/api.w.org\/{rel}","templated":true}]}}