{"id":4221,"date":"2022-11-19T01:47:40","date_gmt":"2022-11-19T09:47:40","guid":{"rendered":"https:\/\/hpott.com\/?post_type=product&#038;p=4221"},"modified":"2023-07-01T00:59:22","modified_gmt":"2023-07-01T08:59:22","slug":"cocina-de-induccion-electrica-de-3000-w","status":"publish","type":"product","link":"https:\/\/hpott.com\/es\/producto\/cocina-de-induccion-electrica-de-3000-w\/","title":{"rendered":"Cocina de inducci\u00f3n el\u00e9ctrica de 3000 W"},"content":{"rendered":"<p>\u3010<strong>Nombre<\/strong>\u3011: Cocina de inducci\u00f3n con olla caliente<br \/>\n\u3010<strong>Origen<\/strong>\u3011: Guangdong, China<br \/>\n\u3010<strong>Voltaje<\/strong>\u3011: 220 V ~ 50 Hz<\/p>\n<p>\u3010<strong>Fuerza<\/strong>\u3011: 3000w<br \/>\n\u3010<strong>Tama\u00f1o<\/strong>\u3011: 320 x 320 mm<\/p>\n<h3><em><strong>Caracter\u00edstica<\/strong><\/em><\/h3>\n<ul>\n<li><strong><b>Negro importado<\/b><\/strong><strong><b>\u00a0cristal <\/b><\/strong><strong><b>Tablero, sin decoloraci\u00f3n, sin amarilleo, resistente a altas temperaturas, f\u00e1cil de limpiar.<\/b><\/strong><\/li>\n<li><strong><b>Configuraci\u00f3n de alto est\u00e1ndar, chip de CPU de gran memoria, nueva pila de puente rectificador de potencia, IGBT (tubo de potencia) resistente a alto voltaje<\/b><\/strong><\/li>\n<li><strong><b>Ollas aplicables: olla individual y olla de dos sabores con un di\u00e1metro inferior a 320 mm; control remoto incorporado<\/b><\/strong><\/li>\n<li><strong><b>Con la \u00faltima tecnolog\u00eda de chip integrado, el rendimiento es m\u00e1s estable y confiable.<\/b><\/strong><\/li>\n<li><strong><b>Especial para restaurantes de ollas calientes, se puede adaptar a entornos de uso a largo plazo.<\/b><\/strong><\/li>\n<\/ul>","protected":false},"excerpt":{"rendered":"<p><strong>ID del producto:\u00a0<\/strong>HP-ITS3000<\/p>\n<p>Fabricante de ollas calientes, cocinas de inducci\u00f3n y ollas calientes a la venta.<\/p>","protected":false},"featured_media":5155,"template":"","meta":{"_acf_changed":false,"_seopress_robots_primary_cat":"none","_seopress_titles_title":"","_seopress_titles_desc":"","_seopress_robots_index":""},"product_brand":[],"product_cat":[35,42],"product_tag":[],"class_list":{"0":"post-4221","1":"product","2":"type-product","3":"status-publish","4":"has-post-thumbnail","6":"product_cat-induction-cooker","7":"product_cat-hot-pot-induction-cooker","9":"first","10":"instock","11":"shipping-taxable","12":"product-type-simple"},"acf":[],"_links":{"self":[{"href":"https:\/\/hpott.com\/es\/wp-json\/wp\/v2\/product\/4221","targetHints":{"allow":["GET"]}}],"collection":[{"href":"https:\/\/hpott.com\/es\/wp-json\/wp\/v2\/product"}],"about":[{"href":"https:\/\/hpott.com\/es\/wp-json\/wp\/v2\/types\/product"}],"wp:featuredmedia":[{"embeddable":true,"href":"https:\/\/hpott.com\/es\/wp-json\/wp\/v2\/media\/5155"}],"wp:attachment":[{"href":"https:\/\/hpott.com\/es\/wp-json\/wp\/v2\/media?parent=4221"}],"wp:term":[{"taxonomy":"product_brand","embeddable":true,"href":"https:\/\/hpott.com\/es\/wp-json\/wp\/v2\/product_brand?post=4221"},{"taxonomy":"product_cat","embeddable":true,"href":"https:\/\/hpott.com\/es\/wp-json\/wp\/v2\/product_cat?post=4221"},{"taxonomy":"product_tag","embeddable":true,"href":"https:\/\/hpott.com\/es\/wp-json\/wp\/v2\/product_tag?post=4221"}],"curies":[{"name":"wp","href":"https:\/\/api.w.org\/{rel}","templated":true}]}}