{"id":4359,"date":"2022-11-24T07:30:07","date_gmt":"2022-11-24T15:30:07","guid":{"rendered":"https:\/\/hpott.com\/?post_type=product&#038;p=4359"},"modified":"2023-12-04T22:42:37","modified_gmt":"2023-12-05T06:42:37","slug":"mesa-redonda-para-olla-caliente-para-restaurante-a-la-venta","status":"publish","type":"product","link":"https:\/\/hpott.com\/es\/producto\/mesa-redonda-para-olla-caliente-para-restaurante-a-la-venta\/","title":{"rendered":"Mesa redonda para olla caliente para restaurante, en venta"},"content":{"rendered":"<p>\u3010Nombre\u3011: Mesa de m\u00e1rmol para olla caliente<br \/>\n\u3010Origen\u3011: Guangdong, China<br \/>\n\u3010Tama\u00f1o de la mesa\u3011: Di\u00e1metro 1300 mm, 1400 mm, 1500 mm, 1600 mm, 1700 mm, 1800 mm (el tama\u00f1o se puede personalizar)<br \/>\n\u3010Material\u3011: Tablero de m\u00e1rmol + base de placa de acero pintada<br \/>\n\u3010Color\u3011: Disponible a pedido<br \/>\n\u3010Aplicaci\u00f3n\u3011: Restaurante de ollas calientes, hoteles, otros restaurantes<br \/>\n\u3010Caracter\u00edstica\u3011<br \/>\n<strong>01<\/strong><br \/>\n<strong>Anillo decorativo integrado<\/strong><br \/>\nLa campana formadora integrada est\u00e1 hecha de acero inoxidable engrosado, una estructura formadora perfectamente integrada y una posici\u00f3n de sujeci\u00f3n \u00edntima.<br \/>\n<strong>02<\/strong><br \/>\n<strong>Purificaci\u00f3n sin humo<\/strong><br \/>\nNo es necesario instalar un tubo de escape de humo, uso directo de purificador sin humo, ahorro de energ\u00eda y protecci\u00f3n del medio ambiente, moda novedosa<br \/>\n<strong>03<\/strong><br \/>\n<strong>Mesa de olla caliente sin humo personalizada<\/strong><br \/>\nSeleccione material de alta calidad, cree un estilo chino moderno y simple, c\u00e1lido, pr\u00e1ctico, simple y generoso.<br \/>\n<strong>04<\/strong><br \/>\n<strong>Reposapi\u00e9s de acero inoxidable<\/strong><br \/>\nSoporte fuerte y firme para la mesa de olla caliente, y no se tambalea, para que puedas disfrutar de la comida con mayor tranquilidad.<\/p>\n<p><img loading=\"lazy\" decoding=\"async\" class=\"size-full wp-image-5823\" src=\"http:\/\/hpott.com\/wp-content\/uploads\/2022\/11\/1-scaled.webp\" alt=\"Mesa redonda para olla caliente para restaurante, a la venta\" width=\"743\" height=\"2560\" srcset=\"https:\/\/hpott.com\/wp-content\/uploads\/2022\/11\/1-scaled.webp 743w, https:\/\/hpott.com\/wp-content\/uploads\/2022\/11\/1-87x300.webp 87w, https:\/\/hpott.com\/wp-content\/uploads\/2022\/11\/1-297x1024.webp 297w, https:\/\/hpott.com\/wp-content\/uploads\/2022\/11\/1-446x1536.webp 446w, https:\/\/hpott.com\/wp-content\/uploads\/2022\/11\/1-594x2048.webp 594w, https:\/\/hpott.com\/wp-content\/uploads\/2022\/11\/1-600x2067.webp 600w, https:\/\/hpott.com\/wp-content\/uploads\/2022\/11\/1-64x221.webp 64w\" sizes=\"auto, (max-width: 743px) 100vw, 743px\" \/><\/p>\n<p><img loading=\"lazy\" decoding=\"async\" class=\"size-full wp-image-5824\" src=\"http:\/\/hpott.com\/wp-content\/uploads\/2022\/11\/2.webp\" alt=\"Mesa redonda para olla caliente para restaurante, a la venta\" width=\"750\" height=\"2430\" srcset=\"https:\/\/hpott.com\/wp-content\/uploads\/2022\/11\/2.webp 750w, https:\/\/hpott.com\/wp-content\/uploads\/2022\/11\/2-93x300.webp 93w, https:\/\/hpott.com\/wp-content\/uploads\/2022\/11\/2-316x1024.webp 316w, https:\/\/hpott.com\/wp-content\/uploads\/2022\/11\/2-474x1536.webp 474w, https:\/\/hpott.com\/wp-content\/uploads\/2022\/11\/2-632x2048.webp 632w, https:\/\/hpott.com\/wp-content\/uploads\/2022\/11\/2-600x1944.webp 600w, https:\/\/hpott.com\/wp-content\/uploads\/2022\/11\/2-64x207.webp 64w\" sizes=\"auto, (max-width: 750px) 100vw, 750px\" \/><\/p>","protected":false},"excerpt":{"rendered":"<p><strong>ID del producto:<\/strong>HP-R04<\/p>\n<p>Los fabricantes profesionales de mesas para ollas calientes producen mesas para ollas calientes grandes y redondas que se pueden personalizar<\/p>","protected":false},"featured_media":5079,"template":"","meta":{"_acf_changed":false,"_seopress_robots_primary_cat":"none","_seopress_titles_title":"","_seopress_titles_desc":"","_seopress_robots_index":""},"product_brand":[],"product_cat":[30,32],"product_tag":[],"class_list":{"0":"post-4359","1":"product","2":"type-product","3":"status-publish","4":"has-post-thumbnail","6":"product_cat-hot-pot-table","7":"product_cat-round-hot-pot-tables","9":"first","10":"instock","11":"shipping-taxable","12":"product-type-simple"},"acf":[],"_links":{"self":[{"href":"https:\/\/hpott.com\/es\/wp-json\/wp\/v2\/product\/4359","targetHints":{"allow":["GET"]}}],"collection":[{"href":"https:\/\/hpott.com\/es\/wp-json\/wp\/v2\/product"}],"about":[{"href":"https:\/\/hpott.com\/es\/wp-json\/wp\/v2\/types\/product"}],"wp:featuredmedia":[{"embeddable":true,"href":"https:\/\/hpott.com\/es\/wp-json\/wp\/v2\/media\/5079"}],"wp:attachment":[{"href":"https:\/\/hpott.com\/es\/wp-json\/wp\/v2\/media?parent=4359"}],"wp:term":[{"taxonomy":"product_brand","embeddable":true,"href":"https:\/\/hpott.com\/es\/wp-json\/wp\/v2\/product_brand?post=4359"},{"taxonomy":"product_cat","embeddable":true,"href":"https:\/\/hpott.com\/es\/wp-json\/wp\/v2\/product_cat?post=4359"},{"taxonomy":"product_tag","embeddable":true,"href":"https:\/\/hpott.com\/es\/wp-json\/wp\/v2\/product_tag?post=4359"}],"curies":[{"name":"wp","href":"https:\/\/api.w.org\/{rel}","templated":true}]}}