{"id":5340,"date":"2023-02-24T01:17:44","date_gmt":"2023-02-24T09:17:44","guid":{"rendered":"https:\/\/hpott.com\/?post_type=product&#038;p=5340"},"modified":"2023-06-22T23:09:29","modified_gmt":"2023-06-23T07:09:29","slug":"mesa-de-olla-caliente-redonda-comercial-electrica-con-cocina-de-induccion","status":"publish","type":"product","link":"https:\/\/hpott.com\/es\/producto\/mesa-de-olla-caliente-redonda-comercial-electrica-con-cocina-de-induccion\/","title":{"rendered":"Mesa de olla caliente redonda comercial el\u00e9ctrica con cocina de inducci\u00f3n"},"content":{"rendered":"<p>\u3010Nombre\u3011: Mesa de m\u00e1rmol para olla caliente<br \/>\n\u3010Origen\u3011: Guangdong, China<br \/>\n\u3010Tama\u00f1o de la mesa\u3011: Di\u00e1metro 1300 mm, 1400 mm, 1500 mm, 1600 mm, 1700 mm, 1800 mm (el tama\u00f1o se puede personalizar)<br \/>\n\u3010Material\u3011: Tablero de m\u00e1rmol + base de placa de acero pintada<br \/>\n\u3010Color\u3011: Disponible a pedido<br \/>\n\u3010Aplicaci\u00f3n\u3011: Restaurante de ollas calientes, hoteles, otros restaurantes<br \/>\n\u3010Caracter\u00edstica\u3011<br \/>\n<strong>01<\/strong><br \/>\n<strong>Anillo decorativo integrado<\/strong><br \/>\nLa campana de formaci\u00f3n integrada est\u00e1 compuesta de acero inoxidable engrosado, una estructura de formaci\u00f3n perfectamente integrada y una posici\u00f3n de sujeci\u00f3n \u00edntima.<br \/>\n<strong>02<\/strong><br \/>\n<strong>Purificaci\u00f3n sin humo<\/strong><br \/>\nNo es necesario instalar un tubo de escape de humo, uso directo de purificador sin humo, ahorro de energ\u00eda y protecci\u00f3n del medio ambiente, moda novedosa.<br \/>\n<strong>03<\/strong><br \/>\n<strong>Mesa de olla caliente sin humo personalizada<\/strong><br \/>\nSeleccione material de alta calidad, cree un estilo chino moderno y simple, c\u00e1lido, pr\u00e1ctico, simple y generoso.<br \/>\n<strong>04<\/strong><br \/>\n<strong>Reposapi\u00e9s de acero inoxidable<\/strong><br \/>\nSoporte fuerte y firme para la mesa de olla caliente, y no se tambalea, para que puedas disfrutar de la comida m\u00e1s f\u00e1cilmente.<\/p>\n<p style=\"text-align: center;\"><span style=\"color: #ff0000;\"><strong>Personalizaci\u00f3n para ti<\/strong><\/span><\/p>\n<p style=\"text-align: center;\">N.\u00b0 1 Tenemos al menos 500 colores para que elijas.<\/p>\n<p><img loading=\"lazy\" decoding=\"async\" class=\"aligncenter wp-image-5318 size-full\" src=\"http:\/\/hpott.com\/wp-content\/uploads\/2023\/02\/Tabletop-color.webp\" alt=\"Cocina de inducci\u00f3n empotrada popular, peque\u00f1a mesa para olla caliente con parrilla\" width=\"750\" height=\"457\" srcset=\"https:\/\/hpott.com\/wp-content\/uploads\/2023\/02\/Tabletop-color.webp 750w, https:\/\/hpott.com\/wp-content\/uploads\/2023\/02\/Tabletop-color-300x183.webp 300w, https:\/\/hpott.com\/wp-content\/uploads\/2023\/02\/Tabletop-color-600x366.webp 600w, https:\/\/hpott.com\/wp-content\/uploads\/2023\/02\/Tabletop-color-64x39.webp 64w\" sizes=\"auto, (max-width: 750px) 100vw, 750px\" \/><\/p>\n<p style=\"text-align: center;\">NO.2 Podemos ofrecerle una amplia selecci\u00f3n de materiales de escritorio, cont\u00e1ctenos para obtener m\u00e1s informaci\u00f3n.<\/p>\n<p><img loading=\"lazy\" decoding=\"async\" class=\"aligncenter wp-image-5319 size-full\" src=\"http:\/\/hpott.com\/wp-content\/uploads\/2023\/02\/tabletop-material.webp\" alt=\"Cocina de inducci\u00f3n empotrada popular, peque\u00f1a mesa para olla caliente con parrilla\" width=\"750\" height=\"239\" srcset=\"https:\/\/hpott.com\/wp-content\/uploads\/2023\/02\/tabletop-material.webp 750w, https:\/\/hpott.com\/wp-content\/uploads\/2023\/02\/tabletop-material-300x96.webp 300w, https:\/\/hpott.com\/wp-content\/uploads\/2023\/02\/tabletop-material-600x191.webp 600w, https:\/\/hpott.com\/wp-content\/uploads\/2023\/02\/tabletop-material-64x20.webp 64w\" sizes=\"auto, (max-width: 750px) 100vw, 750px\" \/><\/p>\n<p style=\"text-align: center;\">NO.3 Podemos ayudarle a dise\u00f1ar diferentes tama\u00f1os, incluidos redondos, cuadrados, de 4 asientos, de 6 asientos, etc.<\/p>\n<p style=\"text-align: center;\"><img loading=\"lazy\" decoding=\"async\" class=\"aligncenter wp-image-4327 size-full\" src=\"http:\/\/hpott.com\/wp-content\/uploads\/2022\/10\/Korean-Size.webp\" alt=\"\" width=\"800\" height=\"550\" srcset=\"https:\/\/hpott.com\/wp-content\/uploads\/2022\/10\/Korean-Size.webp 800w, https:\/\/hpott.com\/wp-content\/uploads\/2022\/10\/Korean-Size-300x206.webp 300w, https:\/\/hpott.com\/wp-content\/uploads\/2022\/10\/Korean-Size-768x528.webp 768w, https:\/\/hpott.com\/wp-content\/uploads\/2022\/10\/Korean-Size-600x413.webp 600w\" sizes=\"auto, (max-width: 800px) 100vw, 800px\" \/><span style=\"color: #ff0000;\"><strong>Embalaje\u00a0<\/strong><\/span><\/p>\n<p style=\"text-align: center;\">Detalles del embalaje: Embalaje con estantes de madera.<\/p>\n<p style=\"text-align: center;\">Puerto: Foshan, Zhongshan, Shenzhen<\/p>\n<p style=\"text-align: center;\">Tiempo de entrega: unos 25 d\u00edas.<\/p>\n<p>&nbsp;<\/p>\n<p><img loading=\"lazy\" decoding=\"async\" class=\"aligncenter wp-image-5320 size-full\" src=\"http:\/\/hpott.com\/wp-content\/uploads\/2023\/02\/Packaging-delivery.webp\" alt=\"Cocina de inducci\u00f3n empotrada popular, peque\u00f1a mesa para olla caliente con parrilla\" width=\"750\" height=\"400\" srcset=\"https:\/\/hpott.com\/wp-content\/uploads\/2023\/02\/Packaging-delivery.webp 750w, https:\/\/hpott.com\/wp-content\/uploads\/2023\/02\/Packaging-delivery-300x160.webp 300w, https:\/\/hpott.com\/wp-content\/uploads\/2023\/02\/Packaging-delivery-600x320.webp 600w, https:\/\/hpott.com\/wp-content\/uploads\/2023\/02\/Packaging-delivery-64x34.webp 64w\" sizes=\"auto, (max-width: 750px) 100vw, 750px\" \/><\/p>\n<p style=\"text-align: center;\"><span style=\"color: #ff0000;\"><strong>Casos de clientes<\/strong><\/span><\/p>\n<p style=\"text-align: center;\">Actualmente trabajamos con m\u00e1s de 500 restaurantes.<\/p>\n<p><img loading=\"lazy\" decoding=\"async\" class=\"aligncenter wp-image-5321 size-full\" src=\"http:\/\/hpott.com\/wp-content\/uploads\/2023\/02\/Case-Collaboration-.webp\" alt=\"Cocina de inducci\u00f3n empotrada popular, peque\u00f1a mesa para olla caliente con parrilla\" width=\"750\" height=\"750\" srcset=\"https:\/\/hpott.com\/wp-content\/uploads\/2023\/02\/Case-Collaboration-.webp 750w, https:\/\/hpott.com\/wp-content\/uploads\/2023\/02\/Case-Collaboration--300x300.webp 300w, https:\/\/hpott.com\/wp-content\/uploads\/2023\/02\/Case-Collaboration--150x150.webp 150w, https:\/\/hpott.com\/wp-content\/uploads\/2023\/02\/Case-Collaboration--600x600.webp 600w, https:\/\/hpott.com\/wp-content\/uploads\/2023\/02\/Case-Collaboration--100x100.webp 100w, https:\/\/hpott.com\/wp-content\/uploads\/2023\/02\/Case-Collaboration--64x64.webp 64w\" sizes=\"auto, (max-width: 750px) 100vw, 750px\" \/><\/p>","protected":false},"excerpt":{"rendered":"<p><strong>ID del producto:\u00a0<\/strong>HP-R05<\/p>\n<p><strong>Tama\u00f1o del producto: <\/strong>Personalizaci\u00f3n<\/p>\n<p><strong>Material de la mesa: <\/strong>M\u00e1rmol artificial o personalizaci\u00f3n<\/p>\n<p>HPOTT puede personalizarlo seg\u00fan sus requisitos.<\/p>","protected":false},"featured_media":5344,"template":"","meta":{"_acf_changed":false,"_seopress_robots_primary_cat":"none","_seopress_titles_title":"","_seopress_titles_desc":"","_seopress_robots_index":""},"product_brand":[],"product_cat":[30,32],"product_tag":[],"class_list":{"0":"post-5340","1":"product","2":"type-product","3":"status-publish","4":"has-post-thumbnail","6":"product_cat-hot-pot-table","7":"product_cat-round-hot-pot-tables","9":"first","10":"instock","11":"shipping-taxable","12":"product-type-simple"},"acf":[],"_links":{"self":[{"href":"https:\/\/hpott.com\/es\/wp-json\/wp\/v2\/product\/5340","targetHints":{"allow":["GET"]}}],"collection":[{"href":"https:\/\/hpott.com\/es\/wp-json\/wp\/v2\/product"}],"about":[{"href":"https:\/\/hpott.com\/es\/wp-json\/wp\/v2\/types\/product"}],"wp:featuredmedia":[{"embeddable":true,"href":"https:\/\/hpott.com\/es\/wp-json\/wp\/v2\/media\/5344"}],"wp:attachment":[{"href":"https:\/\/hpott.com\/es\/wp-json\/wp\/v2\/media?parent=5340"}],"wp:term":[{"taxonomy":"product_brand","embeddable":true,"href":"https:\/\/hpott.com\/es\/wp-json\/wp\/v2\/product_brand?post=5340"},{"taxonomy":"product_cat","embeddable":true,"href":"https:\/\/hpott.com\/es\/wp-json\/wp\/v2\/product_cat?post=5340"},{"taxonomy":"product_tag","embeddable":true,"href":"https:\/\/hpott.com\/es\/wp-json\/wp\/v2\/product_tag?post=5340"}],"curies":[{"name":"wp","href":"https:\/\/api.w.org\/{rel}","templated":true}]}}