{"id":5447,"date":"2023-03-03T01:41:17","date_gmt":"2023-03-03T09:41:17","guid":{"rendered":"https:\/\/hpott.com\/?post_type=product&#038;p=5447"},"modified":"2023-07-05T00:27:35","modified_gmt":"2023-07-05T08:27:35","slug":"mesa-de-olla-caliente-con-cocina-de-induccion-mesa-de-olla-caliente-electrica-de-bricolaje","status":"publish","type":"product","link":"https:\/\/hpott.com\/es\/producto\/mesa-de-olla-caliente-con-cocina-de-induccion-mesa-de-olla-caliente-electrica-de-bricolaje\/","title":{"rendered":"Mesa de m\u00e1rmol para olla caliente con cocina de inducci\u00f3n el\u00e9ctrica"},"content":{"rendered":"<p>\u3010Nombre\u3011<strong>:\u00a0<\/strong>Mesa de olla caliente con cocina de inducci\u00f3n<br \/>\n\u3010Origen\u3011<strong>:\u00a0<\/strong>Guangdong, China<br \/>\n\u3010Tama\u00f1o de la mesa\u3011<strong>:\u00a0<\/strong>1000 x 800 mm, 1300 x 900 mm, 1600 x 900 mm, 1800 x 1000 mm (tama\u00f1o personalizable)<br \/>\n\u3010Material\u3011<strong>: <\/strong>Tablero de m\u00e1rmol + base de acero inoxidable impresa (tablero personalizable)<br \/>\n\u3010Color\u3011<strong>:\u00a0<\/strong>Disponible bajo petici\u00f3n<br \/>\n\u3010Solicitud\u3011<strong>:\u00a0<\/strong>Restaurante de ollas calientes, hotel, otros restaurantes.<\/p>\n<p><img loading=\"lazy\" decoding=\"async\" class=\"size-full wp-image-5913\" src=\"http:\/\/hpott.com\/wp-content\/uploads\/2023\/03\/hotpot-induction-cooker-table.webp\" alt=\"Mesa de olla caliente con cocina de inducci\u00f3n, mesa de olla caliente el\u00e9ctrica de bricolaje\" width=\"750\" height=\"776\" srcset=\"https:\/\/hpott.com\/wp-content\/uploads\/2023\/03\/hotpot-induction-cooker-table.webp 750w, https:\/\/hpott.com\/wp-content\/uploads\/2023\/03\/hotpot-induction-cooker-table-290x300.webp 290w, https:\/\/hpott.com\/wp-content\/uploads\/2023\/03\/hotpot-induction-cooker-table-600x621.webp 600w, https:\/\/hpott.com\/wp-content\/uploads\/2023\/03\/hotpot-induction-cooker-table-64x66.webp 64w\" sizes=\"auto, (max-width: 750px) 100vw, 750px\" \/><\/p>\n<p><img loading=\"lazy\" decoding=\"async\" class=\"size-full wp-image-5914\" src=\"http:\/\/hpott.com\/wp-content\/uploads\/2023\/03\/table-with-induction-cooker.webp\" alt=\"Mesa de olla caliente con cocina de inducci\u00f3n, mesa de olla caliente el\u00e9ctrica de bricolaje\" width=\"750\" height=\"602\" srcset=\"https:\/\/hpott.com\/wp-content\/uploads\/2023\/03\/table-with-induction-cooker.webp 750w, https:\/\/hpott.com\/wp-content\/uploads\/2023\/03\/table-with-induction-cooker-300x241.webp 300w, https:\/\/hpott.com\/wp-content\/uploads\/2023\/03\/table-with-induction-cooker-600x482.webp 600w, https:\/\/hpott.com\/wp-content\/uploads\/2023\/03\/table-with-induction-cooker-64x51.webp 64w\" sizes=\"auto, (max-width: 750px) 100vw, 750px\" \/><\/p>\n<p><img loading=\"lazy\" decoding=\"async\" class=\"size-full wp-image-5915\" src=\"http:\/\/hpott.com\/wp-content\/uploads\/2023\/03\/hotpot-induction-cooker-table-1.webp\" alt=\"Mesa de olla caliente con cocina de inducci\u00f3n, mesa de olla caliente el\u00e9ctrica de bricolaje\" width=\"750\" height=\"1661\" srcset=\"https:\/\/hpott.com\/wp-content\/uploads\/2023\/03\/hotpot-induction-cooker-table-1.webp 750w, https:\/\/hpott.com\/wp-content\/uploads\/2023\/03\/hotpot-induction-cooker-table-1-135x300.webp 135w, https:\/\/hpott.com\/wp-content\/uploads\/2023\/03\/hotpot-induction-cooker-table-1-462x1024.webp 462w, https:\/\/hpott.com\/wp-content\/uploads\/2023\/03\/hotpot-induction-cooker-table-1-694x1536.webp 694w, https:\/\/hpott.com\/wp-content\/uploads\/2023\/03\/hotpot-induction-cooker-table-1-600x1329.webp 600w, https:\/\/hpott.com\/wp-content\/uploads\/2023\/03\/hotpot-induction-cooker-table-1-64x142.webp 64w\" sizes=\"auto, (max-width: 750px) 100vw, 750px\" \/><\/p>\n<p>&nbsp;<\/p>","protected":false},"excerpt":{"rendered":"<p><strong>ID del producto: <\/strong>HP-S13<\/p>\n<p>Cocina de inducci\u00f3n de mesa de m\u00e1rmol, una mesa de olla caliente, una mesa cuadrada de olla para una persona, restaurante comercial de olla caliente.<\/p>","protected":false},"featured_media":5450,"template":"","meta":{"_acf_changed":false,"_seopress_robots_primary_cat":"none","_seopress_titles_title":"Restaurant Hot Pot Table With Induction Cooker | HPOTT","_seopress_titles_desc":"Factory supplies hot pot table set with induction cooker and stainless steel ring. Support customization services. Help you to open a hotpot restaurant.","_seopress_robots_index":""},"product_brand":[],"product_cat":[30,31],"product_tag":[],"class_list":{"0":"post-5447","1":"product","2":"type-product","3":"status-publish","4":"has-post-thumbnail","6":"product_cat-hot-pot-table","7":"product_cat-square-hot-pot-tables","9":"first","10":"instock","11":"shipping-taxable","12":"product-type-simple"},"acf":[],"_links":{"self":[{"href":"https:\/\/hpott.com\/es\/wp-json\/wp\/v2\/product\/5447","targetHints":{"allow":["GET"]}}],"collection":[{"href":"https:\/\/hpott.com\/es\/wp-json\/wp\/v2\/product"}],"about":[{"href":"https:\/\/hpott.com\/es\/wp-json\/wp\/v2\/types\/product"}],"wp:featuredmedia":[{"embeddable":true,"href":"https:\/\/hpott.com\/es\/wp-json\/wp\/v2\/media\/5450"}],"wp:attachment":[{"href":"https:\/\/hpott.com\/es\/wp-json\/wp\/v2\/media?parent=5447"}],"wp:term":[{"taxonomy":"product_brand","embeddable":true,"href":"https:\/\/hpott.com\/es\/wp-json\/wp\/v2\/product_brand?post=5447"},{"taxonomy":"product_cat","embeddable":true,"href":"https:\/\/hpott.com\/es\/wp-json\/wp\/v2\/product_cat?post=5447"},{"taxonomy":"product_tag","embeddable":true,"href":"https:\/\/hpott.com\/es\/wp-json\/wp\/v2\/product_tag?post=5447"}],"curies":[{"name":"wp","href":"https:\/\/api.w.org\/{rel}","templated":true}]}}