{"id":5464,"date":"2023-03-03T18:59:34","date_gmt":"2023-03-04T02:59:34","guid":{"rendered":"https:\/\/hpott.com\/?post_type=product&#038;p=5464"},"modified":"2023-06-26T02:02:15","modified_gmt":"2023-06-26T10:02:15","slug":"estufa-de-gas-para-olla-caliente-parrilla-coreana-para-barbacoa-mesa-para-olla-caliente-para-restaurante-sin-humo-a-la-venta","status":"publish","type":"product","link":"https:\/\/hpott.com\/es\/producto\/estufa-de-gas-para-olla-caliente-parrilla-coreana-para-barbacoa-mesa-para-olla-caliente-para-restaurante-sin-humo-a-la-venta\/","title":{"rendered":"Estufa de gas para olla caliente, parrilla coreana para barbacoa, mesa para olla caliente para restaurante sin humo, en venta"},"content":{"rendered":"<p>\u3010Nombre\u3011: Mesa para parrilla y olla a gas tipo barbacoa<br \/>\n\u3010Origen\u3011: Guangdong, China<br \/>\n\u3010Tama\u00f1o\u3011: 1300X900X760mm (El tama\u00f1o se puede personalizar)<br \/>\n\u3010Material\u3011: Tablero de m\u00e1rmol + base de acero inoxidable<br \/>\n\u3010Color\u3011: Disponible a pedido<br \/>\n\u3010Aplicaci\u00f3n\u3011: Restaurante de ollas calientes, hoteles, otros restaurantes<br \/>\n\u3010Caracter\u00edstica\u3011<br \/>\n01<br \/>\nAnillo decorativo integrado<br \/>\nLa campana formadora integrada est\u00e1 hecha de acero inoxidable engrosado, una estructura formadora perfectamente integrada y una posici\u00f3n de sujeci\u00f3n \u00edntima.<br \/>\n02<br \/>\nPurificaci\u00f3n sin humo<br \/>\nNo es necesario instalar un tubo de escape de humo, uso directo de purificador sin humo, ahorro de energ\u00eda y protecci\u00f3n del medio ambiente, moda novedosa.<br \/>\n03<br \/>\nMesa de olla caliente sin humo personalizada<br \/>\nSeleccione material de alta calidad, cree un estilo chino moderno y simple, c\u00e1lido, pr\u00e1ctico, simple y generoso.<br \/>\n04<br \/>\nReposapi\u00e9s de acero inoxidable<br \/>\nSoporte fuerte y firme para la mesa de olla caliente, y no se tambalea, para que puedas disfrutar de la comida con mayor tranquilidad.<\/p>\n<p style=\"text-align: center;\"><strong>Sistema de purificaci\u00f3n sin humo<\/strong><\/p>\n<p><img loading=\"lazy\" decoding=\"async\" class=\"size-full wp-image-5648 aligncenter\" src=\"http:\/\/hpott.com\/wp-content\/uploads\/2023\/03\/\u51c0\u5316\u5668\u8be6\u60c5.webp\" alt=\"Parrilla coreana sin humo para restaurante comercial en venta\" width=\"750\" height=\"1300\" srcset=\"https:\/\/hpott.com\/wp-content\/uploads\/2023\/03\/\u51c0\u5316\u5668\u8be6\u60c5.webp 750w, https:\/\/hpott.com\/wp-content\/uploads\/2023\/03\/\u51c0\u5316\u5668\u8be6\u60c5-173x300.webp 173w, https:\/\/hpott.com\/wp-content\/uploads\/2023\/03\/\u51c0\u5316\u5668\u8be6\u60c5-591x1024.webp 591w, https:\/\/hpott.com\/wp-content\/uploads\/2023\/03\/\u51c0\u5316\u5668\u8be6\u60c5-600x1040.webp 600w, https:\/\/hpott.com\/wp-content\/uploads\/2023\/03\/\u51c0\u5316\u5668\u8be6\u60c5-64x111.webp 64w\" sizes=\"auto, (max-width: 750px) 100vw, 750px\" \/><\/p>\n<p style=\"text-align: center;\"><strong>Personalizaci\u00f3n para ti<\/strong><\/p>\n<p style=\"text-align: center;\">N.\u00b0 1 Tenemos al menos 500 colores para que elijas.<\/p>\n<p style=\"text-align: center;\"><img loading=\"lazy\" decoding=\"async\" class=\"aligncenter wp-image-5318 size-full entered lazyloaded\" src=\"http:\/\/hpott.com\/wp-content\/uploads\/2023\/02\/Tabletop-color.webp\" sizes=\"auto, (max-width: 750px) 100vw, 750px\" srcset=\"https:\/\/hpott.com\/wp-content\/uploads\/2023\/02\/Tabletop-color.webp 750w, https:\/\/hpott.com\/wp-content\/uploads\/2023\/02\/Tabletop-color-300x183.webp 300w, https:\/\/hpott.com\/wp-content\/uploads\/2023\/02\/Tabletop-color-600x366.webp 600w, https:\/\/hpott.com\/wp-content\/uploads\/2023\/02\/Tabletop-color-64x39.webp 64w\" alt=\"Cocina de inducci\u00f3n empotrada popular, peque\u00f1a mesa para olla caliente con parrilla\" width=\"750\" height=\"457\" data-lazy-srcset=\"https:\/\/hpott.com\/wp-content\/uploads\/2023\/02\/Tabletop-color.webp 750w, https:\/\/hpott.com\/wp-content\/uploads\/2023\/02\/Tabletop-color-300x183.webp 300w, https:\/\/hpott.com\/wp-content\/uploads\/2023\/02\/Tabletop-color-600x366.webp 600w, https:\/\/hpott.com\/wp-content\/uploads\/2023\/02\/Tabletop-color-64x39.webp 64w\" data-lazy-sizes=\"(max-width: 750px) 100vw, 750px\" data-lazy-src=\"http:\/\/hpott.com\/wp-content\/uploads\/2023\/02\/Tabletop-color.webp\" data-ll-status=\"loaded\" \/><\/p>\n<p style=\"text-align: center;\">NO.2 Podemos ofrecerle una amplia selecci\u00f3n de materiales de escritorio, cont\u00e1ctenos para obtener m\u00e1s informaci\u00f3n.<\/p>\n<p style=\"text-align: center;\"><img loading=\"lazy\" decoding=\"async\" class=\"aligncenter wp-image-5319 size-full entered lazyloaded\" src=\"http:\/\/hpott.com\/wp-content\/uploads\/2023\/02\/tabletop-material.webp\" sizes=\"auto, (max-width: 750px) 100vw, 750px\" srcset=\"https:\/\/hpott.com\/wp-content\/uploads\/2023\/02\/tabletop-material.webp 750w, https:\/\/hpott.com\/wp-content\/uploads\/2023\/02\/tabletop-material-300x96.webp 300w, https:\/\/hpott.com\/wp-content\/uploads\/2023\/02\/tabletop-material-600x191.webp 600w, https:\/\/hpott.com\/wp-content\/uploads\/2023\/02\/tabletop-material-64x20.webp 64w\" alt=\"Cocina de inducci\u00f3n empotrada popular, peque\u00f1a mesa para olla caliente con parrilla\" width=\"750\" height=\"239\" data-lazy-srcset=\"https:\/\/hpott.com\/wp-content\/uploads\/2023\/02\/tabletop-material.webp 750w, https:\/\/hpott.com\/wp-content\/uploads\/2023\/02\/tabletop-material-300x96.webp 300w, https:\/\/hpott.com\/wp-content\/uploads\/2023\/02\/tabletop-material-600x191.webp 600w, https:\/\/hpott.com\/wp-content\/uploads\/2023\/02\/tabletop-material-64x20.webp 64w\" data-lazy-sizes=\"(max-width: 750px) 100vw, 750px\" data-lazy-src=\"http:\/\/hpott.com\/wp-content\/uploads\/2023\/02\/tabletop-material.webp\" data-ll-status=\"loaded\" \/><\/p>\n<p style=\"text-align: center;\">NO.3 Podemos ayudarle a dise\u00f1ar diferentes tama\u00f1os, incluidos redondos, cuadrados, de 4 asientos, de 6 asientos, etc.<\/p>\n<p style=\"text-align: center;\"><img loading=\"lazy\" decoding=\"async\" class=\"aligncenter wp-image-4327 size-full entered lazyloaded\" src=\"http:\/\/hpott.com\/wp-content\/uploads\/2022\/10\/Korean-Size.webp\" sizes=\"auto, (max-width: 800px) 100vw, 800px\" srcset=\"https:\/\/hpott.com\/wp-content\/uploads\/2022\/10\/Korean-Size.webp 800w, https:\/\/hpott.com\/wp-content\/uploads\/2022\/10\/Korean-Size-300x206.webp 300w, https:\/\/hpott.com\/wp-content\/uploads\/2022\/10\/Korean-Size-768x528.webp 768w, https:\/\/hpott.com\/wp-content\/uploads\/2022\/10\/Korean-Size-600x413.webp 600w\" alt=\"\" width=\"800\" height=\"550\" data-lazy-srcset=\"https:\/\/hpott.com\/wp-content\/uploads\/2022\/10\/Korean-Size.webp 800w, https:\/\/hpott.com\/wp-content\/uploads\/2022\/10\/Korean-Size-300x206.webp 300w, https:\/\/hpott.com\/wp-content\/uploads\/2022\/10\/Korean-Size-768x528.webp 768w, https:\/\/hpott.com\/wp-content\/uploads\/2022\/10\/Korean-Size-600x413.webp 600w\" data-lazy-sizes=\"(max-width: 800px) 100vw, 800px\" data-lazy-src=\"http:\/\/hpott.com\/wp-content\/uploads\/2022\/10\/Korean-Size.webp\" data-ll-status=\"loaded\" \/><strong>Embalaje\u00a0<\/strong><\/p>\n<p style=\"text-align: center;\">Detalles del embalaje: Embalaje con estantes de madera.<\/p>\n<p style=\"text-align: center;\">Puerto: Foshan, Zhongshan, Shenzhen<\/p>\n<p style=\"text-align: center;\">Tiempo de entrega: unos 25 d\u00edas.<\/p>\n<p style=\"text-align: center;\"><img loading=\"lazy\" decoding=\"async\" class=\"aligncenter wp-image-5320 size-full entered lazyloaded\" src=\"http:\/\/hpott.com\/wp-content\/uploads\/2023\/02\/Packaging-delivery.webp\" sizes=\"auto, (max-width: 750px) 100vw, 750px\" srcset=\"https:\/\/hpott.com\/wp-content\/uploads\/2023\/02\/Packaging-delivery.webp 750w, https:\/\/hpott.com\/wp-content\/uploads\/2023\/02\/Packaging-delivery-300x160.webp 300w, https:\/\/hpott.com\/wp-content\/uploads\/2023\/02\/Packaging-delivery-600x320.webp 600w, https:\/\/hpott.com\/wp-content\/uploads\/2023\/02\/Packaging-delivery-64x34.webp 64w\" alt=\"Cocina de inducci\u00f3n empotrada popular, peque\u00f1a mesa para olla caliente con parrilla\" width=\"750\" height=\"400\" data-lazy-srcset=\"https:\/\/hpott.com\/wp-content\/uploads\/2023\/02\/Packaging-delivery.webp 750w, https:\/\/hpott.com\/wp-content\/uploads\/2023\/02\/Packaging-delivery-300x160.webp 300w, https:\/\/hpott.com\/wp-content\/uploads\/2023\/02\/Packaging-delivery-600x320.webp 600w, https:\/\/hpott.com\/wp-content\/uploads\/2023\/02\/Packaging-delivery-64x34.webp 64w\" data-lazy-sizes=\"(max-width: 750px) 100vw, 750px\" data-lazy-src=\"http:\/\/hpott.com\/wp-content\/uploads\/2023\/02\/Packaging-delivery.webp\" data-ll-status=\"loaded\" \/><\/p>\n<p style=\"text-align: center;\"><strong>Casos de clientes<\/strong><\/p>\n<p style=\"text-align: center;\">Actualmente trabajamos con m\u00e1s de 500 restaurantes.<\/p>\n<p><img loading=\"lazy\" decoding=\"async\" class=\"aligncenter wp-image-5321 size-full entered lazyloaded\" src=\"http:\/\/hpott.com\/wp-content\/uploads\/2023\/02\/Case-Collaboration-.webp\" sizes=\"auto, (max-width: 750px) 100vw, 750px\" srcset=\"https:\/\/hpott.com\/wp-content\/uploads\/2023\/02\/Case-Collaboration-.webp 750w, https:\/\/hpott.com\/wp-content\/uploads\/2023\/02\/Case-Collaboration--300x300.webp 300w, https:\/\/hpott.com\/wp-content\/uploads\/2023\/02\/Case-Collaboration--150x150.webp 150w, https:\/\/hpott.com\/wp-content\/uploads\/2023\/02\/Case-Collaboration--600x600.webp 600w, https:\/\/hpott.com\/wp-content\/uploads\/2023\/02\/Case-Collaboration--100x100.webp 100w, https:\/\/hpott.com\/wp-content\/uploads\/2023\/02\/Case-Collaboration--64x64.webp 64w\" alt=\"Cocina de inducci\u00f3n empotrada popular, peque\u00f1a mesa para olla caliente con parrilla\" width=\"750\" height=\"750\" data-lazy-srcset=\"https:\/\/hpott.com\/wp-content\/uploads\/2023\/02\/Case-Collaboration-.webp 750w, https:\/\/hpott.com\/wp-content\/uploads\/2023\/02\/Case-Collaboration--300x300.webp 300w, https:\/\/hpott.com\/wp-content\/uploads\/2023\/02\/Case-Collaboration--150x150.webp 150w, https:\/\/hpott.com\/wp-content\/uploads\/2023\/02\/Case-Collaboration--600x600.webp 600w, https:\/\/hpott.com\/wp-content\/uploads\/2023\/02\/Case-Collaboration--100x100.webp 100w, https:\/\/hpott.com\/wp-content\/uploads\/2023\/02\/Case-Collaboration--64x64.webp 64w\" data-lazy-sizes=\"(max-width: 750px) 100vw, 750px\" data-lazy-src=\"http:\/\/hpott.com\/wp-content\/uploads\/2023\/02\/Case-Collaboration-.webp\" data-ll-status=\"loaded\" \/><\/p>","protected":false},"excerpt":{"rendered":"<p><strong>ID del producto:\u00a0<\/strong>HP-C11<\/p>\n<p>Olla caliente a gas y parrilla para barbacoa. Las parrillas para barbacoa sin humo coreanas y las mesas para ollas calientes se venden directamente de f\u00e1brica y se pueden personalizar con interfaz USB, admiten carga de tel\u00e9fonos celulares y son f\u00e1ciles de usar.<\/p>","protected":false},"featured_media":5467,"template":"","meta":{"_acf_changed":false,"_seopress_robots_primary_cat":"none","_seopress_titles_title":"","_seopress_titles_desc":"","_seopress_robots_index":""},"product_brand":[],"product_cat":[30,31,33],"product_tag":[],"class_list":{"0":"post-5464","1":"product","2":"type-product","3":"status-publish","4":"has-post-thumbnail","6":"product_cat-hot-pot-table","7":"product_cat-square-hot-pot-tables","8":"product_cat-hot-pot-and-bbq-table","10":"first","11":"instock","12":"shipping-taxable","13":"product-type-simple"},"acf":[],"_links":{"self":[{"href":"https:\/\/hpott.com\/es\/wp-json\/wp\/v2\/product\/5464","targetHints":{"allow":["GET"]}}],"collection":[{"href":"https:\/\/hpott.com\/es\/wp-json\/wp\/v2\/product"}],"about":[{"href":"https:\/\/hpott.com\/es\/wp-json\/wp\/v2\/types\/product"}],"wp:featuredmedia":[{"embeddable":true,"href":"https:\/\/hpott.com\/es\/wp-json\/wp\/v2\/media\/5467"}],"wp:attachment":[{"href":"https:\/\/hpott.com\/es\/wp-json\/wp\/v2\/media?parent=5464"}],"wp:term":[{"taxonomy":"product_brand","embeddable":true,"href":"https:\/\/hpott.com\/es\/wp-json\/wp\/v2\/product_brand?post=5464"},{"taxonomy":"product_cat","embeddable":true,"href":"https:\/\/hpott.com\/es\/wp-json\/wp\/v2\/product_cat?post=5464"},{"taxonomy":"product_tag","embeddable":true,"href":"https:\/\/hpott.com\/es\/wp-json\/wp\/v2\/product_tag?post=5464"}],"curies":[{"name":"wp","href":"https:\/\/api.w.org\/{rel}","templated":true}]}}