{"id":5468,"date":"2023-03-03T19:20:51","date_gmt":"2023-03-04T03:20:51","guid":{"rendered":"https:\/\/hpott.com\/?post_type=product&#038;p=5468"},"modified":"2023-12-04T22:27:11","modified_gmt":"2023-12-05T06:27:11","slug":"mesa-de-barbacoa-coreana-para-interiores-mesa-de-olla-caliente-comercial-mesa-de-barbacoa-coreana-empotrada-a-la-venta","status":"publish","type":"product","link":"https:\/\/hpott.com\/es\/producto\/mesa-de-barbacoa-coreana-para-interiores-mesa-de-olla-caliente-comercial-mesa-de-barbacoa-coreana-empotrada-a-la-venta\/","title":{"rendered":"Parrilla coreana para barbacoa sin humo para restaurante comercial en venta"},"content":{"rendered":"<p>\u3010Nombre\u3011: Mesa para parrilla de barbacoa y olla caliente<br \/>\n\u3010Origen\u3011: Guangdong, China<br \/>\n\u3010Tama\u00f1o\u3011: 1300X900X760mm (El tama\u00f1o se puede personalizar)<br \/>\n\u3010Material\u3011: Tablero de m\u00e1rmol + base de acero inoxidable<br \/>\n\u3010Color\u3011: Disponible a pedido<br \/>\n\u3010Aplicaci\u00f3n\u3011: Restaurante de ollas calientes, hoteles, otros restaurantes<br \/>\n\u3010Caracter\u00edstica\u3011<br \/>\n01<br \/>\nAnillo decorativo integrado<br \/>\nLa campana formadora integrada est\u00e1 hecha de acero inoxidable engrosado, una estructura formadora perfectamente integrada y una posici\u00f3n de sujeci\u00f3n \u00edntima.<br \/>\n02<br \/>\nPurificaci\u00f3n sin humo<br \/>\nNo es necesario instalar un tubo de escape de humo, uso directo de purificador sin humo, ahorro de energ\u00eda y protecci\u00f3n del medio ambiente, moda novedosa.<br \/>\n03<br \/>\nMesa de olla caliente sin humo personalizada<br \/>\nSeleccione material de alta calidad, cree un estilo chino moderno y simple, c\u00e1lido, pr\u00e1ctico, simple y generoso.<br \/>\n04<br \/>\nReposapi\u00e9s de acero inoxidable<br \/>\nSoporte fuerte y firme para la mesa de olla caliente, y no se tambalea, para que puedas disfrutar de la comida con mayor tranquilidad.<\/p>\n<p><img loading=\"lazy\" decoding=\"async\" class=\"wp-image-5589 size-full aligncenter\" src=\"http:\/\/hpott.com\/wp-content\/uploads\/2023\/03\/Korean-bbq-grill-table-details.webp\" alt=\"Mesa de barbacoa coreana para interiores, mesa de olla caliente comercial, mesa de barbacoa coreana empotrada, a la venta.\" width=\"750\" height=\"2316\" srcset=\"https:\/\/hpott.com\/wp-content\/uploads\/2023\/03\/Korean-bbq-grill-table-details.webp 750w, https:\/\/hpott.com\/wp-content\/uploads\/2023\/03\/Korean-bbq-grill-table-details-97x300.webp 97w, https:\/\/hpott.com\/wp-content\/uploads\/2023\/03\/Korean-bbq-grill-table-details-332x1024.webp 332w, https:\/\/hpott.com\/wp-content\/uploads\/2023\/03\/Korean-bbq-grill-table-details-497x1536.webp 497w, https:\/\/hpott.com\/wp-content\/uploads\/2023\/03\/Korean-bbq-grill-table-details-663x2048.webp 663w, https:\/\/hpott.com\/wp-content\/uploads\/2023\/03\/Korean-bbq-grill-table-details-600x1853.webp 600w, https:\/\/hpott.com\/wp-content\/uploads\/2023\/03\/Korean-bbq-grill-table-details-64x198.webp 64w\" sizes=\"auto, (max-width: 750px) 100vw, 750px\" \/> <img loading=\"lazy\" decoding=\"async\" class=\"wp-image-5588 size-full aligncenter\" src=\"http:\/\/hpott.com\/wp-content\/uploads\/2023\/03\/Korean-bbq-grill-table-details\uff081\uff09.webp\" alt=\"Mesa de barbacoa coreana para interiores, mesa de olla caliente comercial, mesa de barbacoa coreana empotrada, a la venta.\" width=\"750\" height=\"2176\" srcset=\"https:\/\/hpott.com\/wp-content\/uploads\/2023\/03\/Korean-bbq-grill-table-details\uff081\uff09.webp 750w, https:\/\/hpott.com\/wp-content\/uploads\/2023\/03\/Korean-bbq-grill-table-details\uff081\uff09-103x300.webp 103w, https:\/\/hpott.com\/wp-content\/uploads\/2023\/03\/Korean-bbq-grill-table-details\uff081\uff09-353x1024.webp 353w, https:\/\/hpott.com\/wp-content\/uploads\/2023\/03\/Korean-bbq-grill-table-details\uff081\uff09-529x1536.webp 529w, https:\/\/hpott.com\/wp-content\/uploads\/2023\/03\/Korean-bbq-grill-table-details\uff081\uff09-706x2048.webp 706w, https:\/\/hpott.com\/wp-content\/uploads\/2023\/03\/Korean-bbq-grill-table-details\uff081\uff09-600x1741.webp 600w, https:\/\/hpott.com\/wp-content\/uploads\/2023\/03\/Korean-bbq-grill-table-details\uff081\uff09-64x186.webp 64w\" sizes=\"auto, (max-width: 750px) 100vw, 750px\" \/><\/p>\n<p style=\"text-align: center;\"><strong>Embalaje\u00a0<\/strong><\/p>\n<p style=\"text-align: center;\">Detalles del embalaje: Embalaje con estantes de madera.<\/p>\n<p style=\"text-align: center;\">Puerto: Foshan, Zhongshan, Shenzhen<\/p>\n<p style=\"text-align: center;\">Tiempo de entrega: unos 25 d\u00edas.<\/p>\n<p style=\"text-align: center;\"><img loading=\"lazy\" decoding=\"async\" class=\"aligncenter wp-image-5320 size-full entered lazyloaded\" src=\"http:\/\/hpott.com\/wp-content\/uploads\/2023\/02\/Packaging-delivery.webp\" sizes=\"auto, (max-width: 750px) 100vw, 750px\" srcset=\"https:\/\/hpott.com\/wp-content\/uploads\/2023\/02\/Packaging-delivery.webp 750w, https:\/\/hpott.com\/wp-content\/uploads\/2023\/02\/Packaging-delivery-300x160.webp 300w, https:\/\/hpott.com\/wp-content\/uploads\/2023\/02\/Packaging-delivery-600x320.webp 600w, https:\/\/hpott.com\/wp-content\/uploads\/2023\/02\/Packaging-delivery-64x34.webp 64w\" alt=\"Cocina de inducci\u00f3n empotrada popular, peque\u00f1a mesa para olla caliente con parrilla\" width=\"750\" height=\"400\" data-lazy-srcset=\"https:\/\/hpott.com\/wp-content\/uploads\/2023\/02\/Packaging-delivery.webp 750w, https:\/\/hpott.com\/wp-content\/uploads\/2023\/02\/Packaging-delivery-300x160.webp 300w, https:\/\/hpott.com\/wp-content\/uploads\/2023\/02\/Packaging-delivery-600x320.webp 600w, https:\/\/hpott.com\/wp-content\/uploads\/2023\/02\/Packaging-delivery-64x34.webp 64w\" data-lazy-sizes=\"(max-width: 750px) 100vw, 750px\" data-lazy-src=\"http:\/\/hpott.com\/wp-content\/uploads\/2023\/02\/Packaging-delivery.webp\" data-ll-status=\"loaded\" \/><\/p>\n<p style=\"text-align: center;\"><strong>Casos de clientes<\/strong><\/p>\n<p style=\"text-align: center;\">Actualmente trabajamos con m\u00e1s de 500 restaurantes.<\/p>\n<p><img loading=\"lazy\" decoding=\"async\" class=\"aligncenter wp-image-5321 size-full entered lazyloaded\" src=\"http:\/\/hpott.com\/wp-content\/uploads\/2023\/02\/Case-Collaboration-.webp\" sizes=\"auto, (max-width: 750px) 100vw, 750px\" srcset=\"https:\/\/hpott.com\/wp-content\/uploads\/2023\/02\/Case-Collaboration-.webp 750w, https:\/\/hpott.com\/wp-content\/uploads\/2023\/02\/Case-Collaboration--300x300.webp 300w, https:\/\/hpott.com\/wp-content\/uploads\/2023\/02\/Case-Collaboration--150x150.webp 150w, https:\/\/hpott.com\/wp-content\/uploads\/2023\/02\/Case-Collaboration--600x600.webp 600w, https:\/\/hpott.com\/wp-content\/uploads\/2023\/02\/Case-Collaboration--100x100.webp 100w, https:\/\/hpott.com\/wp-content\/uploads\/2023\/02\/Case-Collaboration--64x64.webp 64w\" alt=\"Cocina de inducci\u00f3n empotrada popular, peque\u00f1a mesa para olla caliente con parrilla\" width=\"750\" height=\"750\" data-lazy-srcset=\"https:\/\/hpott.com\/wp-content\/uploads\/2023\/02\/Case-Collaboration-.webp 750w, https:\/\/hpott.com\/wp-content\/uploads\/2023\/02\/Case-Collaboration--300x300.webp 300w, https:\/\/hpott.com\/wp-content\/uploads\/2023\/02\/Case-Collaboration--150x150.webp 150w, https:\/\/hpott.com\/wp-content\/uploads\/2023\/02\/Case-Collaboration--600x600.webp 600w, https:\/\/hpott.com\/wp-content\/uploads\/2023\/02\/Case-Collaboration--100x100.webp 100w, https:\/\/hpott.com\/wp-content\/uploads\/2023\/02\/Case-Collaboration--64x64.webp 64w\" data-lazy-sizes=\"(max-width: 750px) 100vw, 750px\" data-lazy-src=\"http:\/\/hpott.com\/wp-content\/uploads\/2023\/02\/Case-Collaboration-.webp\" data-ll-status=\"loaded\" \/><\/p>","protected":false},"excerpt":{"rendered":"<p><strong>ID del producto:\u00a0<\/strong>HP-C12<\/p>\n<p>Olla caliente y parrilla para barbacoa, las ventas directas de f\u00e1brica de parrillas para barbacoa sin humo coreanas y mesas para ollas calientes se pueden personalizar con interfaz USB, admiten carga de tel\u00e9fonos celulares y son f\u00e1ciles de usar.<\/p>","protected":false},"featured_media":5593,"template":"","meta":{"_acf_changed":false,"_seopress_robots_primary_cat":"none","_seopress_titles_title":"Commercial Restaurant Smokeless Korean Barbecue Grill Table For Sale","_seopress_titles_desc":"There are various Korean barbecue grill tables, commercial smokeless grills, and electric, gas, and charcoal types. 1000+ restaurants joined us.","_seopress_robots_index":""},"product_brand":[],"product_cat":[40,30,31,33],"product_tag":[],"class_list":{"0":"post-5468","1":"product","2":"type-product","3":"status-publish","4":"has-post-thumbnail","6":"product_cat-korean-bbq-grill-table","7":"product_cat-hot-pot-table","8":"product_cat-square-hot-pot-tables","9":"product_cat-hot-pot-and-bbq-table","11":"first","12":"instock","13":"shipping-taxable","14":"product-type-simple"},"acf":[],"_links":{"self":[{"href":"https:\/\/hpott.com\/es\/wp-json\/wp\/v2\/product\/5468","targetHints":{"allow":["GET"]}}],"collection":[{"href":"https:\/\/hpott.com\/es\/wp-json\/wp\/v2\/product"}],"about":[{"href":"https:\/\/hpott.com\/es\/wp-json\/wp\/v2\/types\/product"}],"wp:featuredmedia":[{"embeddable":true,"href":"https:\/\/hpott.com\/es\/wp-json\/wp\/v2\/media\/5593"}],"wp:attachment":[{"href":"https:\/\/hpott.com\/es\/wp-json\/wp\/v2\/media?parent=5468"}],"wp:term":[{"taxonomy":"product_brand","embeddable":true,"href":"https:\/\/hpott.com\/es\/wp-json\/wp\/v2\/product_brand?post=5468"},{"taxonomy":"product_cat","embeddable":true,"href":"https:\/\/hpott.com\/es\/wp-json\/wp\/v2\/product_cat?post=5468"},{"taxonomy":"product_tag","embeddable":true,"href":"https:\/\/hpott.com\/es\/wp-json\/wp\/v2\/product_tag?post=5468"}],"curies":[{"name":"wp","href":"https:\/\/api.w.org\/{rel}","templated":true}]}}