{"id":5476,"date":"2023-03-03T22:03:50","date_gmt":"2023-03-04T06:03:50","guid":{"rendered":"https:\/\/hpott.com\/?post_type=product&#038;p=5476"},"modified":"2023-08-10T02:02:50","modified_gmt":"2023-08-10T10:02:50","slug":"parrilla-de-barbacoa-coreana-de-mesa-para-restaurante-sin-humo","status":"publish","type":"product","link":"https:\/\/hpott.com\/es\/producto\/parrilla-de-barbacoa-coreana-de-mesa-para-restaurante-sin-humo\/","title":{"rendered":"Mesa de parrilla el\u00e9ctrica Samgyupsal para restaurante coreano de dise\u00f1o de fabricante en venta"},"content":{"rendered":"<p style=\"text-align: center;\"><strong style=\"text-align: center;\">Personalizaci\u00f3n para ti<\/strong><\/p>\n<p style=\"text-align: center;\">N.\u00b0 1 Tenemos al menos 500 colores para que elijas.<\/p>\n<p style=\"text-align: center;\"><img loading=\"lazy\" decoding=\"async\" class=\"aligncenter wp-image-5318 size-full entered lazyloaded\" src=\"http:\/\/hpott.com\/wp-content\/uploads\/2023\/02\/Tabletop-color.webp\" sizes=\"auto, (max-width: 750px) 100vw, 750px\" srcset=\"https:\/\/hpott.com\/wp-content\/uploads\/2023\/02\/Tabletop-color.webp 750w, https:\/\/hpott.com\/wp-content\/uploads\/2023\/02\/Tabletop-color-300x183.webp 300w, https:\/\/hpott.com\/wp-content\/uploads\/2023\/02\/Tabletop-color-600x366.webp 600w, https:\/\/hpott.com\/wp-content\/uploads\/2023\/02\/Tabletop-color-64x39.webp 64w\" alt=\"Cocina de inducci\u00f3n empotrada popular, peque\u00f1a mesa para olla caliente con parrilla\" width=\"750\" height=\"457\" data-lazy-srcset=\"https:\/\/hpott.com\/wp-content\/uploads\/2023\/02\/Tabletop-color.webp 750w, https:\/\/hpott.com\/wp-content\/uploads\/2023\/02\/Tabletop-color-300x183.webp 300w, https:\/\/hpott.com\/wp-content\/uploads\/2023\/02\/Tabletop-color-600x366.webp 600w, https:\/\/hpott.com\/wp-content\/uploads\/2023\/02\/Tabletop-color-64x39.webp 64w\" data-lazy-sizes=\"(max-width: 750px) 100vw, 750px\" data-lazy-src=\"http:\/\/hpott.com\/wp-content\/uploads\/2023\/02\/Tabletop-color.webp\" data-ll-status=\"loaded\" \/><\/p>\n<p style=\"text-align: center;\">NO.2 Podemos ofrecerle una amplia selecci\u00f3n de materiales de escritorio, cont\u00e1ctenos para obtener m\u00e1s informaci\u00f3n.<\/p>\n<p style=\"text-align: center;\"><img loading=\"lazy\" decoding=\"async\" class=\"aligncenter wp-image-5319 size-full entered lazyloaded\" src=\"http:\/\/hpott.com\/wp-content\/uploads\/2023\/02\/tabletop-material.webp\" sizes=\"auto, (max-width: 750px) 100vw, 750px\" srcset=\"https:\/\/hpott.com\/wp-content\/uploads\/2023\/02\/tabletop-material.webp 750w, https:\/\/hpott.com\/wp-content\/uploads\/2023\/02\/tabletop-material-300x96.webp 300w, https:\/\/hpott.com\/wp-content\/uploads\/2023\/02\/tabletop-material-600x191.webp 600w, https:\/\/hpott.com\/wp-content\/uploads\/2023\/02\/tabletop-material-64x20.webp 64w\" alt=\"Cocina de inducci\u00f3n empotrada popular, peque\u00f1a mesa para olla caliente con parrilla\" width=\"750\" height=\"239\" data-lazy-srcset=\"https:\/\/hpott.com\/wp-content\/uploads\/2023\/02\/tabletop-material.webp 750w, https:\/\/hpott.com\/wp-content\/uploads\/2023\/02\/tabletop-material-300x96.webp 300w, https:\/\/hpott.com\/wp-content\/uploads\/2023\/02\/tabletop-material-600x191.webp 600w, https:\/\/hpott.com\/wp-content\/uploads\/2023\/02\/tabletop-material-64x20.webp 64w\" data-lazy-sizes=\"(max-width: 750px) 100vw, 750px\" data-lazy-src=\"http:\/\/hpott.com\/wp-content\/uploads\/2023\/02\/tabletop-material.webp\" data-ll-status=\"loaded\" \/><\/p>\n<p style=\"text-align: center;\">NO.3 Podemos ayudarle a dise\u00f1ar diferentes tama\u00f1os, incluidos redondos, cuadrados, de 4 asientos, de 6 asientos, etc.<\/p>\n<p style=\"text-align: center;\"><img loading=\"lazy\" decoding=\"async\" class=\"aligncenter wp-image-4327 size-full entered lazyloaded\" src=\"http:\/\/hpott.com\/wp-content\/uploads\/2022\/10\/Korean-Size.webp\" sizes=\"auto, (max-width: 800px) 100vw, 800px\" srcset=\"https:\/\/hpott.com\/wp-content\/uploads\/2022\/10\/Korean-Size.webp 800w, https:\/\/hpott.com\/wp-content\/uploads\/2022\/10\/Korean-Size-300x206.webp 300w, https:\/\/hpott.com\/wp-content\/uploads\/2022\/10\/Korean-Size-768x528.webp 768w, https:\/\/hpott.com\/wp-content\/uploads\/2022\/10\/Korean-Size-600x413.webp 600w\" alt=\"\" width=\"800\" height=\"550\" data-lazy-srcset=\"https:\/\/hpott.com\/wp-content\/uploads\/2022\/10\/Korean-Size.webp 800w, https:\/\/hpott.com\/wp-content\/uploads\/2022\/10\/Korean-Size-300x206.webp 300w, https:\/\/hpott.com\/wp-content\/uploads\/2022\/10\/Korean-Size-768x528.webp 768w, https:\/\/hpott.com\/wp-content\/uploads\/2022\/10\/Korean-Size-600x413.webp 600w\" data-lazy-sizes=\"(max-width: 800px) 100vw, 800px\" data-lazy-src=\"http:\/\/hpott.com\/wp-content\/uploads\/2022\/10\/Korean-Size.webp\" data-ll-status=\"loaded\" \/><strong>Embalaje\u00a0<\/strong><\/p>\n<p style=\"text-align: center;\">Detalles del embalaje: Embalaje con estantes de madera.<\/p>\n<p style=\"text-align: center;\">Puerto: Foshan, Zhongshan, Shenzhen<\/p>\n<p style=\"text-align: center;\">Tiempo de entrega: unos 25 d\u00edas.<\/p>\n<p style=\"text-align: center;\"><img loading=\"lazy\" decoding=\"async\" class=\"aligncenter wp-image-5320 size-full entered lazyloaded\" src=\"http:\/\/hpott.com\/wp-content\/uploads\/2023\/02\/Packaging-delivery.webp\" sizes=\"auto, (max-width: 750px) 100vw, 750px\" srcset=\"https:\/\/hpott.com\/wp-content\/uploads\/2023\/02\/Packaging-delivery.webp 750w, https:\/\/hpott.com\/wp-content\/uploads\/2023\/02\/Packaging-delivery-300x160.webp 300w, https:\/\/hpott.com\/wp-content\/uploads\/2023\/02\/Packaging-delivery-600x320.webp 600w, https:\/\/hpott.com\/wp-content\/uploads\/2023\/02\/Packaging-delivery-64x34.webp 64w\" alt=\"Cocina de inducci\u00f3n empotrada popular, peque\u00f1a mesa para olla caliente con parrilla\" width=\"750\" height=\"400\" data-lazy-srcset=\"https:\/\/hpott.com\/wp-content\/uploads\/2023\/02\/Packaging-delivery.webp 750w, https:\/\/hpott.com\/wp-content\/uploads\/2023\/02\/Packaging-delivery-300x160.webp 300w, https:\/\/hpott.com\/wp-content\/uploads\/2023\/02\/Packaging-delivery-600x320.webp 600w, https:\/\/hpott.com\/wp-content\/uploads\/2023\/02\/Packaging-delivery-64x34.webp 64w\" data-lazy-sizes=\"(max-width: 750px) 100vw, 750px\" data-lazy-src=\"http:\/\/hpott.com\/wp-content\/uploads\/2023\/02\/Packaging-delivery.webp\" data-ll-status=\"loaded\" \/><\/p>\n<p style=\"text-align: center;\"><strong>Casos de clientes<\/strong><\/p>\n<p style=\"text-align: center;\">Actualmente trabajamos con m\u00e1s de 500 restaurantes.<\/p>\n<p><img loading=\"lazy\" decoding=\"async\" class=\"aligncenter wp-image-5321 size-full entered lazyloaded\" src=\"http:\/\/hpott.com\/wp-content\/uploads\/2023\/02\/Case-Collaboration-.webp\" sizes=\"auto, (max-width: 750px) 100vw, 750px\" srcset=\"https:\/\/hpott.com\/wp-content\/uploads\/2023\/02\/Case-Collaboration-.webp 750w, https:\/\/hpott.com\/wp-content\/uploads\/2023\/02\/Case-Collaboration--300x300.webp 300w, https:\/\/hpott.com\/wp-content\/uploads\/2023\/02\/Case-Collaboration--150x150.webp 150w, https:\/\/hpott.com\/wp-content\/uploads\/2023\/02\/Case-Collaboration--600x600.webp 600w, https:\/\/hpott.com\/wp-content\/uploads\/2023\/02\/Case-Collaboration--100x100.webp 100w, https:\/\/hpott.com\/wp-content\/uploads\/2023\/02\/Case-Collaboration--64x64.webp 64w\" alt=\"Cocina de inducci\u00f3n empotrada popular, peque\u00f1a mesa para olla caliente con parrilla\" width=\"750\" height=\"750\" data-lazy-srcset=\"https:\/\/hpott.com\/wp-content\/uploads\/2023\/02\/Case-Collaboration-.webp 750w, https:\/\/hpott.com\/wp-content\/uploads\/2023\/02\/Case-Collaboration--300x300.webp 300w, https:\/\/hpott.com\/wp-content\/uploads\/2023\/02\/Case-Collaboration--150x150.webp 150w, https:\/\/hpott.com\/wp-content\/uploads\/2023\/02\/Case-Collaboration--600x600.webp 600w, https:\/\/hpott.com\/wp-content\/uploads\/2023\/02\/Case-Collaboration--100x100.webp 100w, https:\/\/hpott.com\/wp-content\/uploads\/2023\/02\/Case-Collaboration--64x64.webp 64w\" data-lazy-sizes=\"(max-width: 750px) 100vw, 750px\" data-lazy-src=\"http:\/\/hpott.com\/wp-content\/uploads\/2023\/02\/Case-Collaboration-.webp\" data-ll-status=\"loaded\" \/><\/p>","protected":false},"excerpt":{"rendered":"<p><strong>Identificaci\u00f3n del producto<\/strong>:HP-SG04<\/p>\n<p><strong>\u3010Material\u3011<\/strong>:Paneles de roca con incrustaciones de acero inoxidable + base horneada de acero inoxidable<\/p>\n<p><strong>\u3010Caracter\u00edstica\u3011<\/strong>: Sin humo, alta potencia, est\u00e9tica, rejilla para parrilla o parrilla.<\/p>","protected":false},"featured_media":5479,"template":"","meta":{"_acf_changed":false,"_seopress_robots_primary_cat":"none","_seopress_titles_title":"","_seopress_titles_desc":"","_seopress_robots_index":""},"product_brand":[],"product_cat":[40],"product_tag":[],"class_list":{"0":"post-5476","1":"product","2":"type-product","3":"status-publish","4":"has-post-thumbnail","6":"product_cat-korean-bbq-grill-table","8":"first","9":"instock","10":"shipping-taxable","11":"product-type-simple"},"acf":[],"_links":{"self":[{"href":"https:\/\/hpott.com\/es\/wp-json\/wp\/v2\/product\/5476","targetHints":{"allow":["GET"]}}],"collection":[{"href":"https:\/\/hpott.com\/es\/wp-json\/wp\/v2\/product"}],"about":[{"href":"https:\/\/hpott.com\/es\/wp-json\/wp\/v2\/types\/product"}],"wp:featuredmedia":[{"embeddable":true,"href":"https:\/\/hpott.com\/es\/wp-json\/wp\/v2\/media\/5479"}],"wp:attachment":[{"href":"https:\/\/hpott.com\/es\/wp-json\/wp\/v2\/media?parent=5476"}],"wp:term":[{"taxonomy":"product_brand","embeddable":true,"href":"https:\/\/hpott.com\/es\/wp-json\/wp\/v2\/product_brand?post=5476"},{"taxonomy":"product_cat","embeddable":true,"href":"https:\/\/hpott.com\/es\/wp-json\/wp\/v2\/product_cat?post=5476"},{"taxonomy":"product_tag","embeddable":true,"href":"https:\/\/hpott.com\/es\/wp-json\/wp\/v2\/product_tag?post=5476"}],"curies":[{"name":"wp","href":"https:\/\/api.w.org\/{rel}","templated":true}]}}