{"id":5595,"date":"2023-04-21T01:51:54","date_gmt":"2023-04-21T09:51:54","guid":{"rendered":"https:\/\/hpott.com\/?post_type=product&#038;p=5595"},"modified":"2023-06-30T22:27:48","modified_gmt":"2023-07-01T06:27:48","slug":"cocina-de-induccion-portatil-pequena-de-2000-w","status":"publish","type":"product","link":"https:\/\/hpott.com\/es\/producto\/cocina-de-induccion-portatil-pequena-de-2000-w\/","title":{"rendered":"Placa de inducci\u00f3n peque\u00f1a de 2000 W con anillo de acero inoxidable"},"content":{"rendered":"<p>\u3010<strong>Nombre<\/strong>\u3011: Cocina de inducci\u00f3n con olla caliente<br \/>\n\u3010<strong>Origen<\/strong>\u3011: Guangdong, China<br \/>\n\u3010<strong>Voltaje<\/strong>\u3011: 220-240 V~50\/60 Hz<br \/>\n\u3010<strong>Fuerza<\/strong>\u3011: 2000w<\/p>\n<p>\u3010<strong>Anillo de acero inoxidable<\/strong>\u3011<strong>:\u00a0<\/strong>Disponible redondo o cuadrado<\/p>\n<h3><em><strong>Caracter\u00edstica<\/strong><\/em><\/h3>\n<ul>\n<li><em>Molde de pl\u00e1stico para empotrar.<\/em><\/li>\n<li><em>Pantalla LED<\/em><\/li>\n<li><em>5 etapas de ajuste de potencia<\/em><\/li>\n<li><em>Apagado autom\u00e1tico por sobrecarga y protecci\u00f3n m\u00faltiple<\/em><\/li>\n<li><em>Tama\u00f1o de la placa de vidrio: Di\u00e1metro 288 mm<\/em><\/li>\n<\/ul>\n<p><img loading=\"lazy\" decoding=\"async\" class=\"alignnone wp-image-5540 size-full\" src=\"http:\/\/hpott.com\/wp-content\/uploads\/2022\/11\/induction-cooker-optional-1.webp\" alt=\"La mejor cocina de inducci\u00f3n para ollas calientes, cocina de inducci\u00f3n port\u00e1til.\" width=\"750\" height=\"990\" srcset=\"https:\/\/hpott.com\/wp-content\/uploads\/2022\/11\/induction-cooker-optional-1.webp 750w, https:\/\/hpott.com\/wp-content\/uploads\/2022\/11\/induction-cooker-optional-1-227x300.webp 227w, https:\/\/hpott.com\/wp-content\/uploads\/2022\/11\/induction-cooker-optional-1-600x792.webp 600w, https:\/\/hpott.com\/wp-content\/uploads\/2022\/11\/induction-cooker-optional-1-64x84.webp 64w\" sizes=\"auto, (max-width: 750px) 100vw, 750px\" \/><\/p>","protected":false},"excerpt":{"rendered":"<p><strong>ID del producto:\u00a0<\/strong>HP-IC2000<\/p>\n<p>La cocina de inducci\u00f3n con olla caliente m\u00e1s vendida para mesa empotrada<\/p>","protected":false},"featured_media":5839,"template":"","meta":{"_acf_changed":false,"_seopress_robots_primary_cat":"none","_seopress_titles_title":"","_seopress_titles_desc":"","_seopress_robots_index":""},"product_brand":[],"product_cat":[35,42],"product_tag":[],"class_list":{"0":"post-5595","1":"product","2":"type-product","3":"status-publish","4":"has-post-thumbnail","6":"product_cat-induction-cooker","7":"product_cat-hot-pot-induction-cooker","9":"first","10":"instock","11":"shipping-taxable","12":"product-type-simple"},"acf":[],"_links":{"self":[{"href":"https:\/\/hpott.com\/es\/wp-json\/wp\/v2\/product\/5595","targetHints":{"allow":["GET"]}}],"collection":[{"href":"https:\/\/hpott.com\/es\/wp-json\/wp\/v2\/product"}],"about":[{"href":"https:\/\/hpott.com\/es\/wp-json\/wp\/v2\/types\/product"}],"wp:featuredmedia":[{"embeddable":true,"href":"https:\/\/hpott.com\/es\/wp-json\/wp\/v2\/media\/5839"}],"wp:attachment":[{"href":"https:\/\/hpott.com\/es\/wp-json\/wp\/v2\/media?parent=5595"}],"wp:term":[{"taxonomy":"product_brand","embeddable":true,"href":"https:\/\/hpott.com\/es\/wp-json\/wp\/v2\/product_brand?post=5595"},{"taxonomy":"product_cat","embeddable":true,"href":"https:\/\/hpott.com\/es\/wp-json\/wp\/v2\/product_cat?post=5595"},{"taxonomy":"product_tag","embeddable":true,"href":"https:\/\/hpott.com\/es\/wp-json\/wp\/v2\/product_tag?post=5595"}],"curies":[{"name":"wp","href":"https:\/\/api.w.org\/{rel}","templated":true}]}}