{"id":5743,"date":"2023-06-10T02:03:44","date_gmt":"2023-06-10T10:03:44","guid":{"rendered":"https:\/\/hpott.com\/?post_type=product&#038;p=5743"},"modified":"2023-06-15T23:27:17","modified_gmt":"2023-06-16T07:27:17","slug":"mesa-de-shabu-shabu-para-barbacoa-coreana-mesa-de-olla-caliente-china-con-cocina-de-induccion","status":"publish","type":"product","link":"https:\/\/hpott.com\/es\/producto\/mesa-de-shabu-shabu-para-barbacoa-coreana-mesa-de-olla-caliente-china-con-cocina-de-induccion\/","title":{"rendered":"Mesa de barbacoa coreana SHABU SHABU, mesa de olla caliente china con cocina de inducci\u00f3n"},"content":{"rendered":"<h2>Informaci\u00f3n adicional<\/h2>\n<p>\u3010Nombre\u3011: Mesa para parrilla de barbacoa y olla caliente<br \/>\n\u3010Origen\u3011: Guangdong, China<br \/>\n\u3010Tama\u00f1o\u3011: 2100X900X760mm (El tama\u00f1o se puede personalizar)<br \/>\n\u3010Material\u3011: Tablero de m\u00e1rmol + base de acero inoxidable<br \/>\n\u3010Color\u3011: Disponible a pedido<br \/>\n\u3010Aplicaci\u00f3n\u3011: Restaurante de ollas calientes, hoteles, otros restaurantes<br \/>\n\u3010Caracter\u00edstica\u3011<br \/>\n01<br \/>\nAnillo decorativo integrado<br \/>\nLa campana de formaci\u00f3n integrada est\u00e1 compuesta de acero inoxidable engrosado, una estructura de formaci\u00f3n perfectamente integrada y una posici\u00f3n de sujeci\u00f3n \u00edntima.<br \/>\n02<br \/>\nPurificaci\u00f3n sin humo<br \/>\nNo es necesario instalar un tubo de escape de humo, uso directo de purificador sin humo, ahorro de energ\u00eda y protecci\u00f3n del medio ambiente, moda novedosa.<br \/>\n03<br \/>\nMesa de olla caliente sin humo personalizada<br \/>\nSeleccione material de alta calidad, cree un estilo chino moderno y simple, c\u00e1lido, pr\u00e1ctico, simple y generoso.<br \/>\n04<br \/>\nReposapi\u00e9s de acero inoxidable<br \/>\nSoporte fuerte y firme para la mesa de olla caliente, y no se tambalea, para que puedas disfrutar de la comida m\u00e1s f\u00e1cilmente.<\/p>\n<p><img loading=\"lazy\" decoding=\"async\" class=\"wp-image-5749 size-full\" src=\"http:\/\/hpott.com\/wp-content\/uploads\/2023\/06\/big-hot-pot-table-scaled.webp\" alt=\"Mesa de shabu shabu para barbacoa coreana, mesa de olla caliente china con cocina de inducci\u00f3n\" width=\"686\" height=\"2560\" srcset=\"https:\/\/hpott.com\/wp-content\/uploads\/2023\/06\/big-hot-pot-table-scaled.webp 686w, https:\/\/hpott.com\/wp-content\/uploads\/2023\/06\/big-hot-pot-table-80x300.webp 80w, https:\/\/hpott.com\/wp-content\/uploads\/2023\/06\/big-hot-pot-table-274x1024.webp 274w, https:\/\/hpott.com\/wp-content\/uploads\/2023\/06\/big-hot-pot-table-549x2048.webp 549w, https:\/\/hpott.com\/wp-content\/uploads\/2023\/06\/big-hot-pot-table-600x2240.webp 600w, https:\/\/hpott.com\/wp-content\/uploads\/2023\/06\/big-hot-pot-table-64x239.webp 64w\" sizes=\"auto, (max-width: 686px) 100vw, 686px\" \/><\/p>","protected":false},"excerpt":{"rendered":"<p><strong>Identificaci\u00f3n del producto:\u00a0 <\/strong>HP-C15<\/p>\n<p>Mesa de barbacoa coreana y olla caliente en venta<\/p>","protected":false},"featured_media":5746,"template":"","meta":{"_acf_changed":false,"_seopress_robots_primary_cat":"none","_seopress_titles_title":"","_seopress_titles_desc":"","_seopress_robots_index":""},"product_brand":[],"product_cat":[33],"product_tag":[],"class_list":{"0":"post-5743","1":"product","2":"type-product","3":"status-publish","4":"has-post-thumbnail","6":"product_cat-hot-pot-and-bbq-table","8":"first","9":"instock","10":"shipping-taxable","11":"product-type-simple"},"acf":[],"_links":{"self":[{"href":"https:\/\/hpott.com\/es\/wp-json\/wp\/v2\/product\/5743","targetHints":{"allow":["GET"]}}],"collection":[{"href":"https:\/\/hpott.com\/es\/wp-json\/wp\/v2\/product"}],"about":[{"href":"https:\/\/hpott.com\/es\/wp-json\/wp\/v2\/types\/product"}],"wp:featuredmedia":[{"embeddable":true,"href":"https:\/\/hpott.com\/es\/wp-json\/wp\/v2\/media\/5746"}],"wp:attachment":[{"href":"https:\/\/hpott.com\/es\/wp-json\/wp\/v2\/media?parent=5743"}],"wp:term":[{"taxonomy":"product_brand","embeddable":true,"href":"https:\/\/hpott.com\/es\/wp-json\/wp\/v2\/product_brand?post=5743"},{"taxonomy":"product_cat","embeddable":true,"href":"https:\/\/hpott.com\/es\/wp-json\/wp\/v2\/product_cat?post=5743"},{"taxonomy":"product_tag","embeddable":true,"href":"https:\/\/hpott.com\/es\/wp-json\/wp\/v2\/product_tag?post=5743"}],"curies":[{"name":"wp","href":"https:\/\/api.w.org\/{rel}","templated":true}]}}