{"id":5826,"date":"2023-06-29T02:02:30","date_gmt":"2023-06-29T10:02:30","guid":{"rendered":"https:\/\/hpott.com\/?post_type=product&#038;p=5826"},"modified":"2023-12-04T22:52:13","modified_gmt":"2023-12-05T06:52:13","slug":"mesa-electrica-hundida-para-olla-caliente-de-restaurante","status":"publish","type":"product","link":"https:\/\/hpott.com\/es\/producto\/mesa-electrica-hundida-para-olla-caliente-de-restaurante\/","title":{"rendered":"Mesa de comedor Shabu para ollas calientes, mesa el\u00e9ctrica hundida para ollas calientes"},"content":{"rendered":"<p>\u3010Nombre\u3011<strong>:\u00a0<\/strong>Mesa de madera hundida con olla caliente<br \/>\n\u3010Origen\u3011<strong>:\u00a0<\/strong>Guangdong, China<br \/>\n\u3010Tama\u00f1o de la mesa\u3011<strong>:\u00a0<\/strong>1000 x 800 mm, 1300 x 900 mm, 1600 x 900 mm, 1800 x 1000 mm (tama\u00f1o personalizable)<br \/>\n\u3010Material\u3011<strong>:\u00a0<\/strong>Tablero de madera + base de acero inoxidable impreso<br \/>\n\u3010Color\u3011<strong>:\u00a0<\/strong>Disponible bajo petici\u00f3n<br \/>\n\u3010Solicitud\u3011<strong>:\u00a0<\/strong>Restaurante de ollas calientes, hotel, otros restaurantes<br \/>\n\u3010Caracter\u00edstica\u3011<br \/>\n01<br \/>\nAnillo decorativo integrado<br \/>\nLa campana formadora integrada est\u00e1 hecha de acero inoxidable engrosado, una estructura formadora perfectamente integrada y una posici\u00f3n de sujeci\u00f3n \u00edntima.<br \/>\n02<br \/>\nPurificaci\u00f3n sin humo<br \/>\nNo es necesario instalar un tubo de escape de humo, uso directo de purificador sin humo, ahorro de energ\u00eda y protecci\u00f3n del medio ambiente, moda novedosa.<br \/>\n03<br \/>\nMesa de olla caliente sin humo personalizada<br \/>\nSeleccione material de alta calidad, cree un estilo chino moderno y simple, c\u00e1lido, pr\u00e1ctico, simple y generoso.<\/p>\n<p><img loading=\"lazy\" decoding=\"async\" class=\"size-full wp-image-5830\" src=\"http:\/\/hpott.com\/wp-content\/uploads\/2023\/06\/01.webp\" alt=\"Mesa de shabu para comedor con olla caliente, mesa el\u00e9ctrica para olla caliente de restaurante\" width=\"750\" height=\"2279\" srcset=\"https:\/\/hpott.com\/wp-content\/uploads\/2023\/06\/01.webp 750w, https:\/\/hpott.com\/wp-content\/uploads\/2023\/06\/01-99x300.webp 99w, https:\/\/hpott.com\/wp-content\/uploads\/2023\/06\/01-337x1024.webp 337w, https:\/\/hpott.com\/wp-content\/uploads\/2023\/06\/01-505x1536.webp 505w, https:\/\/hpott.com\/wp-content\/uploads\/2023\/06\/01-674x2048.webp 674w, https:\/\/hpott.com\/wp-content\/uploads\/2023\/06\/01-600x1823.webp 600w, https:\/\/hpott.com\/wp-content\/uploads\/2023\/06\/01-64x194.webp 64w\" sizes=\"auto, (max-width: 750px) 100vw, 750px\" \/><\/p>\n<p><img loading=\"lazy\" decoding=\"async\" class=\"size-full wp-image-5831\" src=\"http:\/\/hpott.com\/wp-content\/uploads\/2023\/06\/02.webp\" alt=\"Mesa de shabu para comedor con olla caliente, mesa el\u00e9ctrica para olla caliente de restaurante\" width=\"750\" height=\"2221\" srcset=\"https:\/\/hpott.com\/wp-content\/uploads\/2023\/06\/02.webp 750w, https:\/\/hpott.com\/wp-content\/uploads\/2023\/06\/02-101x300.webp 101w, https:\/\/hpott.com\/wp-content\/uploads\/2023\/06\/02-346x1024.webp 346w, https:\/\/hpott.com\/wp-content\/uploads\/2023\/06\/02-519x1536.webp 519w, https:\/\/hpott.com\/wp-content\/uploads\/2023\/06\/02-692x2048.webp 692w, https:\/\/hpott.com\/wp-content\/uploads\/2023\/06\/02-600x1777.webp 600w, https:\/\/hpott.com\/wp-content\/uploads\/2023\/06\/02-64x190.webp 64w\" sizes=\"auto, (max-width: 750px) 100vw, 750px\" \/><\/p>","protected":false},"excerpt":{"rendered":"<p><strong>ID del producto:\u00a0<\/strong>HP-S011<\/p>\n<p>Venta directa de f\u00e1brica de mesas y sillas de olla caliente personalizadas profesionales para todo tipo de lugares de comedor.<\/p>","protected":false},"featured_media":5829,"template":"","meta":{"_acf_changed":false,"_seopress_robots_primary_cat":"none","_seopress_titles_title":"","_seopress_titles_desc":"","_seopress_robots_index":""},"product_brand":[],"product_cat":[30,31],"product_tag":[],"class_list":{"0":"post-5826","1":"product","2":"type-product","3":"status-publish","4":"has-post-thumbnail","6":"product_cat-hot-pot-table","7":"product_cat-square-hot-pot-tables","9":"first","10":"instock","11":"shipping-taxable","12":"product-type-simple"},"acf":[],"_links":{"self":[{"href":"https:\/\/hpott.com\/es\/wp-json\/wp\/v2\/product\/5826","targetHints":{"allow":["GET"]}}],"collection":[{"href":"https:\/\/hpott.com\/es\/wp-json\/wp\/v2\/product"}],"about":[{"href":"https:\/\/hpott.com\/es\/wp-json\/wp\/v2\/types\/product"}],"wp:featuredmedia":[{"embeddable":true,"href":"https:\/\/hpott.com\/es\/wp-json\/wp\/v2\/media\/5829"}],"wp:attachment":[{"href":"https:\/\/hpott.com\/es\/wp-json\/wp\/v2\/media?parent=5826"}],"wp:term":[{"taxonomy":"product_brand","embeddable":true,"href":"https:\/\/hpott.com\/es\/wp-json\/wp\/v2\/product_brand?post=5826"},{"taxonomy":"product_cat","embeddable":true,"href":"https:\/\/hpott.com\/es\/wp-json\/wp\/v2\/product_cat?post=5826"},{"taxonomy":"product_tag","embeddable":true,"href":"https:\/\/hpott.com\/es\/wp-json\/wp\/v2\/product_tag?post=5826"}],"curies":[{"name":"wp","href":"https:\/\/api.w.org\/{rel}","templated":true}]}}