{"id":5848,"date":"2023-07-01T00:26:57","date_gmt":"2023-07-01T08:26:57","guid":{"rendered":"https:\/\/hpott.com\/?post_type=product&#038;p=5848"},"modified":"2023-07-01T00:26:57","modified_gmt":"2023-07-01T08:26:57","slug":"placa-de-induccion-de-2500-vatios-de-gran-tamano-cocina-de-induccion-ih","status":"publish","type":"product","link":"https:\/\/hpott.com\/es\/producto\/placa-de-induccion-de-2500-vatios-de-gran-tamano-cocina-de-induccion-ih\/","title":{"rendered":"Placa de inducci\u00f3n empotrable de gran tama\u00f1o de 2500 vatios, cocina de inducci\u00f3n IH"},"content":{"rendered":"","protected":false},"excerpt":{"rendered":"<p><strong>Identificaci\u00f3n del producto: <\/strong>\u00a0HP-IW2500<\/p>\n<p><strong>Tama\u00f1o del producto: <\/strong>di\u00e1metro 288m<\/p>\n<p><strong>Solicitud: <\/strong>Mesas de olla caliente para restaurante, mesas de olla caliente giratorias<\/p>\n<p><strong>Opcional: <\/strong>anillo de acero inoxidable<\/p>\n<p>&nbsp;<\/p>","protected":false},"featured_media":5851,"template":"","meta":{"_acf_changed":false,"_seopress_robots_primary_cat":"","_seopress_titles_title":"","_seopress_titles_desc":"","_seopress_robots_index":""},"product_brand":[],"product_cat":[35,42],"product_tag":[],"class_list":{"0":"post-5848","1":"product","2":"type-product","3":"status-publish","4":"has-post-thumbnail","6":"product_cat-induction-cooker","7":"product_cat-hot-pot-induction-cooker","9":"first","10":"instock","11":"shipping-taxable","12":"product-type-simple"},"acf":[],"_links":{"self":[{"href":"https:\/\/hpott.com\/es\/wp-json\/wp\/v2\/product\/5848","targetHints":{"allow":["GET"]}}],"collection":[{"href":"https:\/\/hpott.com\/es\/wp-json\/wp\/v2\/product"}],"about":[{"href":"https:\/\/hpott.com\/es\/wp-json\/wp\/v2\/types\/product"}],"wp:featuredmedia":[{"embeddable":true,"href":"https:\/\/hpott.com\/es\/wp-json\/wp\/v2\/media\/5851"}],"wp:attachment":[{"href":"https:\/\/hpott.com\/es\/wp-json\/wp\/v2\/media?parent=5848"}],"wp:term":[{"taxonomy":"product_brand","embeddable":true,"href":"https:\/\/hpott.com\/es\/wp-json\/wp\/v2\/product_brand?post=5848"},{"taxonomy":"product_cat","embeddable":true,"href":"https:\/\/hpott.com\/es\/wp-json\/wp\/v2\/product_cat?post=5848"},{"taxonomy":"product_tag","embeddable":true,"href":"https:\/\/hpott.com\/es\/wp-json\/wp\/v2\/product_tag?post=5848"}],"curies":[{"name":"wp","href":"https:\/\/api.w.org\/{rel}","templated":true}]}}