{"id":5894,"date":"2023-07-03T01:03:41","date_gmt":"2023-07-03T09:03:41","guid":{"rendered":"https:\/\/hpott.com\/?post_type=product&#038;p=5894"},"modified":"2023-07-11T01:58:05","modified_gmt":"2023-07-11T09:58:05","slug":"cocina-de-infrarrojos-cocina-de-infrarrojos-nacional-estufa-de-induccion-de-infrarrojos","status":"publish","type":"product","link":"https:\/\/hpott.com\/es\/producto\/cocina-de-infrarrojos-cocina-de-infrarrojos-nacional-estufa-de-induccion-de-infrarrojos\/","title":{"rendered":"Cocina infrarroja Cocina infrarroja nacional Estufa de inducci\u00f3n infrarroja"},"content":{"rendered":"<p><strong>\u3010Nombre<\/strong>\u3011: Cocina de inducci\u00f3n con olla caliente<br \/>\n\u3010<strong>Origen<\/strong>\u3011: Guangdong, China<br \/>\n\u3010<strong>Voltaje<\/strong>\u3011: 220-240 V~50, 60 Hz<br \/>\n\u3010<strong>Fuerza<\/strong>\u3011: 3000W-3500W<\/p>\n<p>\u3010<strong>Anillo de acero inoxidable<\/strong>\u3011<strong>:\u00a0<\/strong>Disponible redondo o cuadrado<\/p>\n<h3><em><strong>Caracter\u00edstica<\/strong><\/em><\/h3>\n<ul>\n<li><em>Molde de pl\u00e1stico para empotrar.<\/em><\/li>\n<li><em>Pantalla LED<\/em><\/li>\n<li><em>5 etapas de ajuste de potencia<\/em><\/li>\n<li><em>Apagado autom\u00e1tico por sobrecarga y protecci\u00f3n m\u00faltiple<\/em><\/li>\n<li><em>Tama\u00f1o de la placa de vidrio: Di\u00e1metro 328 mm<\/em><\/li>\n<\/ul>\n<div class=\"mceTemp\"><\/div>\n<p><img loading=\"lazy\" decoding=\"async\" class=\"size-full wp-image-5930\" src=\"http:\/\/hpott.com\/wp-content\/uploads\/2023\/07\/222.webp\" alt=\"cocina de infrarrojos cocina de infrarrojos nacional estufa de inducci\u00f3n de infrarrojos\" width=\"750\" height=\"2000\" srcset=\"https:\/\/hpott.com\/wp-content\/uploads\/2023\/07\/222.webp 750w, https:\/\/hpott.com\/wp-content\/uploads\/2023\/07\/222-113x300.webp 113w, https:\/\/hpott.com\/wp-content\/uploads\/2023\/07\/222-384x1024.webp 384w, https:\/\/hpott.com\/wp-content\/uploads\/2023\/07\/222-576x1536.webp 576w, https:\/\/hpott.com\/wp-content\/uploads\/2023\/07\/222-600x1600.webp 600w, https:\/\/hpott.com\/wp-content\/uploads\/2023\/07\/222-64x171.webp 64w\" sizes=\"auto, (max-width: 750px) 100vw, 750px\" \/><\/p>\n<p><img loading=\"lazy\" decoding=\"async\" class=\"size-full wp-image-5931\" src=\"http:\/\/hpott.com\/wp-content\/uploads\/2023\/07\/111.webp\" alt=\"cocina de infrarrojos cocina de infrarrojos nacional estufa de inducci\u00f3n de infrarrojos\" width=\"750\" height=\"2500\" srcset=\"https:\/\/hpott.com\/wp-content\/uploads\/2023\/07\/111.webp 750w, https:\/\/hpott.com\/wp-content\/uploads\/2023\/07\/111-90x300.webp 90w, https:\/\/hpott.com\/wp-content\/uploads\/2023\/07\/111-307x1024.webp 307w, https:\/\/hpott.com\/wp-content\/uploads\/2023\/07\/111-461x1536.webp 461w, https:\/\/hpott.com\/wp-content\/uploads\/2023\/07\/111-614x2048.webp 614w, https:\/\/hpott.com\/wp-content\/uploads\/2023\/07\/111-600x2000.webp 600w, https:\/\/hpott.com\/wp-content\/uploads\/2023\/07\/111-64x213.webp 64w\" sizes=\"auto, (max-width: 750px) 100vw, 750px\" \/><\/p>","protected":false},"excerpt":{"rendered":"<p><strong>Identificaci\u00f3n del producto:\u00a0<\/strong> HP-CWR3500<\/p>\n<p><strong>Tama\u00f1o del producto:\u00a0<\/strong>di\u00e1metro 328m<\/p>\n<p><strong>Solicitud:\u00a0<\/strong>Mesas de olla caliente para restaurante, mesas de olla caliente giratorias<\/p>\n<p><strong>Opcional:\u00a0<\/strong>anillo de acero inoxidable<\/p>","protected":false},"featured_media":5904,"template":"","meta":{"_acf_changed":false,"_seopress_robots_primary_cat":"none","_seopress_titles_title":"","_seopress_titles_desc":"","_seopress_robots_index":""},"product_brand":[],"product_cat":[35,42],"product_tag":[],"class_list":{"0":"post-5894","1":"product","2":"type-product","3":"status-publish","4":"has-post-thumbnail","6":"product_cat-induction-cooker","7":"product_cat-hot-pot-induction-cooker","9":"first","10":"instock","11":"shipping-taxable","12":"product-type-simple"},"acf":[],"_links":{"self":[{"href":"https:\/\/hpott.com\/es\/wp-json\/wp\/v2\/product\/5894","targetHints":{"allow":["GET"]}}],"collection":[{"href":"https:\/\/hpott.com\/es\/wp-json\/wp\/v2\/product"}],"about":[{"href":"https:\/\/hpott.com\/es\/wp-json\/wp\/v2\/types\/product"}],"wp:featuredmedia":[{"embeddable":true,"href":"https:\/\/hpott.com\/es\/wp-json\/wp\/v2\/media\/5904"}],"wp:attachment":[{"href":"https:\/\/hpott.com\/es\/wp-json\/wp\/v2\/media?parent=5894"}],"wp:term":[{"taxonomy":"product_brand","embeddable":true,"href":"https:\/\/hpott.com\/es\/wp-json\/wp\/v2\/product_brand?post=5894"},{"taxonomy":"product_cat","embeddable":true,"href":"https:\/\/hpott.com\/es\/wp-json\/wp\/v2\/product_cat?post=5894"},{"taxonomy":"product_tag","embeddable":true,"href":"https:\/\/hpott.com\/es\/wp-json\/wp\/v2\/product_tag?post=5894"}],"curies":[{"name":"wp","href":"https:\/\/api.w.org\/{rel}","templated":true}]}}