{"id":5905,"date":"2023-07-03T01:37:59","date_gmt":"2023-07-03T09:37:59","guid":{"rendered":"https:\/\/hpott.com\/?post_type=product&#038;p=5905"},"modified":"2023-07-14T01:50:11","modified_gmt":"2023-07-14T09:50:11","slug":"cocina-electrica-de-ceramica-con-placa-de-coccion-infrarroja-y-precio-al-por-mayor","status":"publish","type":"product","link":"https:\/\/hpott.com\/es\/producto\/cocina-electrica-de-ceramica-con-placa-de-coccion-infrarroja-y-precio-al-por-mayor\/","title":{"rendered":"Cocina el\u00e9ctrica de cer\u00e1mica con placa de cocci\u00f3n infrarroja y precio al por mayor."},"content":{"rendered":"<p><strong>\u3010Nombre<\/strong>\u3011: Cocina de inducci\u00f3n con olla caliente<br \/>\n\u3010<strong>Origen<\/strong>\u3011: Guangdong, China<br \/>\n\u3010<strong>Voltaje<\/strong>\u3011: 220-240 V~50, 60 Hz<br \/>\n\u3010<strong>Fuerza<\/strong>\u3011: 3500W-4500W<\/p>\n<p>\u3010<strong>Anillo de acero inoxidable<\/strong>\u3011<strong>:\u00a0<\/strong>Disponible redondo o cuadrado<\/p>\n<h3><em><strong>Caracter\u00edstica<\/strong><\/em><\/h3>\n<ul>\n<li><em>Molde de pl\u00e1stico para empotrar.<\/em><\/li>\n<li><em>Pantalla LED<\/em><\/li>\n<li><em>5 etapas de ajuste de potencia<\/em><\/li>\n<li><em>Apagado autom\u00e1tico por sobrecarga y protecci\u00f3n m\u00faltiple<\/em><\/li>\n<li><em>Tama\u00f1o de la placa de vidrio: Di\u00e1metro 380 mm<\/em><\/li>\n<\/ul>\n<p><img loading=\"lazy\" decoding=\"async\" class=\"size-full wp-image-5942\" src=\"http:\/\/hpott.com\/wp-content\/uploads\/2023\/07\/1.0.png\" alt=\"Cocina el\u00e9ctrica de cer\u00e1mica con placa de cocci\u00f3n infrarroja y precio al por mayor.\" width=\"750\" height=\"1821\" srcset=\"https:\/\/hpott.com\/wp-content\/uploads\/2023\/07\/1.0.png 750w, https:\/\/hpott.com\/wp-content\/uploads\/2023\/07\/1.0-124x300.png 124w, https:\/\/hpott.com\/wp-content\/uploads\/2023\/07\/1.0-422x1024.png 422w, https:\/\/hpott.com\/wp-content\/uploads\/2023\/07\/1.0-633x1536.png 633w, https:\/\/hpott.com\/wp-content\/uploads\/2023\/07\/1.0-600x1457.png 600w, https:\/\/hpott.com\/wp-content\/uploads\/2023\/07\/1.0-64x155.png 64w\" sizes=\"auto, (max-width: 750px) 100vw, 750px\" \/><\/p>\n<p><img loading=\"lazy\" decoding=\"async\" class=\"size-full wp-image-5943\" src=\"http:\/\/hpott.com\/wp-content\/uploads\/2023\/07\/2.0.png\" alt=\"Cocina el\u00e9ctrica de cer\u00e1mica con placa de cocci\u00f3n infrarroja y precio al por mayor.\" width=\"750\" height=\"2377\" srcset=\"https:\/\/hpott.com\/wp-content\/uploads\/2023\/07\/2.0.png 750w, https:\/\/hpott.com\/wp-content\/uploads\/2023\/07\/2.0-95x300.png 95w, https:\/\/hpott.com\/wp-content\/uploads\/2023\/07\/2.0-323x1024.png 323w, https:\/\/hpott.com\/wp-content\/uploads\/2023\/07\/2.0-485x1536.png 485w, https:\/\/hpott.com\/wp-content\/uploads\/2023\/07\/2.0-646x2048.png 646w, https:\/\/hpott.com\/wp-content\/uploads\/2023\/07\/2.0-600x1902.png 600w, https:\/\/hpott.com\/wp-content\/uploads\/2023\/07\/2.0-64x203.png 64w\" sizes=\"auto, (max-width: 750px) 100vw, 750px\" \/><\/p>\n<p>&nbsp;<\/p>","protected":false},"excerpt":{"rendered":"<p><strong>Identificaci\u00f3n del producto:\u00a0<\/strong> HP-CWR4500<\/p>\n<p><strong>Tama\u00f1o del producto:\u00a0<\/strong>di\u00e1metro 380m<\/p>\n<p><strong>Solicitud:\u00a0<\/strong>Mesas de olla caliente para restaurante, mesas de olla caliente giratorias<\/p>\n<p><strong>Opcional:\u00a0<\/strong>anillo de acero inoxidable<\/p>","protected":false},"featured_media":5908,"template":"","meta":{"_acf_changed":false,"_seopress_robots_primary_cat":"none","_seopress_titles_title":"","_seopress_titles_desc":"","_seopress_robots_index":""},"product_brand":[],"product_cat":[35,42],"product_tag":[],"class_list":{"0":"post-5905","1":"product","2":"type-product","3":"status-publish","4":"has-post-thumbnail","6":"product_cat-induction-cooker","7":"product_cat-hot-pot-induction-cooker","9":"first","10":"instock","11":"shipping-taxable","12":"product-type-simple"},"acf":[],"_links":{"self":[{"href":"https:\/\/hpott.com\/es\/wp-json\/wp\/v2\/product\/5905","targetHints":{"allow":["GET"]}}],"collection":[{"href":"https:\/\/hpott.com\/es\/wp-json\/wp\/v2\/product"}],"about":[{"href":"https:\/\/hpott.com\/es\/wp-json\/wp\/v2\/types\/product"}],"wp:featuredmedia":[{"embeddable":true,"href":"https:\/\/hpott.com\/es\/wp-json\/wp\/v2\/media\/5908"}],"wp:attachment":[{"href":"https:\/\/hpott.com\/es\/wp-json\/wp\/v2\/media?parent=5905"}],"wp:term":[{"taxonomy":"product_brand","embeddable":true,"href":"https:\/\/hpott.com\/es\/wp-json\/wp\/v2\/product_brand?post=5905"},{"taxonomy":"product_cat","embeddable":true,"href":"https:\/\/hpott.com\/es\/wp-json\/wp\/v2\/product_cat?post=5905"},{"taxonomy":"product_tag","embeddable":true,"href":"https:\/\/hpott.com\/es\/wp-json\/wp\/v2\/product_tag?post=5905"}],"curies":[{"name":"wp","href":"https:\/\/api.w.org\/{rel}","templated":true}]}}