{"id":6349,"date":"2025-06-20T19:14:54","date_gmt":"2025-06-21T03:14:54","guid":{"rendered":"https:\/\/hpott.com\/?post_type=product&#038;p=6349"},"modified":"2025-06-20T19:14:54","modified_gmt":"2025-06-21T03:14:54","slug":"parrilla-de-barbacoa-giratoria-automatica-de-acero-inoxidable-de-360-grados-para-restaurante-comercial","status":"publish","type":"product","link":"https:\/\/hpott.com\/es\/producto\/parrilla-de-barbacoa-giratoria-automatica-de-acero-inoxidable-de-360-grados-para-restaurante-comercial\/","title":{"rendered":"Parrilla de barbacoa giratoria autom\u00e1tica de acero inoxidable de 360 grados para restaurante comercial"},"content":{"rendered":"<p><img loading=\"lazy\" decoding=\"async\" class=\"wp-image-6357 size-full\" src=\"https:\/\/hpott.com\/wp-content\/uploads\/2025\/06\/16-skewers.webp\" alt=\"Parrilla de barbacoa giratoria autom\u00e1tica de acero inoxidable de 360 grados para restaurante comercial\" width=\"790\" height=\"1043\" srcset=\"https:\/\/hpott.com\/wp-content\/uploads\/2025\/06\/16-skewers.webp 790w, https:\/\/hpott.com\/wp-content\/uploads\/2025\/06\/16-skewers-227x300.webp 227w, https:\/\/hpott.com\/wp-content\/uploads\/2025\/06\/16-skewers-776x1024.webp 776w, https:\/\/hpott.com\/wp-content\/uploads\/2025\/06\/16-skewers-768x1014.webp 768w, https:\/\/hpott.com\/wp-content\/uploads\/2025\/06\/16-skewers-9x12.webp 9w, https:\/\/hpott.com\/wp-content\/uploads\/2025\/06\/16-skewers-600x792.webp 600w, https:\/\/hpott.com\/wp-content\/uploads\/2025\/06\/16-skewers-64x84.webp 64w\" sizes=\"auto, (max-width: 790px) 100vw, 790px\" \/><\/p>\n<p><img loading=\"lazy\" decoding=\"async\" class=\"wp-image-6358 size-full\" src=\"https:\/\/hpott.com\/wp-content\/uploads\/2025\/06\/10009.webp\" alt=\"Parrilla de barbacoa giratoria autom\u00e1tica de acero inoxidable de 360 grados para restaurante comercial\" width=\"790\" height=\"974\" srcset=\"https:\/\/hpott.com\/wp-content\/uploads\/2025\/06\/10009.webp 790w, https:\/\/hpott.com\/wp-content\/uploads\/2025\/06\/10009-243x300.webp 243w, https:\/\/hpott.com\/wp-content\/uploads\/2025\/06\/10009-768x947.webp 768w, https:\/\/hpott.com\/wp-content\/uploads\/2025\/06\/10009-10x12.webp 10w, https:\/\/hpott.com\/wp-content\/uploads\/2025\/06\/10009-600x740.webp 600w, https:\/\/hpott.com\/wp-content\/uploads\/2025\/06\/10009-64x79.webp 64w\" sizes=\"auto, (max-width: 790px) 100vw, 790px\" \/><\/p>\n<p><img loading=\"lazy\" decoding=\"async\" class=\"wp-image-6359 size-full\" src=\"https:\/\/hpott.com\/wp-content\/uploads\/2025\/06\/10010.webp\" alt=\"Parrilla de barbacoa giratoria autom\u00e1tica de acero inoxidable de 360 grados para restaurante comercial\" width=\"790\" height=\"1412\" srcset=\"https:\/\/hpott.com\/wp-content\/uploads\/2025\/06\/10010.webp 790w, https:\/\/hpott.com\/wp-content\/uploads\/2025\/06\/10010-168x300.webp 168w, https:\/\/hpott.com\/wp-content\/uploads\/2025\/06\/10010-573x1024.webp 573w, https:\/\/hpott.com\/wp-content\/uploads\/2025\/06\/10010-768x1373.webp 768w, https:\/\/hpott.com\/wp-content\/uploads\/2025\/06\/10010-7x12.webp 7w, https:\/\/hpott.com\/wp-content\/uploads\/2025\/06\/10010-600x1072.webp 600w, https:\/\/hpott.com\/wp-content\/uploads\/2025\/06\/10010-64x114.webp 64w\" sizes=\"auto, (max-width: 790px) 100vw, 790px\" \/><\/p>\n<p><img loading=\"lazy\" decoding=\"async\" class=\"size-full wp-image-6360\" src=\"https:\/\/hpott.com\/wp-content\/uploads\/2025\/06\/grill-function.webp\" alt=\"Parrilla de barbacoa giratoria autom\u00e1tica de acero inoxidable de 360 grados para restaurante comercial\" width=\"790\" height=\"750\" srcset=\"https:\/\/hpott.com\/wp-content\/uploads\/2025\/06\/grill-function.webp 790w, https:\/\/hpott.com\/wp-content\/uploads\/2025\/06\/grill-function-300x285.webp 300w, https:\/\/hpott.com\/wp-content\/uploads\/2025\/06\/grill-function-768x729.webp 768w, https:\/\/hpott.com\/wp-content\/uploads\/2025\/06\/grill-function-13x12.webp 13w, https:\/\/hpott.com\/wp-content\/uploads\/2025\/06\/grill-function-600x570.webp 600w, https:\/\/hpott.com\/wp-content\/uploads\/2025\/06\/grill-function-64x61.webp 64w\" sizes=\"auto, (max-width: 790px) 100vw, 790px\" \/><\/p>","protected":false},"excerpt":{"rendered":"<p><strong>Identificaci\u00f3n del producto:<\/strong> HP-AR10<\/p>\n<p><strong>Caracter\u00edstica:\u00a0 <\/strong> Rotaci\u00f3n completamente autom\u00e1tica; Tubo de calentamiento en forma de U; Conservaci\u00f3n del calor a largo plazo<\/p>","protected":false},"featured_media":6356,"template":"","meta":{"_acf_changed":false,"_seopress_robots_primary_cat":"","_seopress_titles_title":"","_seopress_titles_desc":"","_seopress_robots_index":""},"product_brand":[],"product_cat":[37,36],"product_tag":[],"class_list":{"0":"post-6349","1":"product","2":"type-product","3":"status-publish","4":"has-post-thumbnail","6":"product_cat-bbq-grill","7":"product_cat-electric-bbq-grill","9":"first","10":"instock","11":"shipping-taxable","12":"product-type-simple"},"acf":[],"_links":{"self":[{"href":"https:\/\/hpott.com\/es\/wp-json\/wp\/v2\/product\/6349","targetHints":{"allow":["GET"]}}],"collection":[{"href":"https:\/\/hpott.com\/es\/wp-json\/wp\/v2\/product"}],"about":[{"href":"https:\/\/hpott.com\/es\/wp-json\/wp\/v2\/types\/product"}],"wp:featuredmedia":[{"embeddable":true,"href":"https:\/\/hpott.com\/es\/wp-json\/wp\/v2\/media\/6356"}],"wp:attachment":[{"href":"https:\/\/hpott.com\/es\/wp-json\/wp\/v2\/media?parent=6349"}],"wp:term":[{"taxonomy":"product_brand","embeddable":true,"href":"https:\/\/hpott.com\/es\/wp-json\/wp\/v2\/product_brand?post=6349"},{"taxonomy":"product_cat","embeddable":true,"href":"https:\/\/hpott.com\/es\/wp-json\/wp\/v2\/product_cat?post=6349"},{"taxonomy":"product_tag","embeddable":true,"href":"https:\/\/hpott.com\/es\/wp-json\/wp\/v2\/product_tag?post=6349"}],"curies":[{"name":"wp","href":"https:\/\/api.w.org\/{rel}","templated":true}]}}