{"id":2501,"date":"2022-10-06T00:28:14","date_gmt":"2022-10-06T08:28:14","guid":{"rendered":"https:\/\/hpott.com\/?post_type=product&#038;p=2501"},"modified":"2023-06-15T01:31:24","modified_gmt":"2023-06-15T09:31:24","slug":"marmite-integree-cuisiniere-a-induction-barbecue-de-table-table-de-grill","status":"publish","type":"product","link":"https:\/\/hpott.com\/fr\/produit\/marmite-integree-cuisiniere-a-induction-barbecue-de-table-table-de-grill\/","title":{"rendered":"Hot Pot int\u00e9gr\u00e9 dans la table de cuisson \u00e0 induction, barbecue, table de gril"},"content":{"rendered":"<p>\u3010Nom\u3011: Table de barbecue Hot Pot<br \/>\n\u3010Origine\u3011: Guangdong, Chine<br \/>\n\u3010Taille\u3011: 1300X900X760mm\uff08La taille peut \u00eatre personnalis\u00e9e\uff09<br \/>\n\u3010Mat\u00e9riau\u3011: Plateau en marbre + base en acier inoxydable<br \/>\n\u3010Couleur\u3011: Disponible sur demande<br \/>\n\u3010Application\u3011: Restaurant de fondue chinoise, h\u00f4tel, autres restaurants<\/p>\n<p><img loading=\"lazy\" decoding=\"async\" class=\"size-full wp-image-5690\" src=\"http:\/\/hpott.com\/wp-content\/uploads\/2022\/10\/Korean-bbq-hot-pot-table.webp\" alt=\"marmite int\u00e9gr\u00e9e, cuisini\u00e8re \u00e0 induction, barbecue de table, table de grill\" width=\"750\" height=\"1802\" srcset=\"https:\/\/hpott.com\/wp-content\/uploads\/2022\/10\/Korean-bbq-hot-pot-table.webp 750w, https:\/\/hpott.com\/wp-content\/uploads\/2022\/10\/Korean-bbq-hot-pot-table-125x300.webp 125w, https:\/\/hpott.com\/wp-content\/uploads\/2022\/10\/Korean-bbq-hot-pot-table-426x1024.webp 426w, https:\/\/hpott.com\/wp-content\/uploads\/2022\/10\/Korean-bbq-hot-pot-table-639x1536.webp 639w, https:\/\/hpott.com\/wp-content\/uploads\/2022\/10\/Korean-bbq-hot-pot-table-600x1442.webp 600w, https:\/\/hpott.com\/wp-content\/uploads\/2022\/10\/Korean-bbq-hot-pot-table-64x154.webp 64w\" sizes=\"auto, (max-width: 750px) 100vw, 750px\" \/><\/p>\n<p><img loading=\"lazy\" decoding=\"async\" class=\"size-full wp-image-5689\" src=\"http:\/\/hpott.com\/wp-content\/uploads\/2022\/10\/Korean-bbq-hot-pot-table-1.webp\" alt=\"marmite int\u00e9gr\u00e9e, cuisini\u00e8re \u00e0 induction, barbecue de table, table de grill\" width=\"750\" height=\"1860\" srcset=\"https:\/\/hpott.com\/wp-content\/uploads\/2022\/10\/Korean-bbq-hot-pot-table-1.webp 750w, https:\/\/hpott.com\/wp-content\/uploads\/2022\/10\/Korean-bbq-hot-pot-table-1-121x300.webp 121w, https:\/\/hpott.com\/wp-content\/uploads\/2022\/10\/Korean-bbq-hot-pot-table-1-413x1024.webp 413w, https:\/\/hpott.com\/wp-content\/uploads\/2022\/10\/Korean-bbq-hot-pot-table-1-619x1536.webp 619w, https:\/\/hpott.com\/wp-content\/uploads\/2022\/10\/Korean-bbq-hot-pot-table-1-600x1488.webp 600w, https:\/\/hpott.com\/wp-content\/uploads\/2022\/10\/Korean-bbq-hot-pot-table-1-64x159.webp 64w\" sizes=\"auto, (max-width: 750px) 100vw, 750px\" \/><\/p>","protected":false},"excerpt":{"rendered":"<p><strong>ID du produit\u00a0:<\/strong>HP-C01<\/p>\n<p>Combinez BBQ + hotpot et profitez des deux en m\u00eame temps, installation d&#039;un purificateur \u00e0 l&#039;int\u00e9rieur de la table pour absorber la graisse et la fum\u00e9e ; Choix de filet de cuisson ou de plaque de cuisson ;<\/p>","protected":false},"featured_media":5111,"template":"","meta":{"_acf_changed":false,"_seopress_robots_primary_cat":"none","_seopress_titles_title":"","_seopress_titles_desc":"","_seopress_robots_index":""},"product_brand":[],"product_cat":[40,30,33],"product_tag":[],"class_list":{"0":"post-2501","1":"product","2":"type-product","3":"status-publish","4":"has-post-thumbnail","6":"product_cat-korean-bbq-grill-table","7":"product_cat-hot-pot-table","8":"product_cat-hot-pot-and-bbq-table","10":"first","11":"instock","12":"shipping-taxable","13":"product-type-simple"},"acf":[],"_links":{"self":[{"href":"https:\/\/hpott.com\/fr\/wp-json\/wp\/v2\/product\/2501","targetHints":{"allow":["GET"]}}],"collection":[{"href":"https:\/\/hpott.com\/fr\/wp-json\/wp\/v2\/product"}],"about":[{"href":"https:\/\/hpott.com\/fr\/wp-json\/wp\/v2\/types\/product"}],"wp:featuredmedia":[{"embeddable":true,"href":"https:\/\/hpott.com\/fr\/wp-json\/wp\/v2\/media\/5111"}],"wp:attachment":[{"href":"https:\/\/hpott.com\/fr\/wp-json\/wp\/v2\/media?parent=2501"}],"wp:term":[{"taxonomy":"product_brand","embeddable":true,"href":"https:\/\/hpott.com\/fr\/wp-json\/wp\/v2\/product_brand?post=2501"},{"taxonomy":"product_cat","embeddable":true,"href":"https:\/\/hpott.com\/fr\/wp-json\/wp\/v2\/product_cat?post=2501"},{"taxonomy":"product_tag","embeddable":true,"href":"https:\/\/hpott.com\/fr\/wp-json\/wp\/v2\/product_tag?post=2501"}],"curies":[{"name":"wp","href":"https:\/\/api.w.org\/{rel}","templated":true}]}}