{"id":2502,"date":"2022-10-06T00:28:19","date_gmt":"2022-10-06T08:28:19","guid":{"rendered":"https:\/\/hpott.com\/?post_type=product&#038;p=2502"},"modified":"2023-11-19T22:01:24","modified_gmt":"2023-11-20T06:01:24","slug":"table-ronde-pour-fondue-chinoise-table-a-manger-pour-fondue-chinoise","status":"publish","type":"product","link":"https:\/\/hpott.com\/fr\/produit\/table-ronde-pour-fondue-chinoise-table-a-manger-pour-fondue-chinoise\/","title":{"rendered":"Table \u00e0 manger ronde pour 10 personnes avec purificateurs sans fum\u00e9e"},"content":{"rendered":"<p>\u3010Nom\u3011: Table \u00e0 fondue en marbre<br \/>\n\u3010Origine\u3011: Guangdong, Chine<br \/>\n\u3010Taille du plateau\u3011: Diam\u00e8tre 1300 mm, 1400 mm, 1500 mm, 1600 mm, 1700 mm, 1800 mm (la taille peut \u00eatre personnalis\u00e9e)<br \/>\n\u3010Mat\u00e9riau\u3011: Plateau en marbre + base en t\u00f4le d&#039;acier peinte<br \/>\n\u3010Couleur\u3011: Disponible sur demande<br \/>\n\u3010Application\u3011: Restaurant de fondue chinoise, h\u00f4tel, autres restaurants<br \/>\n\u3010Fonctionnalit\u00e9\u3011<br \/>\n<strong>01<\/strong><br \/>\n<strong>Anneau d\u00e9coratif int\u00e9gr\u00e9<\/strong><br \/>\nLe capot de formage int\u00e9gr\u00e9 est fabriqu\u00e9 en acier inoxydable \u00e9paissi, avec une structure de formage parfaitement int\u00e9gr\u00e9e et une position de serrage intime.<br \/>\n<strong>02<\/strong><br \/>\n<strong>Purification sans fum\u00e9e<\/strong><br \/>\nPas besoin d&#039;installer un tuyau d&#039;\u00e9vacuation des fum\u00e9es, utilisation directe d&#039;un purificateur sans fum\u00e9e, \u00e9conomie d&#039;\u00e9nergie et protection de l&#039;environnement, nouvelle mode<br \/>\n<strong>03<\/strong><br \/>\n<strong>Table de fondue chinoise sans fum\u00e9e personnalis\u00e9e<\/strong><br \/>\nS\u00e9lectionnez des mat\u00e9riaux de haute qualit\u00e9, cr\u00e9ez un style chinois simple et moderne, chaleureux, pratique, simple et g\u00e9n\u00e9reux<br \/>\n<strong>04<\/strong><br \/>\n<strong>Repose-pieds en acier inoxydable<\/strong><br \/>\nSupport solide et stable pour la table de la marmite chaude, et il ne tremble pas, vous profitez du repas plus \u00e0 l&#039;aise.<\/p>\n<p><img loading=\"lazy\" decoding=\"async\" class=\"wp-image-5706 size-full\" src=\"http:\/\/hpott.com\/wp-content\/uploads\/2022\/10\/HOT-POT-TABLE-5.webp\" alt=\"table ronde pour fondue chinoise table \u00e0 manger pour fondue chinoise\" width=\"750\" height=\"2300\" srcset=\"https:\/\/hpott.com\/wp-content\/uploads\/2022\/10\/HOT-POT-TABLE-5.webp 750w, https:\/\/hpott.com\/wp-content\/uploads\/2022\/10\/HOT-POT-TABLE-5-98x300.webp 98w, https:\/\/hpott.com\/wp-content\/uploads\/2022\/10\/HOT-POT-TABLE-5-334x1024.webp 334w, https:\/\/hpott.com\/wp-content\/uploads\/2022\/10\/HOT-POT-TABLE-5-501x1536.webp 501w, https:\/\/hpott.com\/wp-content\/uploads\/2022\/10\/HOT-POT-TABLE-5-668x2048.webp 668w, https:\/\/hpott.com\/wp-content\/uploads\/2022\/10\/HOT-POT-TABLE-5-600x1840.webp 600w, https:\/\/hpott.com\/wp-content\/uploads\/2022\/10\/HOT-POT-TABLE-5-64x196.webp 64w\" sizes=\"auto, (max-width: 750px) 100vw, 750px\" \/><\/p>","protected":false},"excerpt":{"rendered":"<p><strong>ID du produit\u00a0:<\/strong>HP-R02<\/p>\n<p>Nouvelle table de fondue chaude de luxe en marbre sans fum\u00e9e de style chinois, vente directe d&#039;usine personnalis\u00e9e, table de fondue chaude commerciale<\/p>","protected":false},"featured_media":5109,"template":"","meta":{"_acf_changed":false,"_seopress_robots_primary_cat":"none","_seopress_titles_title":"","_seopress_titles_desc":"","_seopress_robots_index":""},"product_brand":[],"product_cat":[30,32],"product_tag":[],"class_list":{"0":"post-2502","1":"product","2":"type-product","3":"status-publish","4":"has-post-thumbnail","6":"product_cat-hot-pot-table","7":"product_cat-round-hot-pot-tables","9":"first","10":"instock","11":"shipping-taxable","12":"product-type-simple"},"acf":[],"_links":{"self":[{"href":"https:\/\/hpott.com\/fr\/wp-json\/wp\/v2\/product\/2502","targetHints":{"allow":["GET"]}}],"collection":[{"href":"https:\/\/hpott.com\/fr\/wp-json\/wp\/v2\/product"}],"about":[{"href":"https:\/\/hpott.com\/fr\/wp-json\/wp\/v2\/types\/product"}],"wp:featuredmedia":[{"embeddable":true,"href":"https:\/\/hpott.com\/fr\/wp-json\/wp\/v2\/media\/5109"}],"wp:attachment":[{"href":"https:\/\/hpott.com\/fr\/wp-json\/wp\/v2\/media?parent=2502"}],"wp:term":[{"taxonomy":"product_brand","embeddable":true,"href":"https:\/\/hpott.com\/fr\/wp-json\/wp\/v2\/product_brand?post=2502"},{"taxonomy":"product_cat","embeddable":true,"href":"https:\/\/hpott.com\/fr\/wp-json\/wp\/v2\/product_cat?post=2502"},{"taxonomy":"product_tag","embeddable":true,"href":"https:\/\/hpott.com\/fr\/wp-json\/wp\/v2\/product_tag?post=2502"}],"curies":[{"name":"wp","href":"https:\/\/api.w.org\/{rel}","templated":true}]}}