{"id":2504,"date":"2022-10-06T00:28:53","date_gmt":"2022-10-06T08:28:53","guid":{"rendered":"https:\/\/hpott.com\/?post_type=product&#038;p=2504"},"modified":"2023-12-04T19:43:45","modified_gmt":"2023-12-05T03:43:45","slug":"table-de-shabu-shabu-a-vendre","status":"publish","type":"product","link":"https:\/\/hpott.com\/fr\/produit\/table-de-shabu-shabu-a-vendre\/","title":{"rendered":"Table et chaises pour fondue chinoise Shabu Shabu Design \u00e0 vendre"},"content":{"rendered":"<p>\u3010Nom\u3011<strong>: <\/strong>Table Shabu Shabu<br \/>\n\u3010Origine\u3011<strong>: <\/strong>Guangdong, Chine<br \/>\n\u3010Taille de la table\u3011<strong>: <\/strong>1000X800mm,1300X900mm,1600X900mm,1800X1000mm (<span style=\"color: #ff0000;\">La taille peut \u00eatre personnalis\u00e9e<\/span>)<br \/>\n\u3010Mat\u00e9riel\u3011<strong>: <\/strong>Plateau en verre recouvert d&#039;acier inoxydable + base en acier inoxydable imprim\u00e9e<br \/>\n\u3010Couleur\u3011<strong>: <\/strong>Disponible sur demande<br \/>\n\u3010Application\u3011<strong>: <\/strong>Restaurant de fondue chinoise, h\u00f4tel, autres restaurants<br \/>\n\u3010Fonctionnalit\u00e9\u3011<br \/>\n01<br \/>\nAnneau d\u00e9coratif int\u00e9gr\u00e9<br \/>\nLe capot de formage int\u00e9gr\u00e9 est fabriqu\u00e9 en acier inoxydable \u00e9paissi, avec une structure de formage parfaitement int\u00e9gr\u00e9e et une position de serrage intime.<br \/>\n02<br \/>\nPurification sans fum\u00e9e<br \/>\nPas besoin d&#039;installer un tuyau d&#039;\u00e9vacuation des fum\u00e9es, utilisation directe d&#039;un purificateur sans fum\u00e9e, \u00e9conomie d&#039;\u00e9nergie et protection de l&#039;environnement, nouvelle mode<br \/>\n03<br \/>\nTable de fondue chinoise sans fum\u00e9e personnalis\u00e9e<br \/>\nS\u00e9lectionnez des mat\u00e9riaux de haute qualit\u00e9, cr\u00e9ez un style chinois simple et moderne, chaleureux, pratique, simple et g\u00e9n\u00e9reux<br \/>\n04<br \/>\nRepose-pieds en acier inoxydable<br \/>\nSupport solide et stable pour la table de la marmite, et il ne tremble pas, vous profitez du repas plus facilement.<\/p>\n<p><img loading=\"lazy\" decoding=\"async\" class=\"wp-image-5520 size-full\" src=\"http:\/\/hpott.com\/wp-content\/uploads\/2022\/10\/shabu-shabu-table-1.webp\" alt=\"Table de shabu shabu \u00e0 vendre, mini table de fondue chinoise\" width=\"750\" height=\"1397\" srcset=\"https:\/\/hpott.com\/wp-content\/uploads\/2022\/10\/shabu-shabu-table-1.webp 750w, https:\/\/hpott.com\/wp-content\/uploads\/2022\/10\/shabu-shabu-table-1-161x300.webp 161w, https:\/\/hpott.com\/wp-content\/uploads\/2022\/10\/shabu-shabu-table-1-550x1024.webp 550w, https:\/\/hpott.com\/wp-content\/uploads\/2022\/10\/shabu-shabu-table-1-600x1118.webp 600w, https:\/\/hpott.com\/wp-content\/uploads\/2022\/10\/shabu-shabu-table-1-64x119.webp 64w\" sizes=\"auto, (max-width: 750px) 100vw, 750px\" \/><\/p>\n<p><img loading=\"lazy\" decoding=\"async\" class=\"wp-image-5521 size-full\" src=\"http:\/\/hpott.com\/wp-content\/uploads\/2022\/10\/shabu-shabu-table-4.webp\" alt=\"Table de shabu shabu \u00e0 vendre, mini table de fondue chinoise\" width=\"750\" height=\"800\" srcset=\"https:\/\/hpott.com\/wp-content\/uploads\/2022\/10\/shabu-shabu-table-4.webp 750w, https:\/\/hpott.com\/wp-content\/uploads\/2022\/10\/shabu-shabu-table-4-281x300.webp 281w, https:\/\/hpott.com\/wp-content\/uploads\/2022\/10\/shabu-shabu-table-4-600x640.webp 600w, https:\/\/hpott.com\/wp-content\/uploads\/2022\/10\/shabu-shabu-table-4-64x68.webp 64w\" sizes=\"auto, (max-width: 750px) 100vw, 750px\" \/><\/p>\n<p><img loading=\"lazy\" decoding=\"async\" class=\"wp-image-5522 size-full\" src=\"http:\/\/hpott.com\/wp-content\/uploads\/2022\/10\/shabu-shabu-table-5.webp\" alt=\"Table de shabu shabu chinoise \u00e0 vendre, mini table de fondue chinoise\" width=\"750\" height=\"380\" srcset=\"https:\/\/hpott.com\/wp-content\/uploads\/2022\/10\/shabu-shabu-table-5.webp 750w, https:\/\/hpott.com\/wp-content\/uploads\/2022\/10\/shabu-shabu-table-5-300x152.webp 300w, https:\/\/hpott.com\/wp-content\/uploads\/2022\/10\/shabu-shabu-table-5-600x304.webp 600w, https:\/\/hpott.com\/wp-content\/uploads\/2022\/10\/shabu-shabu-table-5-64x32.webp 64w\" sizes=\"auto, (max-width: 750px) 100vw, 750px\" \/><\/p>\n<p><img loading=\"lazy\" decoding=\"async\" class=\"alignnone wp-image-5523 size-full\" src=\"http:\/\/hpott.com\/wp-content\/uploads\/2022\/10\/shabu-shabu-table-6.webp\" alt=\"Table de shabu shabu chinoise \u00e0 vendre, mini table de fondue chinoise\" width=\"750\" height=\"380\" srcset=\"https:\/\/hpott.com\/wp-content\/uploads\/2022\/10\/shabu-shabu-table-6.webp 750w, https:\/\/hpott.com\/wp-content\/uploads\/2022\/10\/shabu-shabu-table-6-300x152.webp 300w, https:\/\/hpott.com\/wp-content\/uploads\/2022\/10\/shabu-shabu-table-6-600x304.webp 600w, https:\/\/hpott.com\/wp-content\/uploads\/2022\/10\/shabu-shabu-table-6-64x32.webp 64w\" sizes=\"auto, (max-width: 750px) 100vw, 750px\" \/><\/p>\n<p>&nbsp;<\/p>\n<p>&nbsp;<\/p>","protected":false},"excerpt":{"rendered":"<p><strong>ID du produit\u00a0: <\/strong>HP-C16<\/p>\n<p>cuisini\u00e8re \u00e0 induction int\u00e9gr\u00e9e petite table de fondue restaurant commercial et un gril au milieu.<\/p>","protected":false},"featured_media":5517,"template":"","meta":{"_acf_changed":false,"_seopress_robots_primary_cat":"none","_seopress_titles_title":"China Design Shabu Shabu Hot Pot Table For Sale | HPOTT","_seopress_titles_desc":"Shabu shabu table design by HPOTT, serving 1000+ restaurants worldwide. Welcome business inquiries. Support personalization.","_seopress_robots_index":""},"product_brand":[],"product_cat":[30,31],"product_tag":[],"class_list":{"0":"post-2504","1":"product","2":"type-product","3":"status-publish","4":"has-post-thumbnail","6":"product_cat-hot-pot-table","7":"product_cat-square-hot-pot-tables","9":"first","10":"instock","11":"shipping-taxable","12":"product-type-simple"},"acf":[],"_links":{"self":[{"href":"https:\/\/hpott.com\/fr\/wp-json\/wp\/v2\/product\/2504","targetHints":{"allow":["GET"]}}],"collection":[{"href":"https:\/\/hpott.com\/fr\/wp-json\/wp\/v2\/product"}],"about":[{"href":"https:\/\/hpott.com\/fr\/wp-json\/wp\/v2\/types\/product"}],"wp:featuredmedia":[{"embeddable":true,"href":"https:\/\/hpott.com\/fr\/wp-json\/wp\/v2\/media\/5517"}],"wp:attachment":[{"href":"https:\/\/hpott.com\/fr\/wp-json\/wp\/v2\/media?parent=2504"}],"wp:term":[{"taxonomy":"product_brand","embeddable":true,"href":"https:\/\/hpott.com\/fr\/wp-json\/wp\/v2\/product_brand?post=2504"},{"taxonomy":"product_cat","embeddable":true,"href":"https:\/\/hpott.com\/fr\/wp-json\/wp\/v2\/product_cat?post=2504"},{"taxonomy":"product_tag","embeddable":true,"href":"https:\/\/hpott.com\/fr\/wp-json\/wp\/v2\/product_tag?post=2504"}],"curies":[{"name":"wp","href":"https:\/\/api.w.org\/{rel}","templated":true}]}}