{"id":3042,"date":"2022-10-12T22:57:08","date_gmt":"2022-10-13T06:57:08","guid":{"rendered":"https:\/\/hpott.com\/?post_type=product&#038;p=3042"},"modified":"2023-06-15T01:46:46","modified_gmt":"2023-06-15T09:46:46","slug":"table-de-fondue-chinoise-commerciale-sans-fumee-a-vendre","status":"publish","type":"product","link":"https:\/\/hpott.com\/fr\/produit\/table-de-fondue-chinoise-commerciale-sans-fumee-a-vendre\/","title":{"rendered":"Table de fondue chinoise commerciale sans fum\u00e9e \u00e0 vendre"},"content":{"rendered":"<p>\u3010Nom\u3011<strong>: <\/strong>Table de fondue chinoise<br \/>\n\u3010Origine\u3011<strong>: <\/strong>Guangdong, Chine<br \/>\n\u3010Taille\u3011<strong>: <\/strong>1300X900X760mm (taille personnalisable)<br \/>\n\u3010Mat\u00e9riel\u3011<strong>: <\/strong>bois massif avec quartzite + base en acier inoxydable grain de bois (le mat\u00e9riau peut \u00eatre personnalis\u00e9)<br \/>\n\u3010Couleur\u3011<strong>: <\/strong>Disponible sur demande<br \/>\n\u3010Application\u3011<strong>: <\/strong>Restaurant de fondue chinoise, h\u00f4tel, autres restaurants<br \/>\n\u3010Fonctionnalit\u00e9\u3011<br \/>\n01<br \/>\nAnneau d\u00e9coratif int\u00e9gr\u00e9<br \/>\nLe capot de formage int\u00e9gr\u00e9 est fabriqu\u00e9 en acier inoxydable \u00e9paissi, avec une structure de formage parfaitement int\u00e9gr\u00e9e et une position de serrage intime.<br \/>\n02<br \/>\nPurification sans fum\u00e9e<br \/>\nPas besoin d&#039;installer un tuyau d&#039;\u00e9vacuation des fum\u00e9es, utilisation directe d&#039;un purificateur sans fum\u00e9e, \u00e9conomie d&#039;\u00e9nergie et protection de l&#039;environnement, nouvelle mode<br \/>\n03<br \/>\nTable de fondue chinoise sans fum\u00e9e personnalis\u00e9e<br \/>\nS\u00e9lectionnez une pierre de haute qualit\u00e9, cr\u00e9ez un style chinois simple et moderne, chaleureux, pratique, simple et g\u00e9n\u00e9reux<br \/>\n04<br \/>\nRepose-pieds en acier inoxydable<br \/>\nSupport solide et stable pour la table de la marmite chaude, et il ne tremble pas, vous profitez du repas plus \u00e0 l&#039;aise.<\/p>\n<p><img loading=\"lazy\" decoding=\"async\" class=\"size-full wp-image-5683\" src=\"http:\/\/hpott.com\/wp-content\/uploads\/2022\/10\/black-hot-pot-table.webp\" alt=\"table de fondue chinoise commerciale sans fum\u00e9e pour restaurant\" width=\"750\" height=\"2481\" srcset=\"https:\/\/hpott.com\/wp-content\/uploads\/2022\/10\/black-hot-pot-table.webp 750w, https:\/\/hpott.com\/wp-content\/uploads\/2022\/10\/black-hot-pot-table-91x300.webp 91w, https:\/\/hpott.com\/wp-content\/uploads\/2022\/10\/black-hot-pot-table-310x1024.webp 310w, https:\/\/hpott.com\/wp-content\/uploads\/2022\/10\/black-hot-pot-table-464x1536.webp 464w, https:\/\/hpott.com\/wp-content\/uploads\/2022\/10\/black-hot-pot-table-619x2048.webp 619w, https:\/\/hpott.com\/wp-content\/uploads\/2022\/10\/black-hot-pot-table-600x1985.webp 600w, https:\/\/hpott.com\/wp-content\/uploads\/2022\/10\/black-hot-pot-table-64x212.webp 64w\" sizes=\"auto, (max-width: 750px) 100vw, 750px\" \/><\/p>\n<p><img loading=\"lazy\" decoding=\"async\" class=\"size-full wp-image-5687\" src=\"http:\/\/hpott.com\/wp-content\/uploads\/2022\/10\/black-hot-pot-table-1-1.webp\" alt=\"table de fondue chinoise commerciale sans fum\u00e9e pour restaurant\" width=\"750\" height=\"2283\" srcset=\"https:\/\/hpott.com\/wp-content\/uploads\/2022\/10\/black-hot-pot-table-1-1.webp 750w, https:\/\/hpott.com\/wp-content\/uploads\/2022\/10\/black-hot-pot-table-1-1-99x300.webp 99w, https:\/\/hpott.com\/wp-content\/uploads\/2022\/10\/black-hot-pot-table-1-1-336x1024.webp 336w, https:\/\/hpott.com\/wp-content\/uploads\/2022\/10\/black-hot-pot-table-1-1-505x1536.webp 505w, https:\/\/hpott.com\/wp-content\/uploads\/2022\/10\/black-hot-pot-table-1-1-673x2048.webp 673w, https:\/\/hpott.com\/wp-content\/uploads\/2022\/10\/black-hot-pot-table-1-1-600x1826.webp 600w, https:\/\/hpott.com\/wp-content\/uploads\/2022\/10\/black-hot-pot-table-1-1-64x195.webp 64w\" sizes=\"auto, (max-width: 750px) 100vw, 750px\" \/><\/p>","protected":false},"excerpt":{"rendered":"<p><strong>ID du produit<\/strong>: HP-S01<\/p>\n<p><strong>Fonctionnalit\u00e9<\/strong>\uff1a interrupteurs encastr\u00e9s, purificateurs int\u00e9gr\u00e9s, protection multi-s\u00e9curit\u00e9, bois massif avec incrustation de marbre et base en acier inoxydable<\/p>","protected":false},"featured_media":5099,"template":"","meta":{"_acf_changed":false,"_seopress_robots_primary_cat":"none","_seopress_titles_title":"","_seopress_titles_desc":"","_seopress_robots_index":""},"product_brand":[],"product_cat":[30,31],"product_tag":[],"class_list":{"0":"post-3042","1":"product","2":"type-product","3":"status-publish","4":"has-post-thumbnail","6":"product_cat-hot-pot-table","7":"product_cat-square-hot-pot-tables","9":"first","10":"instock","11":"shipping-taxable","12":"product-type-simple"},"acf":[],"_links":{"self":[{"href":"https:\/\/hpott.com\/fr\/wp-json\/wp\/v2\/product\/3042","targetHints":{"allow":["GET"]}}],"collection":[{"href":"https:\/\/hpott.com\/fr\/wp-json\/wp\/v2\/product"}],"about":[{"href":"https:\/\/hpott.com\/fr\/wp-json\/wp\/v2\/types\/product"}],"wp:featuredmedia":[{"embeddable":true,"href":"https:\/\/hpott.com\/fr\/wp-json\/wp\/v2\/media\/5099"}],"wp:attachment":[{"href":"https:\/\/hpott.com\/fr\/wp-json\/wp\/v2\/media?parent=3042"}],"wp:term":[{"taxonomy":"product_brand","embeddable":true,"href":"https:\/\/hpott.com\/fr\/wp-json\/wp\/v2\/product_brand?post=3042"},{"taxonomy":"product_cat","embeddable":true,"href":"https:\/\/hpott.com\/fr\/wp-json\/wp\/v2\/product_cat?post=3042"},{"taxonomy":"product_tag","embeddable":true,"href":"https:\/\/hpott.com\/fr\/wp-json\/wp\/v2\/product_tag?post=3042"}],"curies":[{"name":"wp","href":"https:\/\/api.w.org\/{rel}","templated":true}]}}