{"id":3589,"date":"2022-10-21T01:29:44","date_gmt":"2022-10-21T09:29:44","guid":{"rendered":"https:\/\/hpott.com\/?post_type=product&#038;p=3589"},"modified":"2023-06-15T02:02:49","modified_gmt":"2023-06-15T10:02:49","slug":"barbecue-electrique-rond-coreen-de-2-200-w","status":"publish","type":"product","link":"https:\/\/hpott.com\/fr\/produit\/barbecue-electrique-rond-coreen-de-2-200-w\/","title":{"rendered":"Barbecue \u00e9lectrique cor\u00e9en rond de 2\u00a0200 W"},"content":{"rendered":"<p><strong>Taille du produit : <\/strong>Diam\u00e8tre 395X365mm<br \/>\n<strong>Taille des mailles du gril : <\/strong>Diam\u00e8tre 290 mm<br \/>\n<strong>Pouvoir: <\/strong>2200w<br \/>\n<strong>Taille du trou : <\/strong>Diam\u00e8tre 355 mm<\/p>\n<p><strong>Mat\u00e9riel: <\/strong>Acier inoxydable<\/p>","protected":false},"excerpt":{"rendered":"<p><strong>ID du produit\u00a0:<\/strong> HP-ER395<\/p>\n<p>Ce mod\u00e8le est recommand\u00e9 pour les tuyaux d&#039;\u00e9chappement sup\u00e9rieurs et inf\u00e9rieurs et le bac \u00e0 gril en option.<\/p>","protected":false},"featured_media":5136,"template":"","meta":{"_acf_changed":false,"_seopress_robots_primary_cat":"none","_seopress_titles_title":"","_seopress_titles_desc":"","_seopress_robots_index":""},"product_brand":[],"product_cat":[37,36],"product_tag":[],"class_list":{"0":"post-3589","1":"product","2":"type-product","3":"status-publish","4":"has-post-thumbnail","6":"product_cat-bbq-grill","7":"product_cat-electric-bbq-grill","9":"first","10":"instock","11":"shipping-taxable","12":"product-type-simple"},"acf":[],"_links":{"self":[{"href":"https:\/\/hpott.com\/fr\/wp-json\/wp\/v2\/product\/3589","targetHints":{"allow":["GET"]}}],"collection":[{"href":"https:\/\/hpott.com\/fr\/wp-json\/wp\/v2\/product"}],"about":[{"href":"https:\/\/hpott.com\/fr\/wp-json\/wp\/v2\/types\/product"}],"wp:featuredmedia":[{"embeddable":true,"href":"https:\/\/hpott.com\/fr\/wp-json\/wp\/v2\/media\/5136"}],"wp:attachment":[{"href":"https:\/\/hpott.com\/fr\/wp-json\/wp\/v2\/media?parent=3589"}],"wp:term":[{"taxonomy":"product_brand","embeddable":true,"href":"https:\/\/hpott.com\/fr\/wp-json\/wp\/v2\/product_brand?post=3589"},{"taxonomy":"product_cat","embeddable":true,"href":"https:\/\/hpott.com\/fr\/wp-json\/wp\/v2\/product_cat?post=3589"},{"taxonomy":"product_tag","embeddable":true,"href":"https:\/\/hpott.com\/fr\/wp-json\/wp\/v2\/product_tag?post=3589"}],"curies":[{"name":"wp","href":"https:\/\/api.w.org\/{rel}","templated":true}]}}