{"id":3596,"date":"2022-10-21T01:40:13","date_gmt":"2022-10-21T09:40:13","guid":{"rendered":"https:\/\/hpott.com\/?post_type=product&#038;p=3596"},"modified":"2023-07-08T01:10:39","modified_gmt":"2023-07-08T09:10:39","slug":"barbecue-coreen-rond-a-tube-en-cristal-noir-de-2-200-w","status":"publish","type":"product","link":"https:\/\/hpott.com\/fr\/produit\/barbecue-coreen-rond-a-tube-en-cristal-noir-de-2-200-w\/","title":{"rendered":"Barbecue cor\u00e9en Yakiniku rond \u00e0 tube en cristal noir de 2\u00a0200\u00a0W"},"content":{"rendered":"<p><strong>Taille du produit : <\/strong>Diam\u00e8tre 420X380mm<br \/>\n<strong>Taille des mailles du gril : <\/strong>Diam\u00e8tre 290 mm<br \/>\n<strong>Pouvoir: <\/strong>2200w<br \/>\n<strong>Taille du trou : <\/strong>Diam\u00e8tre 380 mm<\/p>\n<p><strong>Mat\u00e9riel: <\/strong>Acier inoxydable<\/p>","protected":false},"excerpt":{"rendered":"<p><strong>ID du produit\u00a0:<\/strong>\u00a0HP-ER420<\/p>\n<p><strong>Couleur: <\/strong>Or rose<\/p>\n<p>Ce style est l&#039;un des plus populaires sur le march\u00e9 et une po\u00eale \u00e0 griller en option.<\/p>","protected":false},"featured_media":5135,"template":"","meta":{"_acf_changed":false,"_seopress_robots_primary_cat":"none","_seopress_titles_title":"","_seopress_titles_desc":"","_seopress_robots_index":""},"product_brand":[],"product_cat":[37,36],"product_tag":[],"class_list":{"0":"post-3596","1":"product","2":"type-product","3":"status-publish","4":"has-post-thumbnail","6":"product_cat-bbq-grill","7":"product_cat-electric-bbq-grill","9":"first","10":"instock","11":"shipping-taxable","12":"product-type-simple"},"acf":[],"_links":{"self":[{"href":"https:\/\/hpott.com\/fr\/wp-json\/wp\/v2\/product\/3596","targetHints":{"allow":["GET"]}}],"collection":[{"href":"https:\/\/hpott.com\/fr\/wp-json\/wp\/v2\/product"}],"about":[{"href":"https:\/\/hpott.com\/fr\/wp-json\/wp\/v2\/types\/product"}],"wp:featuredmedia":[{"embeddable":true,"href":"https:\/\/hpott.com\/fr\/wp-json\/wp\/v2\/media\/5135"}],"wp:attachment":[{"href":"https:\/\/hpott.com\/fr\/wp-json\/wp\/v2\/media?parent=3596"}],"wp:term":[{"taxonomy":"product_brand","embeddable":true,"href":"https:\/\/hpott.com\/fr\/wp-json\/wp\/v2\/product_brand?post=3596"},{"taxonomy":"product_cat","embeddable":true,"href":"https:\/\/hpott.com\/fr\/wp-json\/wp\/v2\/product_cat?post=3596"},{"taxonomy":"product_tag","embeddable":true,"href":"https:\/\/hpott.com\/fr\/wp-json\/wp\/v2\/product_tag?post=3596"}],"curies":[{"name":"wp","href":"https:\/\/api.w.org\/{rel}","templated":true}]}}