{"id":3599,"date":"2022-10-21T01:49:51","date_gmt":"2022-10-21T09:49:51","guid":{"rendered":"https:\/\/hpott.com\/?post_type=product&#038;p=3599"},"modified":"2023-06-15T02:02:12","modified_gmt":"2023-06-15T10:02:12","slug":"barbecue-coreen-sans-fumee-integre-de-3-600-w-avec-purificateur","status":"publish","type":"product","link":"https:\/\/hpott.com\/fr\/produit\/barbecue-coreen-sans-fumee-integre-de-3-600-w-avec-purificateur\/","title":{"rendered":"Barbecue cor\u00e9en sans fum\u00e9e int\u00e9gr\u00e9 de 3\u00a0600\u00a0W avec purificateur"},"content":{"rendered":"<p><strong>Taille du produit : <\/strong>540X380X240mm<br \/>\n<strong>Taille des mailles du gril : <\/strong>460X305mm<br \/>\n<strong>Pouvoir: <\/strong>3600w<br \/>\n<strong>Taille du trou : <\/strong>525X360mm<\/p>\n<p><strong>Mat\u00e9riel: <\/strong>Acier inoxydable<\/p>","protected":false},"excerpt":{"rendered":"<p><strong>ID du produit\u00a0:<\/strong> HP-E540<\/p>\n<p>Ce mod\u00e8le peut \u00eatre r\u00e9alis\u00e9 avec trois types d&#039;\u00e9vacuation des fum\u00e9es et un choix de po\u00eale \u00e0 griller<\/p>","protected":false},"featured_media":5134,"template":"","meta":{"_acf_changed":false,"_seopress_robots_primary_cat":"none","_seopress_titles_title":"","_seopress_titles_desc":"","_seopress_robots_index":""},"product_brand":[],"product_cat":[37,36],"product_tag":[],"class_list":{"0":"post-3599","1":"product","2":"type-product","3":"status-publish","4":"has-post-thumbnail","6":"product_cat-bbq-grill","7":"product_cat-electric-bbq-grill","9":"first","10":"instock","11":"shipping-taxable","12":"product-type-simple"},"acf":[],"_links":{"self":[{"href":"https:\/\/hpott.com\/fr\/wp-json\/wp\/v2\/product\/3599","targetHints":{"allow":["GET"]}}],"collection":[{"href":"https:\/\/hpott.com\/fr\/wp-json\/wp\/v2\/product"}],"about":[{"href":"https:\/\/hpott.com\/fr\/wp-json\/wp\/v2\/types\/product"}],"wp:featuredmedia":[{"embeddable":true,"href":"https:\/\/hpott.com\/fr\/wp-json\/wp\/v2\/media\/5134"}],"wp:attachment":[{"href":"https:\/\/hpott.com\/fr\/wp-json\/wp\/v2\/media?parent=3599"}],"wp:term":[{"taxonomy":"product_brand","embeddable":true,"href":"https:\/\/hpott.com\/fr\/wp-json\/wp\/v2\/product_brand?post=3599"},{"taxonomy":"product_cat","embeddable":true,"href":"https:\/\/hpott.com\/fr\/wp-json\/wp\/v2\/product_cat?post=3599"},{"taxonomy":"product_tag","embeddable":true,"href":"https:\/\/hpott.com\/fr\/wp-json\/wp\/v2\/product_tag?post=3599"}],"curies":[{"name":"wp","href":"https:\/\/api.w.org\/{rel}","templated":true}]}}