{"id":3625,"date":"2022-10-21T02:50:22","date_gmt":"2022-10-21T10:50:22","guid":{"rendered":"https:\/\/hpott.com\/?post_type=product&#038;p=3625"},"modified":"2023-06-15T01:25:56","modified_gmt":"2023-06-15T09:25:56","slug":"conception-dun-barbecue-coreen-sans-fumee-et-dune-table-de-fondue-a-usage-commercial","status":"publish","type":"product","link":"https:\/\/hpott.com\/fr\/produit\/conception-dun-barbecue-coreen-sans-fumee-et-dune-table-de-fondue-a-usage-commercial\/","title":{"rendered":"Conception d&#039;une table de barbecue et de fondue cor\u00e9enne sans fum\u00e9e \u00e0 usage commercial"},"content":{"rendered":"<p>Taille du produit<strong>: <\/strong>1300X900X750 (les tailles peuvent \u00eatre personnalis\u00e9es)<br \/>\nPouvoir<strong>: <\/strong>Plaque \u00e0 induction 2000w + grill 2400w<br \/>\nTaille du trou<strong>: <\/strong>705X335mm<\/p>\n<p>Note<strong>: <\/strong>Le mat\u00e9riau de la table, la taille de la table et la couleur de la table, l&#039;\u00e9quipement de fondue chinoise selon vos besoins<\/p>\n<p><img loading=\"lazy\" decoding=\"async\" class=\"size-full wp-image-5696\" src=\"http:\/\/hpott.com\/wp-content\/uploads\/2022\/10\/hotpot-grill-table.webp\" alt=\"conception d&#039;un barbecue cor\u00e9en sans fum\u00e9e et d&#039;une table de fondue \u00e0 usage commercial\" width=\"750\" height=\"2393\" srcset=\"https:\/\/hpott.com\/wp-content\/uploads\/2022\/10\/hotpot-grill-table.webp 750w, https:\/\/hpott.com\/wp-content\/uploads\/2022\/10\/hotpot-grill-table-94x300.webp 94w, https:\/\/hpott.com\/wp-content\/uploads\/2022\/10\/hotpot-grill-table-321x1024.webp 321w, https:\/\/hpott.com\/wp-content\/uploads\/2022\/10\/hotpot-grill-table-481x1536.webp 481w, https:\/\/hpott.com\/wp-content\/uploads\/2022\/10\/hotpot-grill-table-642x2048.webp 642w, https:\/\/hpott.com\/wp-content\/uploads\/2022\/10\/hotpot-grill-table-600x1914.webp 600w, https:\/\/hpott.com\/wp-content\/uploads\/2022\/10\/hotpot-grill-table-64x204.webp 64w\" sizes=\"auto, (max-width: 750px) 100vw, 750px\" \/><\/p>\n<p><img loading=\"lazy\" decoding=\"async\" class=\"size-full wp-image-5697\" src=\"http:\/\/hpott.com\/wp-content\/uploads\/2022\/10\/hotpot-grill-table-1.webp\" alt=\"conception d&#039;un barbecue cor\u00e9en sans fum\u00e9e et d&#039;une table de fondue \u00e0 usage commercial\" width=\"750\" height=\"2227\" srcset=\"https:\/\/hpott.com\/wp-content\/uploads\/2022\/10\/hotpot-grill-table-1.webp 750w, https:\/\/hpott.com\/wp-content\/uploads\/2022\/10\/hotpot-grill-table-1-101x300.webp 101w, https:\/\/hpott.com\/wp-content\/uploads\/2022\/10\/hotpot-grill-table-1-345x1024.webp 345w, https:\/\/hpott.com\/wp-content\/uploads\/2022\/10\/hotpot-grill-table-1-517x1536.webp 517w, https:\/\/hpott.com\/wp-content\/uploads\/2022\/10\/hotpot-grill-table-1-690x2048.webp 690w, https:\/\/hpott.com\/wp-content\/uploads\/2022\/10\/hotpot-grill-table-1-600x1782.webp 600w, https:\/\/hpott.com\/wp-content\/uploads\/2022\/10\/hotpot-grill-table-1-64x190.webp 64w\" sizes=\"auto, (max-width: 750px) 100vw, 750px\" \/><\/p>","protected":false},"excerpt":{"rendered":"<p><strong>ID du produit<\/strong>: HP-C02<\/p>\n<p><strong>\u3010Mat\u00e9riel\u3011<\/strong>\uff1amarbre envelopp\u00e9 d&#039;acier inoxydable + base cuite en acier inoxydable<\/p>\n<p><strong>\u3010Fonctionnalit\u00e9\u3011<\/strong>\uff1a sans fum\u00e9e, haute puissance, chargeur USB en option, interrupteur int\u00e9gr\u00e9, conception 2 en 1<\/p>","protected":false},"featured_media":5095,"template":"","meta":{"_acf_changed":false,"_seopress_robots_primary_cat":"none","_seopress_titles_title":"","_seopress_titles_desc":"","_seopress_robots_index":""},"product_brand":[],"product_cat":[40,30,33],"product_tag":[],"class_list":{"0":"post-3625","1":"product","2":"type-product","3":"status-publish","4":"has-post-thumbnail","6":"product_cat-korean-bbq-grill-table","7":"product_cat-hot-pot-table","8":"product_cat-hot-pot-and-bbq-table","10":"first","11":"instock","12":"shipping-taxable","13":"product-type-simple"},"acf":[],"_links":{"self":[{"href":"https:\/\/hpott.com\/fr\/wp-json\/wp\/v2\/product\/3625","targetHints":{"allow":["GET"]}}],"collection":[{"href":"https:\/\/hpott.com\/fr\/wp-json\/wp\/v2\/product"}],"about":[{"href":"https:\/\/hpott.com\/fr\/wp-json\/wp\/v2\/types\/product"}],"wp:featuredmedia":[{"embeddable":true,"href":"https:\/\/hpott.com\/fr\/wp-json\/wp\/v2\/media\/5095"}],"wp:attachment":[{"href":"https:\/\/hpott.com\/fr\/wp-json\/wp\/v2\/media?parent=3625"}],"wp:term":[{"taxonomy":"product_brand","embeddable":true,"href":"https:\/\/hpott.com\/fr\/wp-json\/wp\/v2\/product_brand?post=3625"},{"taxonomy":"product_cat","embeddable":true,"href":"https:\/\/hpott.com\/fr\/wp-json\/wp\/v2\/product_cat?post=3625"},{"taxonomy":"product_tag","embeddable":true,"href":"https:\/\/hpott.com\/fr\/wp-json\/wp\/v2\/product_tag?post=3625"}],"curies":[{"name":"wp","href":"https:\/\/api.w.org\/{rel}","templated":true}]}}